{"id":1236,"date":"2020-01-19T21:24:25","date_gmt":"2020-01-19T21:24:25","guid":{"rendered":"https:\/\/simicur.dalphes.com\/?page_id=1236"},"modified":"2020-01-19T21:24:25","modified_gmt":"2020-01-19T21:24:25","slug":"osteochondrose-oc-und-ocd","status":"publish","type":"page","link":"https:\/\/simicur.com\/de\/lexikon-erkrankungen-und-behandlungen\/erkrankungen-pferd-pony\/osteochondrose-oc-und-ocd\/","title":{"rendered":"Osteochondrose (OC und OCD)"},"content":{"rendered":"<p><strong>Die hom\u00f6opathische Behandlung von <\/strong><strong>Osteochondrose (OC und OCD)<\/strong><strong> beim Pferd<\/strong><br \/>\nOsteochondrose ist eine Entwicklungsst\u00f6rung der Gelenkknorpel, haupts\u00e4chlich in den Beingelenken (Ellenbogen, Sprung, Knie und Fessel) vorkommend. Der Gelenkknorpel hat eine unregelm\u00e4\u00dfige Struktur\/Dichte und\/oder Risse. Dadurch k\u00f6nnen sich unter Belastung Knorpelst\u00fcckchen l\u00f6sen (Oseochondrosis dissecans = OCD). Osteochondrose entsteht schon w\u00e4hrend des ersten Lebensjahres oder das Tier kann damit geboren werden. W\u00e4hrend des ersten Lebensjahres ist eine Heilung gut m\u00f6glich, erst ab einem Alter von 18 Monaten ist die Heilung schwierig.<\/p>\n<p>Die Ursache findet man im schnellen Wachstum, zu wenig Bewegung w\u00e4hrend der Aufzucht, F\u00fctterungsfaktoren (\u00dcberma\u00df an Kohlenhydraten und ein falsches Kalzium\/Phosphor Verh\u00e4ltnis), Dysbalance im Insulin und eine erh\u00f6hte Menge des Schilddr\u00fcsenhormons (T4) im Blut, Verdrehung des Gelenkes, erbliche Faktoren.<\/p>\n<p><strong>Krankheitsbild:<\/strong> Osteochondrose kann ohne Symptome verlaufen und \u00e4u\u00dfert sich im jungen Alter durch ein verdicktes Gelenk. Das f\u00fchrt nicht immer zu Lahmheit, aber es ist unklar, wie es sich in der Zukunft entwickelt. Wenn ein loser Knorpel (Chip) vorhanden ist, dann kann dieser, abh\u00e4ngig von der Lage, zu einer gravierenden Lahmheit f\u00fchren. Diese Lahmheit entsteht meistens pl\u00f6tzlich und ist nach einer Ruheperiode wieder weg. Wird dann wieder gearbeitet, tritt nach einiger Zeit dieselbe Lahmheit pl\u00f6tzlich wieder auf.<\/p>\n<p><strong>Behandlung:<\/strong> Osteochondrose kann hom\u00f6opathisch mit <u><a href=\"https:\/\/simicur.com\/de\/homeopathische-medicijnen\/osteocur-100-ml.html\">osteocur<\/a><\/u> behandelt werden, in Kombination mit Massagen mit <u><a href=\"http:\/\/simicur.com\/de\/tendogel.html\">tendogel<\/a><\/u>. Einen losen Knorpel (OCD) sollte man am besten operativ entfernen. Danach kann die Nachbehandlung mit <u><a href=\"https:\/\/simicur.com\/de\/homeopathische-medicijnen\/osteocur-100-ml.html\">osteocur<\/a><\/u> stattfinden.<\/p>\n","protected":false},"excerpt":{"rendered":"<p>Die hom\u00f6opathische Behandlung von Osteochondrose (OC und OCD) beim Pferd  [&#8230;]<\/p>\n","protected":false},"author":1,"featured_media":0,"parent":1187,"menu_order":0,"comment_status":"closed","ping_status":"closed","template":"","meta":{"footnotes":""},"class_list":["post-1236","page","type-page","status-publish","hentry"],"_links":{"self":[{"href":"https:\/\/simicur.com\/de\/wp-json\/wp\/v2\/pages\/1236","targetHints":{"allow":["GET"]}}],"collection":[{"href":"https:\/\/simicur.com\/de\/wp-json\/wp\/v2\/pages"}],"about":[{"href":"https:\/\/simicur.com\/de\/wp-json\/wp\/v2\/types\/page"}],"author":[{"embeddable":true,"href":"https:\/\/simicur.com\/de\/wp-json\/wp\/v2\/users\/1"}],"replies":[{"embeddable":true,"href":"https:\/\/simicur.com\/de\/wp-json\/wp\/v2\/comments?post=1236"}],"version-history":[{"count":1,"href":"https:\/\/simicur.com\/de\/wp-json\/wp\/v2\/pages\/1236\/revisions"}],"predecessor-version":[{"id":1237,"href":"https:\/\/simicur.com\/de\/wp-json\/wp\/v2\/pages\/1236\/revisions\/1237"}],"up":[{"embeddable":true,"href":"https:\/\/simicur.com\/de\/wp-json\/wp\/v2\/pages\/1187"}],"wp:attachment":[{"href":"https:\/\/simicur.com\/de\/wp-json\/wp\/v2\/media?parent=1236"}],"curies":[{"name":"wp","href":"https:\/\/api.w.org\/{rel}","templated":true}]}}