{"id":1238,"date":"2020-01-19T21:24:53","date_gmt":"2020-01-19T21:24:53","guid":{"rendered":"https:\/\/simicur.dalphes.com\/?page_id=1238"},"modified":"2020-01-19T21:24:53","modified_gmt":"2020-01-19T21:24:53","slug":"eierstockzysten","status":"publish","type":"page","link":"https:\/\/simicur.com\/de\/lexikon-erkrankungen-und-behandlungen\/erkrankungen-pferd-pony\/eierstockzysten\/","title":{"rendered":"Eierstockzysten"},"content":{"rendered":"<p><strong>Die hom\u00f6opathische Behandlung von Eierstockzysten beim Pferd<\/strong><br \/>\nEierst\u00f6cke mit Follikelzysten und Gelbk\u00f6rper (corpus lutea). Die Ursache liegt h\u00e4ufig in einem gest\u00f6rten Hormonhaushalt infolge von Stress oder Geb\u00e4rmutterentz\u00fcndung. Die Eierst\u00f6cke schmerzen sehr und der Schmerz strahlt in den R\u00fccken und in den Bereich der Lenden aus. Diese Pferde lassen sich schlecht satteln und neigen zum bocken, besonders beim galoppieren. Die Rosse bleibt meistens aus.<\/p>\n<p><strong>Behandlung:<\/strong> Hom\u00f6opathisch sind diese Pferde mit <u><a href=\"https:\/\/simicur.com\/de\/homeopathische-medicijnen\/bronscur-100-ml.html\">bronscur<\/a><\/u> zu behandeln. Mittels Lasertherapie k\u00f6nnen die Schmerzen behandelt werden.<\/p>\n","protected":false},"excerpt":{"rendered":"<p>Die hom\u00f6opathische Behandlung von Eierstockzysten beim Pferd Eierst\u00f6cke mit Follikelzysten  [&#8230;]<\/p>\n","protected":false},"author":1,"featured_media":0,"parent":1187,"menu_order":0,"comment_status":"closed","ping_status":"closed","template":"","meta":{"footnotes":""},"class_list":["post-1238","page","type-page","status-publish","hentry"],"_links":{"self":[{"href":"https:\/\/simicur.com\/de\/wp-json\/wp\/v2\/pages\/1238","targetHints":{"allow":["GET"]}}],"collection":[{"href":"https:\/\/simicur.com\/de\/wp-json\/wp\/v2\/pages"}],"about":[{"href":"https:\/\/simicur.com\/de\/wp-json\/wp\/v2\/types\/page"}],"author":[{"embeddable":true,"href":"https:\/\/simicur.com\/de\/wp-json\/wp\/v2\/users\/1"}],"replies":[{"embeddable":true,"href":"https:\/\/simicur.com\/de\/wp-json\/wp\/v2\/comments?post=1238"}],"version-history":[{"count":1,"href":"https:\/\/simicur.com\/de\/wp-json\/wp\/v2\/pages\/1238\/revisions"}],"predecessor-version":[{"id":1239,"href":"https:\/\/simicur.com\/de\/wp-json\/wp\/v2\/pages\/1238\/revisions\/1239"}],"up":[{"embeddable":true,"href":"https:\/\/simicur.com\/de\/wp-json\/wp\/v2\/pages\/1187"}],"wp:attachment":[{"href":"https:\/\/simicur.com\/de\/wp-json\/wp\/v2\/media?parent=1238"}],"curies":[{"name":"wp","href":"https:\/\/api.w.org\/{rel}","templated":true}]}}