{"id":1240,"date":"2020-01-19T21:25:18","date_gmt":"2020-01-19T21:25:18","guid":{"rendered":"https:\/\/simicur.dalphes.com\/?page_id=1240"},"modified":"2020-01-19T21:25:18","modified_gmt":"2020-01-19T21:25:18","slug":"ueberempfindlichkeit-gegen-fliegen","status":"publish","type":"page","link":"https:\/\/simicur.com\/de\/lexikon-erkrankungen-und-behandlungen\/erkrankungen-pferd-pony\/ueberempfindlichkeit-gegen-fliegen\/","title":{"rendered":"\u00dcberempfindlichkeit gegen Fliegen"},"content":{"rendered":"<p><strong>Die hom\u00f6opathische Behandlung von \u00dcberempfindlichkeit gegen Fliegen beim Pferd<\/strong><br \/>\nEin Pferd, das \u00fcberempfindlich gegen Fliegen ist, vertr\u00e4gt es nicht, wenn Fliegen auf seinem Fell sitzen. Diese Pferde besitzen eine allergische Konstitution und reagieren oft mit Beulen auf der Haut. Diese Tiere sind f\u00fcr gew\u00f6hnlich auch empfindlich auf den Lungen und haben anf\u00e4llige D\u00e4rme.<\/p>\n<p>Wenn Fliegen im Stall sind, weisen die Pferde ein sehr unruhiges Verhalten auf, h\u00e4ufig in Kombination mit Husten in einer staubigen Umgebung und einer empfindlichen Bauchdecke bei Ber\u00fchrung.<\/p>\n<p><strong>Behandlung:<\/strong> Zweimal t\u00e4glich 30 Tropfen <u><a href=\"https:\/\/simicur.com\/de\/homeopathische-medicijnen\/allergicur-100-ml.html\">allergicur<\/a><\/u> \u00fcber das Futter. <u><a href=\"https:\/\/simicur.com\/de\/kruiden-en-voedersupplementen\/knoblauchgranulat-800gr.html\">knoblauchgranulat<\/a><\/u> und <u><a href=\"https:\/\/simicur.com\/de\/kruiden-en-voedersupplementen\/digesticur.html\">digesticur<\/a><\/u> ebenfalls \u00fcber das Futter.<\/p>\n<p><strong>Achtung:<\/strong> Innerhalb von ein paar Tagen nach Beginn der Behandlung kann es zu einer Erstverschlimmerung kommen, meistens in Form von Beulen \u00fcber den ganzen K\u00f6rper oder das Pferd beginnt zu husten. In solch einem Fall sollte die Behandlung einige Tage ausgesetzt werden, um sie anschlie\u00dfend wieder fortzusetzen. Diese Reaktion ist eine vor\u00fcbergehende Erscheinung.<\/p>\n","protected":false},"excerpt":{"rendered":"<p>Die hom\u00f6opathische Behandlung von \u00dcberempfindlichkeit gegen Fliegen beim Pferd Ein  [&#8230;]<\/p>\n","protected":false},"author":1,"featured_media":0,"parent":1187,"menu_order":0,"comment_status":"closed","ping_status":"closed","template":"","meta":{"footnotes":""},"class_list":["post-1240","page","type-page","status-publish","hentry"],"_links":{"self":[{"href":"https:\/\/simicur.com\/de\/wp-json\/wp\/v2\/pages\/1240","targetHints":{"allow":["GET"]}}],"collection":[{"href":"https:\/\/simicur.com\/de\/wp-json\/wp\/v2\/pages"}],"about":[{"href":"https:\/\/simicur.com\/de\/wp-json\/wp\/v2\/types\/page"}],"author":[{"embeddable":true,"href":"https:\/\/simicur.com\/de\/wp-json\/wp\/v2\/users\/1"}],"replies":[{"embeddable":true,"href":"https:\/\/simicur.com\/de\/wp-json\/wp\/v2\/comments?post=1240"}],"version-history":[{"count":1,"href":"https:\/\/simicur.com\/de\/wp-json\/wp\/v2\/pages\/1240\/revisions"}],"predecessor-version":[{"id":1241,"href":"https:\/\/simicur.com\/de\/wp-json\/wp\/v2\/pages\/1240\/revisions\/1241"}],"up":[{"embeddable":true,"href":"https:\/\/simicur.com\/de\/wp-json\/wp\/v2\/pages\/1187"}],"wp:attachment":[{"href":"https:\/\/simicur.com\/de\/wp-json\/wp\/v2\/media?parent=1240"}],"curies":[{"name":"wp","href":"https:\/\/api.w.org\/{rel}","templated":true}]}}