{"id":1242,"date":"2020-01-19T21:28:53","date_gmt":"2020-01-19T21:28:53","guid":{"rendered":"https:\/\/simicur.dalphes.com\/?page_id=1242"},"modified":"2020-01-19T21:28:53","modified_gmt":"2020-01-19T21:28:53","slug":"sehnenverletzung","status":"publish","type":"page","link":"https:\/\/simicur.com\/de\/lexikon-erkrankungen-und-behandlungen\/erkrankungen-pferd-pony\/sehnenverletzung\/","title":{"rendered":"Sehnenverletzung"},"content":{"rendered":"<p><strong>Die hom\u00f6opathische Behandlung von <\/strong><strong>Sehnenverletzung<\/strong><strong> beim Pferd<\/strong><br \/>\nEine Sehnenverletzung kann aus einer Zerrung oder einer Sehnenruptur (Sehnenriss) bestehen. Anhand der Beschwerden (Schmerz) ist der Unterschied nicht immer leicht festzustellen. Jeder Muskel sitzt mittels einer Sehne fest am Knochen. Das ist festes Gewebe. Im Allgemeinen sitzt das schw\u00e4chste Glied im \u00dcbergang von den Muskeln- zum Sehnengewebe, wo dann auch die meisten Risse auftreten. Am anderen Ende einer Sehne, beim Knochengewebe kann es auch zu einem Riss kommen. Eine weniger schwere Form einer Sehnenverletzung ist die Zerrung. Bei einer Zerrung war die Sehne zeitweise einer zu gro\u00dfen Belastung ausgesetzt. Auch hierbei treten Risse im Sehnengewebe auf, doch ist die Sehne nicht abgetrennt.<\/p>\n<p>Beim Auftreten einer Sehnenverletzung ist eine Kombination von internen und externen Faktoren f\u00fcr das Zustandekommen verantwortlich. M\u00f6gliche interne Risikofaktoren sind schwache Muskeln und Sehnen. Diese sind in keinem guten Zustand, haben zu wenig Kraft entwickelt. Dadurch k\u00f6nnen Verletzungen eher auftreten. Es kann daf\u00fcr verschiedene Ursachen geben: zum Beispiel Krankheit, fr\u00fchere Verletzungen oder anhaltende \u00dcberlastung. Auch \u00dcbergewicht ist ein Risikofaktor f\u00fcr Muskelverletzungen. Externe Faktoren sind Umgebungseinfl\u00fcsse, wie Untergrund, Witterungsbedingungen, Training und Sportausr\u00fcstung.<\/p>\n<p><strong>Krankheitsbild und Behandlung:<\/strong> Bei einer Sehnenruptur (Sehnenriss) kommt es zu einer akuten, massiven Lahmheit. Bei der Zerrung einer Sehne bemerkt man meistens erst die Schwellung, bevor das Pferd lahm geht. Die Diagnose ist durch Abtasten (zusammendr\u00fccken der Sehne) leicht zu stellen. Wenn die Sehne geschwollen und schmerzempfindlich beim Abtasten ist, dann ist die Sehnenverletzung (Ruptur oder Zerrung) noch nicht geheilt und es darf noch nicht mit dem Training begonnen werden. H\u00e4ufig vorkommende Sehnenverletzungen bei Pferden sind:<\/p>\n<p><strong>Zerrung \/ Ruptur des Tendo interosseus:<\/strong> An der R\u00fcckseite des Vorderbeins, ungef\u00e4hr 10 cm unter dem Vorderknie. Das wichtigste Symptom ist eine Verdickung\/ Schwellung im Bereich zwischen der oberfl\u00e4chlichen und tiefen Beugesehne. Das Pferd ist im Allgemeinen nicht oder nur in geringem Ma\u00dfe lahm. Zur Behandlung verabreicht man <u><a href=\"https:\/\/simicur.com\/de\/homeopathische-medicijnen\/tendocur-100-ml.html\">tendocur<\/a><\/u> und massiert mit <u><a href=\"http:\/\/simicur.com\/de\/tendogel.html\">tendogel<\/a><\/u>. Eine Lasertherapie wird in diesen F\u00e4llen den Heilungsprozess beschleunigen.<\/p>\n<p><strong>Zerrung \/ Ruptur der oberfl\u00e4chlichen Beugesehne:<\/strong> Verdickung, bzw. Schwellung an der R\u00fcckseite des Vorderbeins, meistens auf dem halben R\u00f6hrenknochen oder direkt \u00fcber dem Fesselgelenks. Im letzteren Fall spricht man oft auch von einer Gleichbeinverletzung des Fesselgelenks (sesamoiditis). Auch hierbei ist die Massage mit Hilfe von <u><a href=\"http:\/\/simicur.com\/de\/tendogel.html\">tendogel<\/a><\/u> ein wichtiger Bestandteil der Therapie, in Kombination mit viel Schrittarbeit auf hartem Untergrund. Daneben kann man hom\u00f6opathisch mit <u><a href=\"https:\/\/simicur.com\/de\/homeopathische-medicijnen\/tendocur-100-ml.html\">tendocur<\/a><\/u> behandeln.<\/p>\n<p><strong>Zerrung der Knieb\u00e4nder:<\/strong> Hierbei weist das Pferd eine leichte Lahmheit am betreffenden Hinterbein auf. Das Bein wird beim Stehen oft entlastet, wodurch die H\u00fcfte etwas zur verletzten Seite wegsackt (Gegenw\u00e4rtig wird dies als ein Beckenschiefstand angesehen, infolge einer Verdrehung des Ileosakralgelenks. Das ist bei einem Pferd jedoch unm\u00f6glich, weil der anatomische Aufbau dieses K\u00f6rperteils bei einem Pferd eine Dislokation unm\u00f6glich macht). Eine Verletzung der Knieb\u00e4nder behandelt man am besten mittels Lasertherapie in Kombination mit <u><a href=\"https:\/\/simicur.com\/de\/homeopathische-medicijnen\/tendocur-100-ml.html\">tendocur<\/a><\/u>.<\/p>\n","protected":false},"excerpt":{"rendered":"<p>Die hom\u00f6opathische Behandlung von Sehnenverletzung beim Pferd Eine Sehnenverletzung kann  [&#8230;]<\/p>\n","protected":false},"author":1,"featured_media":0,"parent":1187,"menu_order":0,"comment_status":"closed","ping_status":"closed","template":"","meta":{"footnotes":""},"class_list":["post-1242","page","type-page","status-publish","hentry"],"_links":{"self":[{"href":"https:\/\/simicur.com\/de\/wp-json\/wp\/v2\/pages\/1242","targetHints":{"allow":["GET"]}}],"collection":[{"href":"https:\/\/simicur.com\/de\/wp-json\/wp\/v2\/pages"}],"about":[{"href":"https:\/\/simicur.com\/de\/wp-json\/wp\/v2\/types\/page"}],"author":[{"embeddable":true,"href":"https:\/\/simicur.com\/de\/wp-json\/wp\/v2\/users\/1"}],"replies":[{"embeddable":true,"href":"https:\/\/simicur.com\/de\/wp-json\/wp\/v2\/comments?post=1242"}],"version-history":[{"count":1,"href":"https:\/\/simicur.com\/de\/wp-json\/wp\/v2\/pages\/1242\/revisions"}],"predecessor-version":[{"id":1243,"href":"https:\/\/simicur.com\/de\/wp-json\/wp\/v2\/pages\/1242\/revisions\/1243"}],"up":[{"embeddable":true,"href":"https:\/\/simicur.com\/de\/wp-json\/wp\/v2\/pages\/1187"}],"wp:attachment":[{"href":"https:\/\/simicur.com\/de\/wp-json\/wp\/v2\/media?parent=1242"}],"curies":[{"name":"wp","href":"https:\/\/api.w.org\/{rel}","templated":true}]}}