{"id":1244,"date":"2020-01-19T21:29:25","date_gmt":"2020-01-19T21:29:25","guid":{"rendered":"https:\/\/simicur.dalphes.com\/?page_id=1244"},"modified":"2020-01-19T21:29:25","modified_gmt":"2020-01-19T21:29:25","slug":"rosse-nymphomanie","status":"publish","type":"page","link":"https:\/\/simicur.com\/de\/lexikon-erkrankungen-und-behandlungen\/erkrankungen-pferd-pony\/rosse-nymphomanie\/","title":{"rendered":"Rosse, Nymphomanie"},"content":{"rendered":"<p><strong>Die hom\u00f6opathische Behandlung von Rosse \/ Nymphomanie beim Pferd<\/strong><br \/>\nMitunter hat eine Stute mit einem Eierstocktumor einen gest\u00f6rten Zyklus, ist kontinuierlich rossig oder wird \u00fcberhaupt nicht mehr rossig. Der tumor\u00f6s entartete Eierstock kann manchmal sogar m\u00e4nnliche Hormone produzieren, wodurch die Stute Hengstverhalten zeigt und der gesunde Eierstock in seiner Aktivit\u00e4t gehemmt wird. Daneben ist es m\u00f6glich, dass die Gr\u00f6\u00dfe des Tumors schmerzen im Bauch verursacht. Der Tumor kommt am h\u00e4ufigsten im Alter von f\u00fcnf bis neun Jahren vor.<\/p>\n<p>Einige Stuten weisen aufgrund ihres Charakters ein Hengstverhalten auf. Hierbei sieht man keine Abweichungen an den Eierst\u00f6cken oder der Geb\u00e4rmutter. Auch bei extrem rossigem Verhalten der Stute w\u00e4hrend der Rosse werden keine Abweichungen an Eierst\u00f6cken und Geb\u00e4rmutter gefunden. Doch stellt man bei diesen Stuten Schmerzen an Kopf und Hals fest. M\u00f6glicherweise versp\u00fcren sie diesen Schmerz zus\u00e4tzlich gerade w\u00e4hrend der Rosse. Eine erdenkliche Abhilfe ist das Z\u00fcchten von Fohlen, was m\u00f6glich ist, weil keine Probleme mit dem Hormonhaushalt vorhanden sind.<\/p>\n<p><strong>Behandlung:<\/strong> Tumor\u00f6s entartete Eierst\u00f6cke sollten operativ entfernt werden. In allen anderen F\u00e4llen k\u00f6nnen die Stuten mit <u><a href=\"https:\/\/simicur.com\/de\/homeopathische-medicijnen\/bronscur-100-ml.html\">bronscur<\/a><\/u> behandelt werden.<\/p>\n","protected":false},"excerpt":{"rendered":"<p>Die hom\u00f6opathische Behandlung von Rosse \/ Nymphomanie beim Pferd Mitunter  [&#8230;]<\/p>\n","protected":false},"author":1,"featured_media":0,"parent":1187,"menu_order":0,"comment_status":"closed","ping_status":"closed","template":"","meta":{"footnotes":""},"class_list":["post-1244","page","type-page","status-publish","hentry"],"_links":{"self":[{"href":"https:\/\/simicur.com\/de\/wp-json\/wp\/v2\/pages\/1244","targetHints":{"allow":["GET"]}}],"collection":[{"href":"https:\/\/simicur.com\/de\/wp-json\/wp\/v2\/pages"}],"about":[{"href":"https:\/\/simicur.com\/de\/wp-json\/wp\/v2\/types\/page"}],"author":[{"embeddable":true,"href":"https:\/\/simicur.com\/de\/wp-json\/wp\/v2\/users\/1"}],"replies":[{"embeddable":true,"href":"https:\/\/simicur.com\/de\/wp-json\/wp\/v2\/comments?post=1244"}],"version-history":[{"count":1,"href":"https:\/\/simicur.com\/de\/wp-json\/wp\/v2\/pages\/1244\/revisions"}],"predecessor-version":[{"id":1245,"href":"https:\/\/simicur.com\/de\/wp-json\/wp\/v2\/pages\/1244\/revisions\/1245"}],"up":[{"embeddable":true,"href":"https:\/\/simicur.com\/de\/wp-json\/wp\/v2\/pages\/1187"}],"wp:attachment":[{"href":"https:\/\/simicur.com\/de\/wp-json\/wp\/v2\/media?parent=1244"}],"curies":[{"name":"wp","href":"https:\/\/api.w.org\/{rel}","templated":true}]}}