{"id":1246,"date":"2020-01-19T21:29:50","date_gmt":"2020-01-19T21:29:50","guid":{"rendered":"https:\/\/simicur.dalphes.com\/?page_id=1246"},"modified":"2020-01-19T21:29:50","modified_gmt":"2020-01-19T21:29:50","slug":"ueberbein","status":"publish","type":"page","link":"https:\/\/simicur.com\/de\/lexikon-erkrankungen-und-behandlungen\/erkrankungen-pferd-pony\/ueberbein\/","title":{"rendered":"\u00dcberbein"},"content":{"rendered":"<p><strong>Die hom\u00f6opathische Behandlung von \u00dcberbeinen beim Pferd<\/strong><br \/>\n\u00dcberbeine sich Knochenwucherungen am R\u00f6hrenknochen im Vorder- oder Hinterbein, beim Vorderbein meistens an der Innenseite der R\u00f6hre, beim Hinterbein meistens an der Au\u00dfenseite. Sie k\u00f6nnen spontan entstehen, aber auch durch \u00e4u\u00dfere Gewalt.<\/p>\n<p>Spontan, dann befinden sie sich zumeist auf dem \u00dcbergang zwischen dem gro\u00dfen R\u00f6hrenknochen und dem Griffelbein und treten besonders im oberen Drittel der Vorderbeine auf. Die Knochenwucherung f\u00fchlt sich wie eine harte W\u00f6lbung an. Wenn sich das \u00dcberbein mehr nach innen entwickelt, dann kann die Sehne des Hufbeinbeugers daran vorbeischeuern, was eine \u201eBelastungslahmheit\u201c verursachen kann.<\/p>\n<p>Wenn das Bein gesto\u00dfen oder getreten wird, kann es zu einer Besch\u00e4digung der Knochenhaut kommen, wodurch an dieser Stelle ein \u00dcberbein zustande kommen kann. Das Griffelbein kann auch gebrochen sein, denn auch dann bildet sich ein \u00dcberbein. Die Ernsthaftigkeit eines \u00dcberbeins ist abh\u00e4ngig von der Ursache und der Lage.<\/p>\n<p><strong>Krankheitsbild:<\/strong> Zumeist ist ein \u00dcberbein als eine Verdickung entlang des R\u00f6hrenknochens sichtbar. \u00dcberbeine sind Knochenwucherungen und f\u00fchlen sich daher hart an. Meistens tritt ein \u00dcberbein bei jungen, noch im Wachstum stehenden Pferden auf, weil diese Tiere noch eine sehr aktive Knochenhaut haben. Auf allen Knochen k\u00f6nnen Knochenwucherungen entstehen, besonders an den Knochen, die nicht durch Muskeln bedeckt sind. Vor allem bei Arabern sieht man auch Knochenwucherungen am Unterkiefer, m\u00f6glicherweise durch das Sto\u00dfen des Unterkiefers an den Futtertrog verursacht. H\u00e4ufig f\u00fchrt ein \u00dcberbein nicht zu Lahmheit und ist allein ein Sch\u00f6nheitsfehler.<\/p>\n<p><strong>Behandlung:<\/strong> Ein \u00dcberbein kann mit <u><a href=\"https:\/\/simicur.com\/de\/homeopathische-medicijnen\/osteocur-100-ml.html\">osteocur<\/a><\/u> (w\u00e4hrend einiger Monate 2 x t\u00e4glich 30 Tropfen \u00fcber das Futter) in Kombination mit Massagen mit <u><a href=\"http:\/\/simicur.com\/spiergel.html\">spiergel<\/a><\/u> behandelt werden. Wenn das \u00dcberbein empfindlich ist und Lahmheit verursacht, ist eine Lasertherapie geeignet, um den ersten Schmerz zu beseitigen.<\/p>\n","protected":false},"excerpt":{"rendered":"<p>Die hom\u00f6opathische Behandlung von \u00dcberbeinen beim Pferd \u00dcberbeine sich Knochenwucherungen  [&#8230;]<\/p>\n","protected":false},"author":1,"featured_media":0,"parent":1187,"menu_order":0,"comment_status":"closed","ping_status":"closed","template":"","meta":{"footnotes":""},"class_list":["post-1246","page","type-page","status-publish","hentry"],"_links":{"self":[{"href":"https:\/\/simicur.com\/de\/wp-json\/wp\/v2\/pages\/1246","targetHints":{"allow":["GET"]}}],"collection":[{"href":"https:\/\/simicur.com\/de\/wp-json\/wp\/v2\/pages"}],"about":[{"href":"https:\/\/simicur.com\/de\/wp-json\/wp\/v2\/types\/page"}],"author":[{"embeddable":true,"href":"https:\/\/simicur.com\/de\/wp-json\/wp\/v2\/users\/1"}],"replies":[{"embeddable":true,"href":"https:\/\/simicur.com\/de\/wp-json\/wp\/v2\/comments?post=1246"}],"version-history":[{"count":1,"href":"https:\/\/simicur.com\/de\/wp-json\/wp\/v2\/pages\/1246\/revisions"}],"predecessor-version":[{"id":1247,"href":"https:\/\/simicur.com\/de\/wp-json\/wp\/v2\/pages\/1246\/revisions\/1247"}],"up":[{"embeddable":true,"href":"https:\/\/simicur.com\/de\/wp-json\/wp\/v2\/pages\/1187"}],"wp:attachment":[{"href":"https:\/\/simicur.com\/de\/wp-json\/wp\/v2\/media?parent=1246"}],"curies":[{"name":"wp","href":"https:\/\/api.w.org\/{rel}","templated":true}]}}