{"id":1248,"date":"2020-01-19T21:30:14","date_gmt":"2020-01-19T21:30:14","guid":{"rendered":"https:\/\/simicur.dalphes.com\/?page_id=1248"},"modified":"2020-01-19T21:30:14","modified_gmt":"2020-01-19T21:30:14","slug":"pilzinfektion","status":"publish","type":"page","link":"https:\/\/simicur.com\/de\/lexikon-erkrankungen-und-behandlungen\/erkrankungen-pferd-pony\/pilzinfektion\/","title":{"rendered":"Pilzinfektion"},"content":{"rendered":"<p><strong>Die hom\u00f6opathische Behandlung von <\/strong><strong>Pilzinfektion<\/strong><strong> beim Pferd<\/strong><br \/>\nDie am h\u00e4ufigsten vorkommenden Pilzinfektionen bei Pferden sind Microsporum und Trichophyton. Gr\u00f6\u00dftenteils findet man Pilzinfektionen an Kopf, Hals und Brust. In extremen F\u00e4llen kann sich der Pilz \u00fcber den ganzen R\u00fccken ausbreiten. Die ersten Symptome sind aufrecht stehende Haare und Beulen, wonach ein Schuppen der Haut auftritt. Eine Infektion mit Trichophyton verursacht runde, kahle Stellen (= Ringerflechte), wodurch die Haut rosa bis hin zu blutig und schmerzend sein kann. Diese Form ist f\u00fcr den Menschen sehr ansteckend. Eine Pilzinfektion geht meist mit einem leichten Juckreiz einher.<\/p>\n<p><strong>Behandlung:<\/strong> Eine Pilzinfektion ist mit frischem Zitronensaft zu behandeln. Jeden Tag die Haut damit einspr\u00fchen. Daneben sorgt <u><a href=\"https:\/\/simicur.com\/de\/homeopathische-medicijnen\/dermacur-100-ml.html\">dermacur<\/a><\/u> f\u00fcr eine bessere Hautkondition und wirkt reinigend auf den K\u00f6rper.<\/p>\n","protected":false},"excerpt":{"rendered":"<p>Die hom\u00f6opathische Behandlung von Pilzinfektion beim Pferd Die am h\u00e4ufigsten  [&#8230;]<\/p>\n","protected":false},"author":1,"featured_media":0,"parent":1187,"menu_order":0,"comment_status":"closed","ping_status":"closed","template":"","meta":{"footnotes":""},"class_list":["post-1248","page","type-page","status-publish","hentry"],"_links":{"self":[{"href":"https:\/\/simicur.com\/de\/wp-json\/wp\/v2\/pages\/1248","targetHints":{"allow":["GET"]}}],"collection":[{"href":"https:\/\/simicur.com\/de\/wp-json\/wp\/v2\/pages"}],"about":[{"href":"https:\/\/simicur.com\/de\/wp-json\/wp\/v2\/types\/page"}],"author":[{"embeddable":true,"href":"https:\/\/simicur.com\/de\/wp-json\/wp\/v2\/users\/1"}],"replies":[{"embeddable":true,"href":"https:\/\/simicur.com\/de\/wp-json\/wp\/v2\/comments?post=1248"}],"version-history":[{"count":1,"href":"https:\/\/simicur.com\/de\/wp-json\/wp\/v2\/pages\/1248\/revisions"}],"predecessor-version":[{"id":1249,"href":"https:\/\/simicur.com\/de\/wp-json\/wp\/v2\/pages\/1248\/revisions\/1249"}],"up":[{"embeddable":true,"href":"https:\/\/simicur.com\/de\/wp-json\/wp\/v2\/pages\/1187"}],"wp:attachment":[{"href":"https:\/\/simicur.com\/de\/wp-json\/wp\/v2\/media?parent=1248"}],"curies":[{"name":"wp","href":"https:\/\/api.w.org\/{rel}","templated":true}]}}