{"id":1252,"date":"2020-01-19T21:31:06","date_gmt":"2020-01-19T21:31:06","guid":{"rendered":"https:\/\/simicur.dalphes.com\/?page_id=1252"},"modified":"2020-01-19T21:31:06","modified_gmt":"2020-01-19T21:31:06","slug":"speiseroehrenverstopfung","status":"publish","type":"page","link":"https:\/\/simicur.com\/de\/lexikon-erkrankungen-und-behandlungen\/erkrankungen-pferd-pony\/speiseroehrenverstopfung\/","title":{"rendered":"Speiser\u00f6hrenverstopfung"},"content":{"rendered":"<p><strong>Die hom\u00f6opathische Behandlung von Speiser\u00f6hrenverstopfung beim Pferd<\/strong><br \/>\nWenn ein Pferd Futter aufnimmt, wird das Futter zuerst durch die Bakenz\u00e4hne zerkleinert, danach hinuntergeschluckt und gelangt dann durch die Kehle und \u00fcber die Speiser\u00f6hre in den Magen. Wenn das Pferd Schluckbeschwerden hat, dann kann es vorkommen, dass die Futterbrocken direkt hinter der Kehle in der Speiser\u00f6hre stecken bleiben. Bekommt das Pferd Futter, das sehr viel und schnell Feuchtigkeit aufnehmen kann (getrocknete R\u00fcbenschnitzel), dann kann es passieren, dass der Futterbrocken auf halbem Wege und genau vor dem Magen durch den Speichel in der Speiser\u00f6hre so aufgequollen ist, dass er dort stecken bleibt.<\/p>\n<p>Bei einer Speiser\u00f6hrenverstopfung oder bei einer Verkrampfung der Speiser\u00f6hre macht das Pferd w\u00fcrgende Bewegungen und verkrampft dabei den Unterhals. Weiter kommen Speichel, Schaum und\/ oder Futter aus der Nase. Im Allgemeinen treten hierbei keine Koliksymptome auf.<\/p>\n<p><strong>Behandlung:<\/strong> Zun\u00e4chst sollte man probieren, mittels Speiser\u00f6hrenmassage den Futterbrocken weiter durch die Speiser\u00f6hre zu bef\u00f6rdern. Das Pferd sollte sich bewegen, auch das veranlasst das Beheben der Verstopfung. Andernfalls sollte der Futterbrocken mittels einer Sonde (Schlauch) \u00fcber die Nase entfernt werden. Zur Nachbehandlung ist es angebracht <u><a href=\"https:\/\/simicur.com\/de\/homeopathische-medicijnen\/gastricur-100-ml.html\">gastricur<\/a><\/u> zu verabreichen, da schnell eine Schleimhautentz\u00fcndung der Speiser\u00f6hre auftreten kann, was wiederum Anlass zu Speiser\u00f6hrenproblemen geben kann.<\/p>\n","protected":false},"excerpt":{"rendered":"<p>Die hom\u00f6opathische Behandlung von Speiser\u00f6hrenverstopfung beim Pferd Wenn ein Pferd  [&#8230;]<\/p>\n","protected":false},"author":1,"featured_media":0,"parent":1187,"menu_order":0,"comment_status":"closed","ping_status":"closed","template":"","meta":{"footnotes":""},"class_list":["post-1252","page","type-page","status-publish","hentry"],"_links":{"self":[{"href":"https:\/\/simicur.com\/de\/wp-json\/wp\/v2\/pages\/1252","targetHints":{"allow":["GET"]}}],"collection":[{"href":"https:\/\/simicur.com\/de\/wp-json\/wp\/v2\/pages"}],"about":[{"href":"https:\/\/simicur.com\/de\/wp-json\/wp\/v2\/types\/page"}],"author":[{"embeddable":true,"href":"https:\/\/simicur.com\/de\/wp-json\/wp\/v2\/users\/1"}],"replies":[{"embeddable":true,"href":"https:\/\/simicur.com\/de\/wp-json\/wp\/v2\/comments?post=1252"}],"version-history":[{"count":1,"href":"https:\/\/simicur.com\/de\/wp-json\/wp\/v2\/pages\/1252\/revisions"}],"predecessor-version":[{"id":1253,"href":"https:\/\/simicur.com\/de\/wp-json\/wp\/v2\/pages\/1252\/revisions\/1253"}],"up":[{"embeddable":true,"href":"https:\/\/simicur.com\/de\/wp-json\/wp\/v2\/pages\/1187"}],"wp:attachment":[{"href":"https:\/\/simicur.com\/de\/wp-json\/wp\/v2\/media?parent=1252"}],"curies":[{"name":"wp","href":"https:\/\/api.w.org\/{rel}","templated":true}]}}