{"id":1254,"date":"2020-01-19T21:31:40","date_gmt":"2020-01-19T21:31:40","guid":{"rendered":"https:\/\/simicur.dalphes.com\/?page_id=1254"},"modified":"2020-01-19T21:31:40","modified_gmt":"2020-01-19T21:31:40","slug":"spat","status":"publish","type":"page","link":"https:\/\/simicur.com\/de\/lexikon-erkrankungen-und-behandlungen\/erkrankungen-pferd-pony\/spat\/","title":{"rendered":"Spat"},"content":{"rendered":"<p><strong>Die hom\u00f6opathische Behandlung von <\/strong><strong>Spat <\/strong><strong>beim Pferd<\/strong><br \/>\nSpat ist eine Lahmheit des Hinterbeines infolge einer chronischen Gelenkentz\u00fcndung (Arthrose) der unteren Abschnitte des Sprunggelenkes. Die Entz\u00fcndung geht einher mit dem Befall der Gelenkoberfl\u00e4chen, welcher letztendlich zu einer Verdickung auf der Innenseite des Sprunggelenkes f\u00fchrt. Dieser Befall kann zu Knochenwucherungen f\u00fchren, wodurch es zur Verkn\u00f6cherung (Verwachsung) des Sprunggelenkes kommt. Spat kann sich innerhalb von Monaten bilden, die Verkn\u00f6cherung kann aber auch binnen einiger Wochen auftreten. Das Lahmen ist sehr unterschiedlich. Die Beschwerden wechseln von leichter Steifheit bis hin zu einer schweren Lahmheit. Meistens ist die Lahmheit der ersichtlichste und erste Ansatz und beeintr\u00e4chtigt den Lauf der Bewegung (Startlahmheit).<\/p>\n<p>Lange Zeit glaubte man, die Beschwerden seien allein erblich bedingt. Jetzt zeigt es sich, dass eine zu starke Belastung und\/oder eine falsche Belastung infolge einer fehlerhaften Beinstellung, einem verkehrten Aufbau des Sprunggelenkes oder einer abweichenden Ecke im selben Sprunggelenk, zusammen mit der m\u00f6glichen erblichen Veranlagung zu Spat f\u00fchren kann. Das Pferd kann sich auch durch eine Verdrehung oder Vertreten ernsthaft verletzen.<\/p>\n<p>Obwohl die Ver\u00e4nderungen, die in und um das Sprunggelenk auftreten k\u00f6nnen unheilbar sind, kann das Pferd bei zielgerichteter Behandlung in vielen F\u00e4llen noch lange Zeit eingesetzt werden.<\/p>\n<p><strong>Krankheitsbild:<\/strong> Die Lahmheit ist deutlich, direkt nachdem das Pferd nach dem Liegen aufsteht und kennzeichnet sich dadurch, dass es sich nicht belasten will (Belastungslahmheit) und nur schlecht bewegen kann (Bewegungslahmheit). Es beugt das Sprunggelenk weniger, wodurch der Schritt verk\u00fcrzt wird. Das Pferd tritt zu wenig mit dem wunden Bein durch (federt zu wenig in den Gelenken), weil das Bein weniger gut belastet werden kann. In solchen F\u00e4llen huft das Bein laut auf dem Boden auf und die versenen werden weniger belastet.<\/p>\n<p>Manchmal bilden sich soviel neue Knochen, dass es zu einer vollst\u00e4ndigen Verkn\u00f6cherung des Sprunggelenkes kommt. H\u00e4ufig l\u00e4sst das Lahmen dann nach und kann sogar v\u00f6llig verschwinden, da keine Schmerzreize mehr beim aneinander Scheuern der entz\u00fcndeten Gelenkfl\u00e4chen auftreten.<\/p>\n<p><strong>Behandlung:<\/strong> Beim Auftreten der ersten Symptome von Lahmheit ist es wichtig, das Pferd leicht zu arbeiten, in Kombination mit <u><a href=\"https:\/\/simicur.com\/de\/homeopathische-medicijnen\/osteocur-100-ml.html\">osteocur<\/a><\/u> und <u><a href=\"https:\/\/simicur.com\/de\/homeopathische-medicijnen\/arthricur-100-ml.html\">arthricur<\/a><\/u>. Anfangs wirkt <u><a href=\"https:\/\/simicur.com\/de\/kruiden-en-voedersupplementen\/teufelskralle-500gr.html\">teufelskralle<\/a><\/u>, es verringert die Entz\u00fcndungsreaktionen und hat eine schmerzstillende Wirkung.<\/p>\n<p><strong>Achtung:<\/strong> Die Kreuzgalle ist auch eine Entz\u00fcndung des Sprunggelenkes, hier bildet sich ein \u00dcberschuss an Gelenkschmiere, so dass das Gelenk \u00fcberf\u00fcllt ist. Auch hierbei kann das Pferd eine leichte bis schwere Lahmheit aufweisen. Diese Erkrankung behandelt man mittels Lasertherapie in Kombination mit <u><a href=\"https:\/\/simicur.com\/de\/homeopathische-medicijnen\/osteocur-100-ml.html\">osteocur<\/a><\/u>.<\/p>\n","protected":false},"excerpt":{"rendered":"<p>Die hom\u00f6opathische Behandlung von Spat beim Pferd Spat ist eine  [&#8230;]<\/p>\n","protected":false},"author":1,"featured_media":0,"parent":1187,"menu_order":0,"comment_status":"closed","ping_status":"closed","template":"","meta":{"footnotes":""},"class_list":["post-1254","page","type-page","status-publish","hentry"],"_links":{"self":[{"href":"https:\/\/simicur.com\/de\/wp-json\/wp\/v2\/pages\/1254","targetHints":{"allow":["GET"]}}],"collection":[{"href":"https:\/\/simicur.com\/de\/wp-json\/wp\/v2\/pages"}],"about":[{"href":"https:\/\/simicur.com\/de\/wp-json\/wp\/v2\/types\/page"}],"author":[{"embeddable":true,"href":"https:\/\/simicur.com\/de\/wp-json\/wp\/v2\/users\/1"}],"replies":[{"embeddable":true,"href":"https:\/\/simicur.com\/de\/wp-json\/wp\/v2\/comments?post=1254"}],"version-history":[{"count":1,"href":"https:\/\/simicur.com\/de\/wp-json\/wp\/v2\/pages\/1254\/revisions"}],"predecessor-version":[{"id":1255,"href":"https:\/\/simicur.com\/de\/wp-json\/wp\/v2\/pages\/1254\/revisions\/1255"}],"up":[{"embeddable":true,"href":"https:\/\/simicur.com\/de\/wp-json\/wp\/v2\/pages\/1187"}],"wp:attachment":[{"href":"https:\/\/simicur.com\/de\/wp-json\/wp\/v2\/media?parent=1254"}],"curies":[{"name":"wp","href":"https:\/\/api.w.org\/{rel}","templated":true}]}}