{"id":1256,"date":"2020-01-19T21:32:05","date_gmt":"2020-01-19T21:32:05","guid":{"rendered":"https:\/\/simicur.dalphes.com\/?page_id=1256"},"modified":"2020-01-19T21:32:05","modified_gmt":"2020-01-19T21:32:05","slug":"kreuzverschlag-tying-up","status":"publish","type":"page","link":"https:\/\/simicur.com\/de\/lexikon-erkrankungen-und-behandlungen\/erkrankungen-pferd-pony\/kreuzverschlag-tying-up\/","title":{"rendered":"Kreuzverschlag, Tying up"},"content":{"rendered":"<p><strong>Die hom\u00f6opathische Behandlung von Kreuzverschlag beim Pferd<\/strong><br \/>\nKreuzverschlag (Tying up, Montagskrankheit) ist eine St\u00f6rung des Muskelmetabolismus (Muskelstoffwechsel), wobei es infolge einer unvollst\u00e4ndigen Verbrennung (Metabolismus) des in den Muskeln gespeicherten Zuckers (Glycogen) zu Milchs\u00e4ure, zu einer schweren Steifheit der Muskeln kommt. Diese unvollst\u00e4ndige Verbrennung findet in den gro\u00dfen Muskeln des Bewegungsapparates (Ges\u00e4\u00dfmuskeln und Lendenmuskeln) nach einer Ruhephase statt, wobei die gro\u00dfe Menge des gespeicherten Zuckers (Glycogen) nicht vollst\u00e4ndig (aerob) zu Wasser und Kohlens\u00e4ure abgebaut wird, aber unvollst\u00e4ndig (anaerob) zu Milchs\u00e4ure. Weil die Muskelzuckermenge nach einem Ruhetag so gro\u00df ist, vor allem, wenn die Futterportion nicht angeglichen worden ist, baut sich ein sehr gro\u00dfer \u00dcberschuss an Milchs\u00e4ure auf. Das hat zur Folge, dass alle Muskeln stark \u00fcbers\u00e4uern, wodurch schwere Muskelschmerzen- und Steifheit auftreten. In diesem Fall weigert sich das Pferd zu laufen, ist stark verschwitzt, \u00e4ngstlich, hat wei\u00dfe N\u00fcstern, Herz- und Atemfrequenz sind erh\u00f6ht und der Urin ist rotbraun. Das Pferd m\u00f6chte liegen und steht eher nicht auf. Als Komplikation hiervon kann eine Niereninsuffizienz auftreten.<\/p>\n<p>Eine leichtere Form von Kreuzverschlag tritt regelm\u00e4\u00dfig bei Pferden auf, die eine Knieverletzung haben. Wenn der Kreuzverschlag auftritt, ungef\u00e4hr 15-20 Minuten nach Beginn der Arbeit, steht das Pferd mit gekr\u00fcmmten R\u00fccken und ist in der Hinterhand steif. Die Muskeln der Hinterhand sind steif, geschwollen und schmerzend. Die Ursache muss man auch suchen in unregelm\u00e4\u00dfiger Arbeit mit unregelm\u00e4\u00dfiger Belastung (infolge der Knieverletzung) in Kombination mit energiereichem Futter.<\/p>\n<p><strong>Behandlung:<\/strong> Wenn das Pferd anf\u00e4ngt, ungef\u00e4hr eine viertel Stunde nach Beginn der Arbeit langsamer zu laufen und das Atmen schwer f\u00e4llt, muss man sofort mit dem Arbeiten aufh\u00f6ren. Meistens f\u00e4ngt das Pferd dann an sehr stark zu schwitzen, an der Hinterhand oder \u00fcber den ganzen K\u00f6rper. Das Pferd muss so schnell wie m\u00f6glich gew\u00e4rmt werden (Eindecken und\/ oder Solarium). Daneben so schnell wie m\u00f6glich <u><a href=\"https:\/\/simicur.com\/de\/homeopathische-medicijnen\/arthricur-100-ml.html\">arthricur<\/a><\/u> in Kombination mit <u><a href=\"https:\/\/simicur.com\/de\/homeopathische-medicijnen\/traumacur-100-ml.html\">traumacur<\/a><\/u> verabreichen, alle zwei Stunden 2 ml von jeder Tinktur. Zur Nachbehandlung gibt man \u00fcber einige Monate <u><a href=\"https:\/\/simicur.com\/de\/homeopathische-medicijnen\/arthricur-100-ml.html\">arthricur<\/a><\/u> in Kombination mit <u><a href=\"https:\/\/simicur.com\/de\/kruiden-en-voedersupplementen\/digesticur.html\">digesticur<\/a><\/u>. Im sp\u00e4teren Stadium kann es vern\u00fcnftig sein auf <u><a href=\"https:\/\/simicur.com\/de\/homeopathische-medicijnen\/urogenicur-100-ml.html\">urogenicur<\/a><\/u> \u00fcberzugehen, wegen einem m\u00f6glichen Befall der Nieren.<\/p>\n","protected":false},"excerpt":{"rendered":"<p>Die hom\u00f6opathische Behandlung von Kreuzverschlag beim Pferd Kreuzverschlag (Tying up,  [&#8230;]<\/p>\n","protected":false},"author":1,"featured_media":0,"parent":1187,"menu_order":0,"comment_status":"closed","ping_status":"closed","template":"","meta":{"footnotes":""},"class_list":["post-1256","page","type-page","status-publish","hentry"],"_links":{"self":[{"href":"https:\/\/simicur.com\/de\/wp-json\/wp\/v2\/pages\/1256","targetHints":{"allow":["GET"]}}],"collection":[{"href":"https:\/\/simicur.com\/de\/wp-json\/wp\/v2\/pages"}],"about":[{"href":"https:\/\/simicur.com\/de\/wp-json\/wp\/v2\/types\/page"}],"author":[{"embeddable":true,"href":"https:\/\/simicur.com\/de\/wp-json\/wp\/v2\/users\/1"}],"replies":[{"embeddable":true,"href":"https:\/\/simicur.com\/de\/wp-json\/wp\/v2\/comments?post=1256"}],"version-history":[{"count":1,"href":"https:\/\/simicur.com\/de\/wp-json\/wp\/v2\/pages\/1256\/revisions"}],"predecessor-version":[{"id":1257,"href":"https:\/\/simicur.com\/de\/wp-json\/wp\/v2\/pages\/1256\/revisions\/1257"}],"up":[{"embeddable":true,"href":"https:\/\/simicur.com\/de\/wp-json\/wp\/v2\/pages\/1187"}],"wp:attachment":[{"href":"https:\/\/simicur.com\/de\/wp-json\/wp\/v2\/media?parent=1256"}],"curies":[{"name":"wp","href":"https:\/\/api.w.org\/{rel}","templated":true}]}}