{"id":1260,"date":"2020-01-19T21:33:00","date_gmt":"2020-01-19T21:33:00","guid":{"rendered":"https:\/\/simicur.dalphes.com\/?page_id=1260"},"modified":"2020-01-19T21:33:00","modified_gmt":"2020-01-19T21:33:00","slug":"talgdruesen-ueberfuellung-und-entzuendung","status":"publish","type":"page","link":"https:\/\/simicur.com\/de\/lexikon-erkrankungen-und-behandlungen\/erkrankungen-pferd-pony\/talgdruesen-ueberfuellung-und-entzuendung\/","title":{"rendered":"Talgdr\u00fcsen (\u00dcberf\u00fcllung und Entz\u00fcndung)"},"content":{"rendered":"<p><strong>Die hom\u00f6opathische Behandlung Talgdr\u00fcsen (\u00dcberf\u00fcllung und Entz\u00fcndung (Fistel)) beim Pferd<\/strong><br \/>\nTalgdr\u00fcsen sind in der Haut von S\u00e4ugetieren liegende Dr\u00fcsen, die Talg produzieren. Die Talgdr\u00fcsen liegen in der Lederhaut. Sie kommen immer zusammen mit einem H\u00e4rchen vor, ein Haar hat bis zu f\u00fcnf Talgdr\u00fcsen. Der Talg, der durch die Dr\u00fcse produziert wird, lagert sich in der Pore ab, durch die das Haar nach au\u00dfen w\u00e4chst. \u00dcber diese Pore gelangt er auf Haut und Haar. Talgdr\u00fcsen kommen \u00fcber das Fell verbreitet vor. Die W\u00e4nde der Talgdr\u00fcsen enthalten eine Keimzellenschicht, welche immer neue Zellen an der Innenseite der Dr\u00fcse anbringt. Diese Zellen stellen im inneren Talg her. In einem bestimmten Moment zerrei\u00dft die Zelle und der Talg flie\u00dft nach au\u00dfen. Auch die Reste der Zelle werden Teil des Talges. Der Talg wird \u00fcber Haut und Haar verteilt. Talg h\u00e4lt das Haar auf der Oberhaut fettig, so dass dieses mehr Wasser absto\u00dfend ist. Daneben erh\u00f6ht er den Widerstand gegen Krankheitskeime und reizende Stoffe.<\/p>\n<p>Unter Einfluss des physischen Druckes auf die Haut des Pferdes durch den Sattel, in Kombination mit herumrutschen des Sattels, wenn nicht ausreichend mit der Bewegung des Pferdes durch den Reiter mitgegangen wird, k\u00f6nnen die Ausg\u00e4nge der Talgdr\u00fcsen verstopfen. Hierdurch entstehen Verdickungen in der R\u00fcckenhaut, dort wo der Sattel liegt. Diese Verdickungen k\u00f6nnen schmerzen und f\u00fchren zu den so genannten Druckstellen. Bei einem Hund k\u00f6nnen \u00fcberf\u00fcllte Talgdr\u00fcsen entstehen, infolge des Hormonhaushaltes in Kombination mit einer gest\u00f6rten Verdauung.<\/p>\n<p><strong>Behandlung:<\/strong> Eine \u00fcberf\u00fcllte Talgdr\u00fcse darf niemals aufgestochen oder operativ entfernt werden. Das f\u00fchrt h\u00e4ufig zur Entartung der Entz\u00fcndung. Die Massage mit einer fetten Salbe (Simicur <u><a href=\"http:\/\/simicur.com\/de\/wondzalf.html\">wundsalbe<\/a><\/u>) f\u00fchrt schlie\u00dflich dazu, dass die \u00fcberf\u00fcllte Tagdr\u00fcse sich verkleinert. Die Behandlung dauert jedoch einige Zeit. Zur Unterst\u00fctzung der Hautfunktion ist es ratsam, <u><a href=\"https:\/\/simicur.com\/de\/homeopathische-medicijnen\/dermacur-100-ml.html\">dermacur<\/a><\/u> zu verabreichen (zweimal t\u00e4glich 30 Tropen \u00fcber das Futter) und wenn die Talgdr\u00fcse entz\u00fcndet ist, ist <u><a href=\"https:\/\/simicur.com\/de\/homeopathische-medicijnen\/glandulacur-100-ml.html\">glandulacur<\/a><\/u> das geeignete Produkt (zweimal t\u00e4glich 30 Tropfen \u00fcber das Futter).<\/p>\n<p><strong>Achtung:<\/strong> Wenn das Pferd \u00fcberf\u00fcllte Talgdr\u00fcsen unter dem Sattel hat, kann das Problem durch ein Schaffell erleichtert werden, das man unter die Satteldecke legt. Die Wollseite muss auf der Haut liegen, hierdurch entsteht eine leichte Lage zwischen Pferdehaut und Sattel, wodurch Reibung verhindert wird. Ein Schaffell soll niemals als F\u00fcllung dazu dienen, den Druck zu verteilen.<\/p>\n","protected":false},"excerpt":{"rendered":"<p>Die hom\u00f6opathische Behandlung Talgdr\u00fcsen (\u00dcberf\u00fcllung und Entz\u00fcndung (Fistel)) beim Pferd  [&#8230;]<\/p>\n","protected":false},"author":1,"featured_media":0,"parent":1187,"menu_order":0,"comment_status":"closed","ping_status":"closed","template":"","meta":{"footnotes":""},"class_list":["post-1260","page","type-page","status-publish","hentry"],"_links":{"self":[{"href":"https:\/\/simicur.com\/de\/wp-json\/wp\/v2\/pages\/1260","targetHints":{"allow":["GET"]}}],"collection":[{"href":"https:\/\/simicur.com\/de\/wp-json\/wp\/v2\/pages"}],"about":[{"href":"https:\/\/simicur.com\/de\/wp-json\/wp\/v2\/types\/page"}],"author":[{"embeddable":true,"href":"https:\/\/simicur.com\/de\/wp-json\/wp\/v2\/users\/1"}],"replies":[{"embeddable":true,"href":"https:\/\/simicur.com\/de\/wp-json\/wp\/v2\/comments?post=1260"}],"version-history":[{"count":1,"href":"https:\/\/simicur.com\/de\/wp-json\/wp\/v2\/pages\/1260\/revisions"}],"predecessor-version":[{"id":1261,"href":"https:\/\/simicur.com\/de\/wp-json\/wp\/v2\/pages\/1260\/revisions\/1261"}],"up":[{"embeddable":true,"href":"https:\/\/simicur.com\/de\/wp-json\/wp\/v2\/pages\/1187"}],"wp:attachment":[{"href":"https:\/\/simicur.com\/de\/wp-json\/wp\/v2\/media?parent=1260"}],"curies":[{"name":"wp","href":"https:\/\/api.w.org\/{rel}","templated":true}]}}