{"id":1262,"date":"2020-01-19T21:33:27","date_gmt":"2020-01-19T21:33:27","guid":{"rendered":"https:\/\/simicur.dalphes.com\/?page_id=1262"},"modified":"2020-01-19T21:33:27","modified_gmt":"2020-01-19T21:33:27","slug":"mastitis-euterentzuendung","status":"publish","type":"page","link":"https:\/\/simicur.com\/de\/lexikon-erkrankungen-und-behandlungen\/erkrankungen-pferd-pony\/mastitis-euterentzuendung\/","title":{"rendered":"Mastitis, Euterentz\u00fcndung"},"content":{"rendered":"<p><strong>Die hom\u00f6opathische Behandlung von <\/strong><strong>Mastitis \/ Euterentz\u00fcndung<\/strong><strong> beim Pferd<\/strong><br \/>\nMastitis ist eine Entz\u00fcndung des Euters, die \u00fcberwiegend bei s\u00e4ugenden Stuten und kurz nach der Entw\u00f6hnung auftritt. Ab und zu sieht man sie auch bei nicht s\u00e4ugenden oder sogar sehr jungen (J\u00e4hrlingen) Stuten. Eine Euterentz\u00fcndung wird vor allem durch Bakterien verursacht, welche durch den Zitzenkanal in das Euter eindringen.<\/p>\n<p>Die entz\u00fcndete Euterh\u00e4lfte ist geschwollen, schmerzhaft und warm, wodurch die Stuten steif mit den Hinterbeinen gehen. Aus den Zitzen l\u00e4uft eine w\u00e4ssrige bis gr\u00e4uliche Fl\u00fcssigkeit, eventuell r\u00f6tlich durch Blutbeimengung.<\/p>\n<p><strong>Behandlung:<\/strong> Die Entz\u00fcndung wird mit <u><a href=\"https:\/\/simicur.com\/de\/homeopathische-medicijnen\/glandulacur-100-ml.html\">glandulacur<\/a><\/u> behandelt. Um das Euter zu k\u00fchlen und den Schmerz zu beseitigen, wird es mit <u><a href=\"http:\/\/simicur.com\/spiergel.html\">spiergel<\/a><\/u> eingerieben.<\/p>\n","protected":false},"excerpt":{"rendered":"<p>Die hom\u00f6opathische Behandlung von Mastitis \/ Euterentz\u00fcndung beim Pferd Mastitis  [&#8230;]<\/p>\n","protected":false},"author":1,"featured_media":0,"parent":1187,"menu_order":0,"comment_status":"closed","ping_status":"closed","template":"","meta":{"footnotes":""},"class_list":["post-1262","page","type-page","status-publish","hentry"],"_links":{"self":[{"href":"https:\/\/simicur.com\/de\/wp-json\/wp\/v2\/pages\/1262","targetHints":{"allow":["GET"]}}],"collection":[{"href":"https:\/\/simicur.com\/de\/wp-json\/wp\/v2\/pages"}],"about":[{"href":"https:\/\/simicur.com\/de\/wp-json\/wp\/v2\/types\/page"}],"author":[{"embeddable":true,"href":"https:\/\/simicur.com\/de\/wp-json\/wp\/v2\/users\/1"}],"replies":[{"embeddable":true,"href":"https:\/\/simicur.com\/de\/wp-json\/wp\/v2\/comments?post=1262"}],"version-history":[{"count":1,"href":"https:\/\/simicur.com\/de\/wp-json\/wp\/v2\/pages\/1262\/revisions"}],"predecessor-version":[{"id":1263,"href":"https:\/\/simicur.com\/de\/wp-json\/wp\/v2\/pages\/1262\/revisions\/1263"}],"up":[{"embeddable":true,"href":"https:\/\/simicur.com\/de\/wp-json\/wp\/v2\/pages\/1187"}],"wp:attachment":[{"href":"https:\/\/simicur.com\/de\/wp-json\/wp\/v2\/media?parent=1262"}],"curies":[{"name":"wp","href":"https:\/\/api.w.org\/{rel}","templated":true}]}}