{"id":1266,"date":"2020-01-19T21:34:28","date_gmt":"2020-01-19T21:34:28","guid":{"rendered":"https:\/\/simicur.dalphes.com\/?page_id=1266"},"modified":"2020-01-19T21:34:28","modified_gmt":"2020-01-19T21:34:28","slug":"behandlung-von-wunden","status":"publish","type":"page","link":"https:\/\/simicur.com\/de\/lexikon-erkrankungen-und-behandlungen\/erkrankungen-pferd-pony\/behandlung-von-wunden\/","title":{"rendered":"Behandlung von Wunden"},"content":{"rendered":"<p><strong>Die hom\u00f6opathische Behandlung von Wunden beim Pferd<\/strong><br \/>\nEine Wunde ist eine Unterbrechung der normalen Verflechtungen des Gewebes. Es wird unterschieden in geschlossene Wunden (die Haut ist intakt, aber die darunter liegenden Gewebe sind defekt, wie bei Prellungen, Verstauchungen und Frakturen) und offene Wunden (die Haut ist kaputt = oberfl\u00e4chige (Sch\u00fcrf)Wunde und eventuell auch in dem darunter liegenden Gewebe = tiefe Biss- oder Drahtwunde).<\/p>\n<p>Hautwunden entstehen meistens durch Gewalt (Trauma), wie Schnittwunden, Quetschungen, Bisswunden und Risse. Auch Verbrennungen und starke S\u00e4ure k\u00f6nnen Hautwunden verursachen. Das Risiko einer offenen Wunde ist, dass es leicht zu einer bakteriellen Infektion kommen kann. Die Haut hat n\u00e4mlich eine sch\u00fctzende Funktion gegen das Eindringen von krankheitserregenden (roter Strich falsch, Rechtschreibung ist richtig!) Bakterien. Wenn dieser Schutz weg ist, ist der Weg frei f\u00fcr Bakterien, um sich hemmungslos in das tiefer liegende Gewebe zu vermehren (= Infektion). Dies hat zur Folge, dass der K\u00f6rper sich durch Entz\u00fcndungsreaktionen sch\u00fctzt.<\/p>\n<p><strong>Wie behandeln:<\/strong> Die Behandlung der Wunde zielt darauf, dass die Wunde sich so schnell wie m\u00f6glich schlie\u00dft, so dass keine Infektion auftreten kann.<\/p>\n<p><strong>Sch\u00fcrfwunde:<\/strong> Die Wunde reinigen und mehrmals t\u00e4glich mit <u><a href=\"http:\/\/simicur.com\/de\/wundspray.html\">wundspray<\/a><\/u> einspr\u00fchen, eventuell in Kombination mit <u><a href=\"http:\/\/simicur.com\/de\/wondzalf.html\">wundsalbe<\/a><\/u>. Ist die Wunde bereits infiziert, dann ist es sinnvoll, die Wunde ebenfalls mit <u><a href=\"http:\/\/simicur.com\/spiergel.html\">spiergel<\/a><\/u> einzuschmieren, welches in solch einem Fall eine starke und tief in die Haut dringende, desinfizierende und k\u00fchlende Wirkung hat.<\/p>\n<p><strong>Drahtwunde:<\/strong> Das ist fast immer eine komplizierte Wunde, das hei\u00dft, dass die tiefer liegenden Gewebe, wie zum Beispiel Sehnen und B\u00e4nder auch besch\u00e4digt sind. Wenn die Wunde frisch und nicht zu stark verschmutzt ist kann man erw\u00e4gen, diese zu n\u00e4hen. Andernfalls muss die Wunde reichlich mit <u><a href=\"http:\/\/simicur.com\/de\/wondzalf.html\">wundsalbe<\/a><\/u> eingeschmiert und verbunden werden.<\/p>\n<p><strong>Brandwunde:<\/strong> Diese Wunde muss so schnell wie m\u00f6glich gek\u00fchlt werden, indem man die verbrannte Haut dick mit <u><a href=\"http:\/\/simicur.com\/spiergel.html\">spiergel<\/a><\/u> einschmiert. Sp\u00e4ter kann man die Wunde zus\u00e4tzlich mit <u><a href=\"http:\/\/simicur.com\/de\/wundspray.html\">wundspray<\/a><\/u> behandeln.<\/p>\n<p><strong>Achtung:<\/strong> Zur Unterst\u00fctzung der Wundheilung verabreicht man <u><a href=\"https:\/\/simicur.com\/de\/homeopathische-medicijnen\/dermacur-100-ml.html\">dermacur<\/a><\/u>, eventuell in Kombination mit <u><a href=\"https:\/\/simicur.com\/de\/homeopathische-medicijnen\/traumacur-100-ml.html\">traumacur<\/a><\/u>.<\/p>\n","protected":false},"excerpt":{"rendered":"<p>Die hom\u00f6opathische Behandlung von Wunden beim Pferd Eine Wunde ist  [&#8230;]<\/p>\n","protected":false},"author":1,"featured_media":0,"parent":1187,"menu_order":0,"comment_status":"closed","ping_status":"closed","template":"","meta":{"footnotes":""},"class_list":["post-1266","page","type-page","status-publish","hentry"],"_links":{"self":[{"href":"https:\/\/simicur.com\/de\/wp-json\/wp\/v2\/pages\/1266","targetHints":{"allow":["GET"]}}],"collection":[{"href":"https:\/\/simicur.com\/de\/wp-json\/wp\/v2\/pages"}],"about":[{"href":"https:\/\/simicur.com\/de\/wp-json\/wp\/v2\/types\/page"}],"author":[{"embeddable":true,"href":"https:\/\/simicur.com\/de\/wp-json\/wp\/v2\/users\/1"}],"replies":[{"embeddable":true,"href":"https:\/\/simicur.com\/de\/wp-json\/wp\/v2\/comments?post=1266"}],"version-history":[{"count":1,"href":"https:\/\/simicur.com\/de\/wp-json\/wp\/v2\/pages\/1266\/revisions"}],"predecessor-version":[{"id":1267,"href":"https:\/\/simicur.com\/de\/wp-json\/wp\/v2\/pages\/1266\/revisions\/1267"}],"up":[{"embeddable":true,"href":"https:\/\/simicur.com\/de\/wp-json\/wp\/v2\/pages\/1187"}],"wp:attachment":[{"href":"https:\/\/simicur.com\/de\/wp-json\/wp\/v2\/media?parent=1266"}],"curies":[{"name":"wp","href":"https:\/\/api.w.org\/{rel}","templated":true}]}}