{"id":1271,"date":"2020-01-19T21:35:50","date_gmt":"2020-01-19T21:35:50","guid":{"rendered":"https:\/\/simicur.dalphes.com\/?page_id=1271"},"modified":"2020-01-19T21:35:50","modified_gmt":"2020-01-19T21:35:50","slug":"sommerekzem","status":"publish","type":"page","link":"https:\/\/simicur.com\/de\/lexikon-erkrankungen-und-behandlungen\/erkrankungen-pferd-pony\/sommerekzem\/","title":{"rendered":"Sommerekzem"},"content":{"rendered":"<p><strong>Die hom\u00f6opathische Behandlung von <\/strong><strong>Sommerekzem<\/strong><strong> beim Pferd<\/strong><br \/>\nSommerekzem ist eine Reaktion der d\u00fcnn behaarten Haut bei Pferden, wobei das Pferd einen Juckreiz an M\u00e4hne und Schweifwurzel hat. Dieser Juckreiz kommt in verschiedenen Abstufungen vor, von einer Stelle an der M\u00e4hne bis heran an den Unterbauch. Diese Erkrankung kommt nur vor, wenn es warm ist und die Sonne stark strahlt. Ferner ist zu beachten, dass vor allem kaltbl\u00fctige Pferde (Isl\u00e4nder, Fjordpferde, Haflinger, Shetlandponys und Friesen) anf\u00e4llig sind. Obwohl gesagt wird, dass der Juckreiz eine allergische Reaktion auf den Biss einer M\u00fccke (Culicoides) ist, ist es glaubhafter, dass hier die Rede von einer Form von Sonnenbrand ist, was zu Juckreiz f\u00fchrt. Dieser Sonnenbrand kann durch eine allergische Reaktion auf Eiwei\u00dfe im Futter auftreten.<\/p>\n<p>Das Pferd hat Juckreiz an der M\u00e4hne und an der Schweifwurzel und in scheren F\u00e4llen auch am Unterbauch. Beim Sommerekzem sind alle Teile der Haut, die d\u00fcnn behaart sind, befallen. Dadurch wird immer sowohl die M\u00e4hne, als auch die Schweifwurzel gescheuert. Durch das Jucken und das Scheuern werden erst die Haare abbrechen, aber bei starkem Juckreiz scheuert sich das Pferd bis aufs Blut. Dadurch entstehen Krusten und Verletzungen um den M\u00e4hnenkamm und rund um die Schweifwurzel.<\/p>\n<p><strong>Behandlung:<\/strong> Seit der Einf\u00fchrung der so genannten Allergiedecken, mit denen die d\u00fcnn behaarte Haut (M\u00e4hne und Schweif) bedeckt wird, besteht ein wirksamer Schutz des Pferdes gegen den Juckreiz. Das ist freilich keine Behandlung, aber Symptombek\u00e4mpfung. Eine Behandlung muss auf die \u00dcberempfindlichkeit der Haut vor der Sonne gezielt sein. Daf\u00fcr empfehlen wir, dass Pferd arm\/ Gisbert zu f\u00fcttern und <u><a href=\"https:\/\/simicur.com\/de\/kruiden-en-voedersupplementen\/digesticur.html\">digesticur<\/a><\/u> zu verabreichen, um die Eiwei\u00dfverdauung zu optimalisieren. Das Pferd braucht auch viel Bewegung, regelm\u00e4\u00dfige Arbeit. Zur Behandlung der allergischen Konstitution des Pferdes, wodurch es so empfindlich reagiert, verabreicht man <u><a href=\"https:\/\/simicur.com\/de\/homeopathische-medicijnen\/allergicur-100-ml.html\">allergicur<\/a><\/u>. Bei einer leichten Form des Sommerekzems; kann die Haut bei leichtem Juckreiz mit Haut\u00f6l eingeschmiert werden, um den Juckreiz zu lindern und die Haut geschmeidig zu halten.<\/p>\n","protected":false},"excerpt":{"rendered":"<p>Die hom\u00f6opathische Behandlung von Sommerekzem beim Pferd Sommerekzem ist eine  [&#8230;]<\/p>\n","protected":false},"author":1,"featured_media":0,"parent":1187,"menu_order":0,"comment_status":"closed","ping_status":"closed","template":"","meta":{"footnotes":""},"class_list":["post-1271","page","type-page","status-publish","hentry"],"_links":{"self":[{"href":"https:\/\/simicur.com\/de\/wp-json\/wp\/v2\/pages\/1271","targetHints":{"allow":["GET"]}}],"collection":[{"href":"https:\/\/simicur.com\/de\/wp-json\/wp\/v2\/pages"}],"about":[{"href":"https:\/\/simicur.com\/de\/wp-json\/wp\/v2\/types\/page"}],"author":[{"embeddable":true,"href":"https:\/\/simicur.com\/de\/wp-json\/wp\/v2\/users\/1"}],"replies":[{"embeddable":true,"href":"https:\/\/simicur.com\/de\/wp-json\/wp\/v2\/comments?post=1271"}],"version-history":[{"count":1,"href":"https:\/\/simicur.com\/de\/wp-json\/wp\/v2\/pages\/1271\/revisions"}],"predecessor-version":[{"id":1272,"href":"https:\/\/simicur.com\/de\/wp-json\/wp\/v2\/pages\/1271\/revisions\/1272"}],"up":[{"embeddable":true,"href":"https:\/\/simicur.com\/de\/wp-json\/wp\/v2\/pages\/1187"}],"wp:attachment":[{"href":"https:\/\/simicur.com\/de\/wp-json\/wp\/v2\/media?parent=1271"}],"curies":[{"name":"wp","href":"https:\/\/api.w.org\/{rel}","templated":true}]}}