{"id":1273,"date":"2020-01-19T21:37:07","date_gmt":"2020-01-19T21:37:07","guid":{"rendered":"https:\/\/simicur.dalphes.com\/?page_id=1273"},"modified":"2026-02-04T13:05:57","modified_gmt":"2026-02-04T13:05:57","slug":"bestellinformationen","status":"publish","type":"page","link":"https:\/\/simicur.com\/de\/bestellinformationen\/","title":{"rendered":"Bestellinformationen"},"content":{"rendered":"<p>Wir bearbeiten alle Bestellungen mit gro\u00dfer Sorgfalt und bringen die Pakete zweimal pro Woche zur Post. Dadurch ist eine schnelle Lieferung leider nicht immer m\u00f6glich. Vielen Dank f\u00fcr Ihr Verst\u00e4ndnis und Ihre Geduld.<\/p>\n<p>F\u00fcr Bestellungen ben\u00f6tigen Sie keine Registrierung. Sie k\u00f6nnen einkaufen und Produkte in Ihren Warenkorb hinein geben. Wenn Sie zahlen m\u00f6chten, dann klicken Sie auf Ihren Warenkorb und durchlaufen die verschiedenen Schritte!<\/p>\n<p><strong>Wir berechnen keine Versandkosten f\u00fcr Bestellungen \u00fcber 200 Euro.<\/strong><br \/>\n<strong>Wir liefern sowohl in die Niederlande, als auch nach Belgien, Luxemburg, Deutschland, \u00d6sterreich und Schweiz.<\/strong><\/p>\n<p><strong>Deutsche Post (Deutschland, \u00d6sterreich und Schweiz)<\/strong><br \/>\nBis 2 Kilo: \u20ac 6,95<br \/>\nBis 10 Kilo: \u20ac 10,49<br \/>\n&gt; 10 kg: \u20ac 18,99<\/p>\n<p>Zusammen mit den Bestellungen wird die Rechnung im Paket versandt. Der ausstehende Betrag kann auf unsere Bankverbindung \u00fcberwiesen werden:<\/p>\n<p>ING Kontonummer:<br \/>\nSimicur international b.v.<br \/>\nNL65INGB0112857574<\/p>\n<p>BIC nummer:<br \/>\nINGBNL2A<\/p>\n<p>Platzierte Bestellungen werden derzeit jeden Dienstag und Freitag versendet. Bitte ber\u00fccksichtigen Sie dies bei Ihrer Bestellung. Haben Sie Fragen zu einer Bestellung, dann nehmen Sie einfach Kontakt mit uns auf. Dabei ist es f\u00fcr uns hilfreich, wenn Sie Ihre Auftragsnummer zur Hand haben.<\/p>\n<p>Mit freundlichem Gru\u00df,<\/p>\n<p>Simicur International<\/p>\n","protected":false},"excerpt":{"rendered":"<p>Wir bearbeiten alle Bestellungen mit gro\u00dfer Sorgfalt und bringen die  [&#8230;]<\/p>\n","protected":false},"author":1,"featured_media":0,"parent":0,"menu_order":0,"comment_status":"closed","ping_status":"closed","template":"","meta":{"footnotes":""},"class_list":["post-1273","page","type-page","status-publish","hentry"],"_links":{"self":[{"href":"https:\/\/simicur.com\/de\/wp-json\/wp\/v2\/pages\/1273","targetHints":{"allow":["GET"]}}],"collection":[{"href":"https:\/\/simicur.com\/de\/wp-json\/wp\/v2\/pages"}],"about":[{"href":"https:\/\/simicur.com\/de\/wp-json\/wp\/v2\/types\/page"}],"author":[{"embeddable":true,"href":"https:\/\/simicur.com\/de\/wp-json\/wp\/v2\/users\/1"}],"replies":[{"embeddable":true,"href":"https:\/\/simicur.com\/de\/wp-json\/wp\/v2\/comments?post=1273"}],"version-history":[{"count":11,"href":"https:\/\/simicur.com\/de\/wp-json\/wp\/v2\/pages\/1273\/revisions"}],"predecessor-version":[{"id":65988,"href":"https:\/\/simicur.com\/de\/wp-json\/wp\/v2\/pages\/1273\/revisions\/65988"}],"wp:attachment":[{"href":"https:\/\/simicur.com\/de\/wp-json\/wp\/v2\/media?parent=1273"}],"curies":[{"name":"wp","href":"https:\/\/api.w.org\/{rel}","templated":true}]}}