{"id":1281,"date":"2020-01-19T21:45:14","date_gmt":"2020-01-19T21:45:14","guid":{"rendered":"https:\/\/simicur.dalphes.com\/?page_id=1281"},"modified":"2020-01-19T21:45:14","modified_gmt":"2020-01-19T21:45:14","slug":"berner-sennenhund-mit-entzuendungen-rund-um-die-gelenke","status":"publish","type":"page","link":"https:\/\/simicur.com\/de\/fragen-ueber-hunde-und-katzen\/bewegung\/berner-sennenhund-mit-entzuendungen-rund-um-die-gelenke\/","title":{"rendered":"Berner Sennenhund mit Entz\u00fcndungen rund um die Gelenke"},"content":{"rendered":"<p><em>Unser fast 7 Jahre alter Hund hat bis vor 3 Wochen noch nie Probleme gehabt. Sie l\u00e4uft etwas lahm und richtet sich schwer auf. Unser Tierarzt stellte fest, dass es Probleme mit dem rechten Vorderbein gibt und verschrieb Rimadyl. Innerhalb einer Woche wurde es jedoch nicht besser, sondern schlimmer. Alle Beine f\u00fcllten sich mit Fl\u00fcssigkeit, sie wollte \u00fcberhaupt nicht mehr laufen, war tr\u00e4ge und hatte auch 40,5 Grad Fieber. Gegen das \u00d6dem bekommt sie Entw\u00e4sserungsmittel, aber die Fl\u00fcssigkeit sitzt noch rund um ihre Gelenke und sie ist noch immer lahm. Bilder ihrer Vorderbeine und Lungen wiesen auch keine Abweichungen auf. Unser Hund wurde schon krank, obwohl sich die Fl\u00fcssigkeit nur rund um die Gelenke anh\u00e4ufte, sogar ihre Kiefergelenke waren schmerzend. Schlie\u00dflich sind wir zu einem Tierinternisten nach Amsterdam gefahren. Ein Ultraschall ihres Bauches und Fotos ihrer Beine waren gut. Es wurde Blut abgenommen und eine Biopsie ihrer Gelenke gemacht. Inzwischen hat sie Prednison bekommen und das hat gut geholfen. Sogar die Verdickung rund um ihre Gelenke hat abgenommen und unser Hund ist wieder lebendiger. Die Blutuntersuchung hat nichts aufgewiesen, es ist nur eindeutig, dass sie an allen Gelenken Entz\u00fcndungen hat. Niemand wei\u00df, was sie genau hat und wir wollen unseren Hund schnell vom Prednison weg haben. Wissen Sie vielleicht mehr, wir haben geh\u00f6rt, dass Berner Sennenhunde oft etwas Sonderbares haben und dass bei dieser Rasse auch h\u00e4ufig Krebs vorkommt. Ist Ihnen das auch bekannt? <\/em><\/p>\n<p>Nach dem Lesen Ihres Berichtes ist mein erster Eindruck, dass es sich um Borreliose handeln k\u00f6nnte, eine Infektion mit der Borrelia Bakterie, welche durch Zecken \u00fcbertragen worden sein kann (Siehe den Artikel \u00fcber die Lyme-Krankheit auf unserer Seite http:\/\/www.simicur.nl, unter \u201cHunde und Katzen&#8220;). Darum empfehle ich Ihnen, Ihren Hund mittels Laborteste auf Borreliose testen zu lassen.<\/p>\n","protected":false},"excerpt":{"rendered":"<p>Unser fast 7 Jahre alter Hund hat bis vor 3  [&#8230;]<\/p>\n","protected":false},"author":1,"featured_media":0,"parent":1279,"menu_order":0,"comment_status":"closed","ping_status":"closed","template":"","meta":{"footnotes":""},"class_list":["post-1281","page","type-page","status-publish","hentry"],"_links":{"self":[{"href":"https:\/\/simicur.com\/de\/wp-json\/wp\/v2\/pages\/1281","targetHints":{"allow":["GET"]}}],"collection":[{"href":"https:\/\/simicur.com\/de\/wp-json\/wp\/v2\/pages"}],"about":[{"href":"https:\/\/simicur.com\/de\/wp-json\/wp\/v2\/types\/page"}],"author":[{"embeddable":true,"href":"https:\/\/simicur.com\/de\/wp-json\/wp\/v2\/users\/1"}],"replies":[{"embeddable":true,"href":"https:\/\/simicur.com\/de\/wp-json\/wp\/v2\/comments?post=1281"}],"version-history":[{"count":1,"href":"https:\/\/simicur.com\/de\/wp-json\/wp\/v2\/pages\/1281\/revisions"}],"predecessor-version":[{"id":1282,"href":"https:\/\/simicur.com\/de\/wp-json\/wp\/v2\/pages\/1281\/revisions\/1282"}],"up":[{"embeddable":true,"href":"https:\/\/simicur.com\/de\/wp-json\/wp\/v2\/pages\/1279"}],"wp:attachment":[{"href":"https:\/\/simicur.com\/de\/wp-json\/wp\/v2\/media?parent=1281"}],"curies":[{"name":"wp","href":"https:\/\/api.w.org\/{rel}","templated":true}]}}