{"id":1283,"date":"2020-01-19T21:45:40","date_gmt":"2020-01-19T21:45:40","guid":{"rendered":"https:\/\/simicur.dalphes.com\/?page_id=1283"},"modified":"2020-01-19T21:45:40","modified_gmt":"2020-01-19T21:45:40","slug":"deutscher-schaeferhund-mit-knochenkrebs","status":"publish","type":"page","link":"https:\/\/simicur.com\/de\/fragen-ueber-hunde-und-katzen\/bewegung\/deutscher-schaeferhund-mit-knochenkrebs\/","title":{"rendered":"Deutscher Sch\u00e4ferhund mit Knochenkrebs"},"content":{"rendered":"<p><em>Letzte Woche wurde festgestellt, dass mein 6 Jahre alter Deutscher Sch\u00e4ferhund Knochenkrebs haben soll. Auf den R\u00f6ntgenaufnahmen wurde eine wei\u00dfe Substanz im <\/em><em>Knochen des rechten Hinterlaufes gesehen. Die Aufnahmen wurden von meinem Tierarzt an einen spezialisierten Professor gesandt, der sich \u00e4u\u00dferte, dass die Diagnose zu 80% sicher sei. Was f\u00fcr M\u00f6glichkeiten k\u00f6nnen die anderen 20% sein, wenn es sich nicht um Knochenkrebs handelt? Das Tier ist immer noch lebendig, frisst gut, die Lymphdr\u00fcsen sind nicht angeschwollen und sein Fell ist weiterhin gl\u00e4nzend. Er hat keine Schmerzen, aber man sieht schon, dass er immer mehr Beschwerden bekommt, weil er sich nicht mehr auf den rechten Hinterlauf st\u00fctzen kann. K\u00f6nnen Sie mir so schnell wie m\u00f6glich Rat geben, denn ich will nicht warten, bis richtige Schmerzen in Folge einer korrekten Diagnose auftreten. <\/em><\/p>\n<p>Wenn eine Diagnose mit einer Wahrscheinlichkeit von 80% gestellt wird, dann k\u00f6nnen sie davon ausgehen, dass es die richtige Diagnose ist. Sie m\u00fcssen jedoch verstehen, dass die Diagnose nur auf der Basis einer R\u00f6ntgenaufnahme gestellt worden ist. F\u00fcr eine 100% sichere Diagnose ist es n\u00f6tig, dass auch noch Labortests durchgef\u00fchrt werden. F\u00fcr mich scheint das Foto aber so deutlich zu sein, dass eine extra Belastung f\u00fcr den Hund, durch weitere Untersuchungen, nicht vern\u00fcnftig ist. Es scheint mir das Beste zu sein, nach einiger Zeit noch einmal eine R\u00f6ntgenaufnahme machen zu lassen um zu sehen, ob der Tumor aktiv ist. Eine hom\u00f6opathische Behandlung ist leider nicht m\u00f6glich.<\/p>\n","protected":false},"excerpt":{"rendered":"<p>Letzte Woche wurde festgestellt, dass mein 6 Jahre alter Deutscher  [&#8230;]<\/p>\n","protected":false},"author":1,"featured_media":0,"parent":1279,"menu_order":0,"comment_status":"closed","ping_status":"closed","template":"","meta":{"footnotes":""},"class_list":["post-1283","page","type-page","status-publish","hentry"],"_links":{"self":[{"href":"https:\/\/simicur.com\/de\/wp-json\/wp\/v2\/pages\/1283","targetHints":{"allow":["GET"]}}],"collection":[{"href":"https:\/\/simicur.com\/de\/wp-json\/wp\/v2\/pages"}],"about":[{"href":"https:\/\/simicur.com\/de\/wp-json\/wp\/v2\/types\/page"}],"author":[{"embeddable":true,"href":"https:\/\/simicur.com\/de\/wp-json\/wp\/v2\/users\/1"}],"replies":[{"embeddable":true,"href":"https:\/\/simicur.com\/de\/wp-json\/wp\/v2\/comments?post=1283"}],"version-history":[{"count":1,"href":"https:\/\/simicur.com\/de\/wp-json\/wp\/v2\/pages\/1283\/revisions"}],"predecessor-version":[{"id":1284,"href":"https:\/\/simicur.com\/de\/wp-json\/wp\/v2\/pages\/1283\/revisions\/1284"}],"up":[{"embeddable":true,"href":"https:\/\/simicur.com\/de\/wp-json\/wp\/v2\/pages\/1279"}],"wp:attachment":[{"href":"https:\/\/simicur.com\/de\/wp-json\/wp\/v2\/media?parent=1283"}],"curies":[{"name":"wp","href":"https:\/\/api.w.org\/{rel}","templated":true}]}}