{"id":1287,"date":"2020-01-19T21:46:51","date_gmt":"2020-01-19T21:46:51","guid":{"rendered":"https:\/\/simicur.dalphes.com\/?page_id=1287"},"modified":"2020-01-19T21:46:51","modified_gmt":"2020-01-19T21:46:51","slug":"hund-laeuft-hinkend","status":"publish","type":"page","link":"https:\/\/simicur.com\/de\/fragen-ueber-hunde-und-katzen\/bewegung\/hund-laeuft-hinkend\/","title":{"rendered":"Hund l\u00e4uft hinkend"},"content":{"rendered":"<p><em>Ich benutzte f\u00fcr meinen Hund Aranin (Spinnengift) von VSM f\u00fcr seine Vorderbeine. Er lief ordentlich lahm, als wir ihn bekamen. Nach wenigen Akkupunkturbehandlungen (da wir die Ursache nicht finden konnten) und den Aranin oder Aranea K\u00f6rner l\u00e4uft er gut, ohne auch nur noch ein bisschen zu hinken. Jetzt ist das aus dem Handel genommen worden, gibt es eine gute Alternative? <\/em><\/p>\n<p>Ich denke, dass Sie ruhig <u><a href=\"https:\/\/simicur.com\/de\/homeopathische-medicijnen\/osteocur-100-ml.html\">osteocur<\/a><\/u> geben k\u00f6nnen. Das ist ein hom\u00f6opathisches Mittel, welches bei Knochen- und Gelenkproblemen verabreicht wird.<\/p>\n","protected":false},"excerpt":{"rendered":"<p>Ich benutzte f\u00fcr meinen Hund Aranin (Spinnengift) von VSM f\u00fcr  [&#8230;]<\/p>\n","protected":false},"author":1,"featured_media":0,"parent":1279,"menu_order":0,"comment_status":"closed","ping_status":"closed","template":"","meta":{"footnotes":""},"class_list":["post-1287","page","type-page","status-publish","hentry"],"_links":{"self":[{"href":"https:\/\/simicur.com\/de\/wp-json\/wp\/v2\/pages\/1287","targetHints":{"allow":["GET"]}}],"collection":[{"href":"https:\/\/simicur.com\/de\/wp-json\/wp\/v2\/pages"}],"about":[{"href":"https:\/\/simicur.com\/de\/wp-json\/wp\/v2\/types\/page"}],"author":[{"embeddable":true,"href":"https:\/\/simicur.com\/de\/wp-json\/wp\/v2\/users\/1"}],"replies":[{"embeddable":true,"href":"https:\/\/simicur.com\/de\/wp-json\/wp\/v2\/comments?post=1287"}],"version-history":[{"count":1,"href":"https:\/\/simicur.com\/de\/wp-json\/wp\/v2\/pages\/1287\/revisions"}],"predecessor-version":[{"id":1288,"href":"https:\/\/simicur.com\/de\/wp-json\/wp\/v2\/pages\/1287\/revisions\/1288"}],"up":[{"embeddable":true,"href":"https:\/\/simicur.com\/de\/wp-json\/wp\/v2\/pages\/1279"}],"wp:attachment":[{"href":"https:\/\/simicur.com\/de\/wp-json\/wp\/v2\/media?parent=1287"}],"curies":[{"name":"wp","href":"https:\/\/api.w.org\/{rel}","templated":true}]}}