{"id":1289,"date":"2020-01-19T21:47:19","date_gmt":"2020-01-19T21:47:19","guid":{"rendered":"https:\/\/simicur.dalphes.com\/?page_id=1289"},"modified":"2020-01-19T21:47:19","modified_gmt":"2020-01-19T21:47:19","slug":"hund-mit-beginnender-laehmung-der-hinterhand","status":"publish","type":"page","link":"https:\/\/simicur.com\/de\/fragen-ueber-hunde-und-katzen\/bewegung\/hund-mit-beginnender-laehmung-der-hinterhand\/","title":{"rendered":"Hund mit beginnender L\u00e4hmung der Hinterhand"},"content":{"rendered":"<p><em>Ich besitze einen Hund, Kreuzung Labrador\/Rottweiler, 12 Jahre alt. Er leidet unter einer beginnenden L\u00e4hmung der Hinterhand, wobei er vor allen Dingen bei \u201cStillstand\u201d leidet. Ich bin damit beim Tierarzt gewesen und die Diagnose war das Alter, es ist weitgehend wenig dagegen zu machen und es soll immer schlimmer werden. Es wurde an Spondylose gedacht oder R\u00fcckenmarksdegeneration, die regul\u00e4re Tiermedizin kann nicht viel mehr tun als Schmerzstillung. Gibt es eine nat\u00fcrliche Alternative? <\/em><\/p>\n<p>Antwort Sowie Sie es schildern, kann das Problem in der Tat durch Spondylose oder R\u00fcckenmarksdegeneration verursacht worden sein. Das ist in beiden F\u00e4llen hom\u00f6opathisch zu behandeln, mit den Mitteln <u><a href=\"https:\/\/simicur.com\/de\/homeopathische-medicijnen\/osteocur-100-ml.html\">osteocur<\/a><\/u> und <u><a href=\"https:\/\/simicur.com\/de\/homeopathische-medicijnen\/neuralcur-100-ml.html\">neuralcur<\/a><\/u> (d. h., weiteres Fortschreiten aufhalten), 2 x t\u00e4glich 20 Tropfen von jedem Mittel \u00fcber das Futter.<\/p>\n","protected":false},"excerpt":{"rendered":"<p>Ich besitze einen Hund, Kreuzung Labrador\/Rottweiler, 12 Jahre alt. Er  [&#8230;]<\/p>\n","protected":false},"author":1,"featured_media":0,"parent":1279,"menu_order":0,"comment_status":"closed","ping_status":"closed","template":"","meta":{"footnotes":""},"class_list":["post-1289","page","type-page","status-publish","hentry"],"_links":{"self":[{"href":"https:\/\/simicur.com\/de\/wp-json\/wp\/v2\/pages\/1289","targetHints":{"allow":["GET"]}}],"collection":[{"href":"https:\/\/simicur.com\/de\/wp-json\/wp\/v2\/pages"}],"about":[{"href":"https:\/\/simicur.com\/de\/wp-json\/wp\/v2\/types\/page"}],"author":[{"embeddable":true,"href":"https:\/\/simicur.com\/de\/wp-json\/wp\/v2\/users\/1"}],"replies":[{"embeddable":true,"href":"https:\/\/simicur.com\/de\/wp-json\/wp\/v2\/comments?post=1289"}],"version-history":[{"count":1,"href":"https:\/\/simicur.com\/de\/wp-json\/wp\/v2\/pages\/1289\/revisions"}],"predecessor-version":[{"id":1290,"href":"https:\/\/simicur.com\/de\/wp-json\/wp\/v2\/pages\/1289\/revisions\/1290"}],"up":[{"embeddable":true,"href":"https:\/\/simicur.com\/de\/wp-json\/wp\/v2\/pages\/1279"}],"wp:attachment":[{"href":"https:\/\/simicur.com\/de\/wp-json\/wp\/v2\/media?parent=1289"}],"curies":[{"name":"wp","href":"https:\/\/api.w.org\/{rel}","templated":true}]}}