{"id":1291,"date":"2020-01-19T21:47:53","date_gmt":"2020-01-19T21:47:53","guid":{"rendered":"https:\/\/simicur.dalphes.com\/?page_id=1291"},"modified":"2020-01-19T21:47:53","modified_gmt":"2020-01-19T21:47:53","slug":"hund-mit-gerissenen-kniebaendern","status":"publish","type":"page","link":"https:\/\/simicur.com\/de\/fragen-ueber-hunde-und-katzen\/bewegung\/hund-mit-gerissenen-kniebaendern\/","title":{"rendered":"Hund mit gerissenen Knieb\u00e4ndern"},"content":{"rendered":"<p><em>Unser Pudel hat pl\u00f6tzlich starke Schmerzen an seinem (linken) Hinterlauf. Der Tierarzt hat Fotos machen lassen und stellte fest, dass seine Knieb\u00e4nder gerissen sind. Es ist ein sehr aktiver Hund, der w\u00e4hrend des Laufens sehr abrupte Bewegungen macht. Wir haben ein Schmerzmittel bekommen und den Rat, den Hund ungef\u00e4hr drei Wochen lang wenig bewegen zu lassen. Letzteres ist fast nicht m\u00f6glich und wir bezweifeln, ob die Knieb\u00e4nder auf diese Weise gut heilen. Gibt es ein hom\u00f6opathisches Mittel, um den Heilungsprozess zu beschleunigen? <\/em><\/p>\n<p>Wir haben in solchen F\u00e4llen gute Erfahrungen mit dem hom\u00f6opathischen Mittel <u><a href=\"https:\/\/simicur.com\/de\/homeopathische-medicijnen\/tendocur-100-ml.html\">tendocur<\/a><\/u> (2 x t\u00e4glich 20 Tropfen \u00fcber das Futter) und <u><a href=\"http:\/\/simicur.com\/spiergel.html\">spiergel<\/a><\/u>. Das letztere Produkt ist ein Massagegel, welches 1 x pro Tag eingerieben werden muss.<\/p>\n","protected":false},"excerpt":{"rendered":"<p>Unser Pudel hat pl\u00f6tzlich starke Schmerzen an seinem (linken) Hinterlauf.  [&#8230;]<\/p>\n","protected":false},"author":1,"featured_media":0,"parent":1279,"menu_order":0,"comment_status":"closed","ping_status":"closed","template":"","meta":{"footnotes":""},"class_list":["post-1291","page","type-page","status-publish","hentry"],"_links":{"self":[{"href":"https:\/\/simicur.com\/de\/wp-json\/wp\/v2\/pages\/1291","targetHints":{"allow":["GET"]}}],"collection":[{"href":"https:\/\/simicur.com\/de\/wp-json\/wp\/v2\/pages"}],"about":[{"href":"https:\/\/simicur.com\/de\/wp-json\/wp\/v2\/types\/page"}],"author":[{"embeddable":true,"href":"https:\/\/simicur.com\/de\/wp-json\/wp\/v2\/users\/1"}],"replies":[{"embeddable":true,"href":"https:\/\/simicur.com\/de\/wp-json\/wp\/v2\/comments?post=1291"}],"version-history":[{"count":1,"href":"https:\/\/simicur.com\/de\/wp-json\/wp\/v2\/pages\/1291\/revisions"}],"predecessor-version":[{"id":1292,"href":"https:\/\/simicur.com\/de\/wp-json\/wp\/v2\/pages\/1291\/revisions\/1292"}],"up":[{"embeddable":true,"href":"https:\/\/simicur.com\/de\/wp-json\/wp\/v2\/pages\/1279"}],"wp:attachment":[{"href":"https:\/\/simicur.com\/de\/wp-json\/wp\/v2\/media?parent=1291"}],"curies":[{"name":"wp","href":"https:\/\/api.w.org\/{rel}","templated":true}]}}