{"id":1293,"date":"2020-01-19T21:48:22","date_gmt":"2020-01-19T21:48:22","guid":{"rendered":"https:\/\/simicur.dalphes.com\/?page_id=1293"},"modified":"2020-01-19T21:48:22","modified_gmt":"2020-01-19T21:48:22","slug":"jack-russel-mit-hexenschuss-im-nacken","status":"publish","type":"page","link":"https:\/\/simicur.com\/de\/fragen-ueber-hunde-und-katzen\/bewegung\/jack-russel-mit-hexenschuss-im-nacken\/","title":{"rendered":"Jack Russel mit Hexenschuss im Nacken"},"content":{"rendered":"<p><em>Unser Jack Russel R\u00fcde, 4 Jahre alt, ist vor anderthalb Jahren auf den R\u00fccken getreten worden. Es kam zu einer Wirbel- und Nervensch\u00e4digung, es hat schon lange gedauert, bis er wieder der alte war, auch weil er ziemlich muskul\u00f6s ist. Vor gut einer Woche wurde ein Hexenschuss im Nacken festgestellt, er bekam daf\u00fcr eine Injektion und Schmerzmittel, aber die Beschwerden sind wieder da. Welche Behandlung raten Sie mir? <\/em><\/p>\n<p>In solchen F\u00e4llen habe ich die besten Erfahrungen mit Magnetfeldtherapie. Diese Therapie sollte zus\u00e4tzlich durch die hom\u00f6opathischen Mittel <u><a href=\"https:\/\/simicur.com\/de\/homeopathische-medicijnen\/osteocur-100-ml.html\">osteocur<\/a><\/u> und <u><a href=\"https:\/\/simicur.com\/de\/homeopathische-medicijnen\/arthricur-100-ml.html\">arthricur<\/a><\/u> (t\u00e4glich \u00fcber das Futter geben) unterst\u00fctzt werden.<\/p>\n","protected":false},"excerpt":{"rendered":"<p>Unser Jack Russel R\u00fcde, 4 Jahre alt, ist vor anderthalb  [&#8230;]<\/p>\n","protected":false},"author":1,"featured_media":0,"parent":1279,"menu_order":0,"comment_status":"closed","ping_status":"closed","template":"","meta":{"footnotes":""},"class_list":["post-1293","page","type-page","status-publish","hentry"],"_links":{"self":[{"href":"https:\/\/simicur.com\/de\/wp-json\/wp\/v2\/pages\/1293","targetHints":{"allow":["GET"]}}],"collection":[{"href":"https:\/\/simicur.com\/de\/wp-json\/wp\/v2\/pages"}],"about":[{"href":"https:\/\/simicur.com\/de\/wp-json\/wp\/v2\/types\/page"}],"author":[{"embeddable":true,"href":"https:\/\/simicur.com\/de\/wp-json\/wp\/v2\/users\/1"}],"replies":[{"embeddable":true,"href":"https:\/\/simicur.com\/de\/wp-json\/wp\/v2\/comments?post=1293"}],"version-history":[{"count":1,"href":"https:\/\/simicur.com\/de\/wp-json\/wp\/v2\/pages\/1293\/revisions"}],"predecessor-version":[{"id":1294,"href":"https:\/\/simicur.com\/de\/wp-json\/wp\/v2\/pages\/1293\/revisions\/1294"}],"up":[{"embeddable":true,"href":"https:\/\/simicur.com\/de\/wp-json\/wp\/v2\/pages\/1279"}],"wp:attachment":[{"href":"https:\/\/simicur.com\/de\/wp-json\/wp\/v2\/media?parent=1293"}],"curies":[{"name":"wp","href":"https:\/\/api.w.org\/{rel}","templated":true}]}}