{"id":1295,"date":"2020-01-19T21:48:46","date_gmt":"2020-01-19T21:48:46","guid":{"rendered":"https:\/\/simicur.dalphes.com\/?page_id=1295"},"modified":"2020-01-19T21:48:46","modified_gmt":"2020-01-19T21:48:46","slug":"labrador-mit-entzuendeten-schleimbeuteln","status":"publish","type":"page","link":"https:\/\/simicur.com\/de\/fragen-ueber-hunde-und-katzen\/bewegung\/labrador-mit-entzuendeten-schleimbeuteln\/","title":{"rendered":"Labrador mit entz\u00fcndeten Schleimbeuteln"},"content":{"rendered":"<p><em>Unser 10 Monate alter Labrador leidet unter entz\u00fcndeten Schleimbeuteln auf seinen Ellenbogen. Wir bekamen den Rat, ihn langsam hinlegen zu lassen. Aber leider hat nichts geholfen, die Beulen mit Fl\u00fcssigkeit, die an seinen Ellenbogen h\u00e4ngen, blieben genauso gro\u00df. Haben sie vielleicht eine L\u00f6sung? <\/em><\/p>\n<p>Entz\u00fcndete Schleimbeutel sind zu behandeln, indem man die Haut an dieser Stelle mit einer Salbe massiert, die Symphytum enth\u00e4lt. Sie k\u00f6nnen daf\u00fcr Simicur <u><a href=\"http:\/\/simicur.com\/de\/wondzalf.html\">wundsalbe<\/a><\/u> verwenden, t\u00e4glich damit die Ellenbogen einschmieren und massieren.<\/p>\n","protected":false},"excerpt":{"rendered":"<p>Unser 10 Monate alter Labrador leidet unter entz\u00fcndeten Schleimbeuteln auf  [&#8230;]<\/p>\n","protected":false},"author":1,"featured_media":0,"parent":1279,"menu_order":0,"comment_status":"closed","ping_status":"closed","template":"","meta":{"footnotes":""},"class_list":["post-1295","page","type-page","status-publish","hentry"],"_links":{"self":[{"href":"https:\/\/simicur.com\/de\/wp-json\/wp\/v2\/pages\/1295","targetHints":{"allow":["GET"]}}],"collection":[{"href":"https:\/\/simicur.com\/de\/wp-json\/wp\/v2\/pages"}],"about":[{"href":"https:\/\/simicur.com\/de\/wp-json\/wp\/v2\/types\/page"}],"author":[{"embeddable":true,"href":"https:\/\/simicur.com\/de\/wp-json\/wp\/v2\/users\/1"}],"replies":[{"embeddable":true,"href":"https:\/\/simicur.com\/de\/wp-json\/wp\/v2\/comments?post=1295"}],"version-history":[{"count":1,"href":"https:\/\/simicur.com\/de\/wp-json\/wp\/v2\/pages\/1295\/revisions"}],"predecessor-version":[{"id":1296,"href":"https:\/\/simicur.com\/de\/wp-json\/wp\/v2\/pages\/1295\/revisions\/1296"}],"up":[{"embeddable":true,"href":"https:\/\/simicur.com\/de\/wp-json\/wp\/v2\/pages\/1279"}],"wp:attachment":[{"href":"https:\/\/simicur.com\/de\/wp-json\/wp\/v2\/media?parent=1295"}],"curies":[{"name":"wp","href":"https:\/\/api.w.org\/{rel}","templated":true}]}}