{"id":1297,"date":"2020-01-19T21:49:24","date_gmt":"2020-01-19T21:49:24","guid":{"rendered":"https:\/\/simicur.dalphes.com\/?page_id=1297"},"modified":"2020-01-19T21:49:24","modified_gmt":"2020-01-19T21:49:24","slug":"lumbosakrale-instabilitaet","status":"publish","type":"page","link":"https:\/\/simicur.com\/de\/fragen-ueber-hunde-und-katzen\/bewegung\/lumbosakrale-instabilitaet\/","title":{"rendered":"Lumbosakrale Instabilit\u00e4t"},"content":{"rendered":"<div class=\"article-content\">\n<p><em>Unser Hund Zora (American Staffordshire) leidet an lumbosakraler Instabilit\u00e4t. Jetzt habe ich erfahren dass es ein hom\u00f6opathisches Arzneimittel gibt, das die Schmerzen unseres Hundes lindern kann, nur wei\u00df ich nicht welches. K\u00f6nnen sie mir vielleicht helfen und herausbekommen, was das f\u00fcr ein Mittel ist? <\/em><\/p>\n<p>In solchen F\u00e4llen kann man am Besten eine Kombination der hom\u00f6opathischen Mittel <u><a href=\"https:\/\/simicur.com\/de\/homeopathische-medicijnen\/osteocur-100-ml.html\">osteocur<\/a><\/u> (f\u00fcr die Knochen) und <u><a href=\"https:\/\/simicur.com\/de\/homeopathische-medicijnen\/neuralcur-100-ml.html\">neuralcur<\/a><\/u> (f\u00fcr die Nervenbahnen) verabreichen. Von jedem 2 x t\u00e4glich 20 Tropfen \u00fcber das Futter geben.<\/p>\n<\/div>\n","protected":false},"excerpt":{"rendered":"<p>Unser Hund Zora (American Staffordshire) leidet an lumbosakraler Instabilit\u00e4t. Jetzt  [&#8230;]<\/p>\n","protected":false},"author":1,"featured_media":0,"parent":1279,"menu_order":0,"comment_status":"closed","ping_status":"closed","template":"","meta":{"footnotes":""},"class_list":["post-1297","page","type-page","status-publish","hentry"],"_links":{"self":[{"href":"https:\/\/simicur.com\/de\/wp-json\/wp\/v2\/pages\/1297","targetHints":{"allow":["GET"]}}],"collection":[{"href":"https:\/\/simicur.com\/de\/wp-json\/wp\/v2\/pages"}],"about":[{"href":"https:\/\/simicur.com\/de\/wp-json\/wp\/v2\/types\/page"}],"author":[{"embeddable":true,"href":"https:\/\/simicur.com\/de\/wp-json\/wp\/v2\/users\/1"}],"replies":[{"embeddable":true,"href":"https:\/\/simicur.com\/de\/wp-json\/wp\/v2\/comments?post=1297"}],"version-history":[{"count":1,"href":"https:\/\/simicur.com\/de\/wp-json\/wp\/v2\/pages\/1297\/revisions"}],"predecessor-version":[{"id":1298,"href":"https:\/\/simicur.com\/de\/wp-json\/wp\/v2\/pages\/1297\/revisions\/1298"}],"up":[{"embeddable":true,"href":"https:\/\/simicur.com\/de\/wp-json\/wp\/v2\/pages\/1279"}],"wp:attachment":[{"href":"https:\/\/simicur.com\/de\/wp-json\/wp\/v2\/media?parent=1297"}],"curies":[{"name":"wp","href":"https:\/\/api.w.org\/{rel}","templated":true}]}}