{"id":1299,"date":"2020-01-19T21:50:08","date_gmt":"2020-01-19T21:50:08","guid":{"rendered":"https:\/\/simicur.dalphes.com\/?page_id=1299"},"modified":"2020-01-19T21:50:08","modified_gmt":"2020-01-19T21:50:08","slug":"pitbull-mit-schmerzen-bei-bewegung","status":"publish","type":"page","link":"https:\/\/simicur.com\/de\/fragen-ueber-hunde-und-katzen\/bewegung\/pitbull-mit-schmerzen-bei-bewegung\/","title":{"rendered":"Pitbull mit Schmerzen bei Bewegung"},"content":{"rendered":"<p><em>Wir haben einen Pitbullr\u00fcden (kastriert), 13 Jahre alt. Youri ist sehr aktiv und fit, niemals krank und immer fr\u00f6hlich. Wohl bekam er all die Jahre light Futter, anderes Futter erbricht er schnell. Vor drei Tagen hatte er pl\u00f6tzlich Schmerzen beim Bewegen. Er stand mit gew\u00f6lbten R\u00fccken, seinen Kopf hielt er etwas niedriger und jammerte, wenn er sich bewegte. Er liegt jetzt schon den ganzen Tag, denn Bewegung ist Schmerz. Er frisst wohl gut (vorausgesetzt der Napf wird auf Mundh\u00f6he gehalten, pinkeln und H\u00e4ufchen machen geht jedoch, kein Durchfall und kein Erbrechen. Wir sind sofort zum Tierarzt gegangen, der \u00e4u\u00dferlich den Bauch\/ Magengegend abgef\u00fchlt hat. Hier sind keine Abweichungen gefunden worden. Er hat auch kein Fieber. Er hat ein Schmerzmittel (Injektion) bekommen, aber nachdem die Wirkung nachlie\u00df, war es wieder das gleiche. Manchmal geht es kurz ein paar Minuten gut und er l\u00e4uft auch normal, leider nur von kurzer Dauer. Er hat dann richtige Schmerzen und will sich nicht bewegen. Nachdem wir erneut telefonischen Kontakt mit unserem Tierarzt aufgenommen haben, bekommt Youri wieder Schmerzmittel. Diese helfen einigerma\u00dfen (nicht ganz und gar schmerzfrei), und wenn die Wirkung nachl\u00e4sst, ist es wieder das gleiche. Der Tierarzt vermutet, dass es mit seinem R\u00fccken zu tun hat. Muss ich ihn nun auf Schmerzmitteln halten und abwarten oder kann ich noch etwas anderes tun?<\/em><\/p>\n<p>Aus der Entfernung sieht es so aus, dass der Schmerz im Nacken sitzt. M\u00f6glicherweise ist hier die Rede von einem Bandscheibenvorfall im Nackenbereich. In diesem Fall ist es erw\u00fcnscht, mit dem Schmerzmittel weiter zu machen, eventuell in Kombination mit den hom\u00f6opathischen Mitteln <u><a href=\"https:\/\/simicur.com\/de\/homeopathische-medicijnen\/osteocur-100-ml.html\">osteocur<\/a><\/u> und <u><a href=\"https:\/\/simicur.com\/de\/homeopathische-medicijnen\/neuralcur-100-ml.html\">neuralcur<\/a><\/u>.<\/p>\n","protected":false},"excerpt":{"rendered":"<p>Wir haben einen Pitbullr\u00fcden (kastriert), 13 Jahre alt. Youri ist  [&#8230;]<\/p>\n","protected":false},"author":1,"featured_media":0,"parent":1279,"menu_order":0,"comment_status":"closed","ping_status":"closed","template":"","meta":{"footnotes":""},"class_list":["post-1299","page","type-page","status-publish","hentry"],"_links":{"self":[{"href":"https:\/\/simicur.com\/de\/wp-json\/wp\/v2\/pages\/1299","targetHints":{"allow":["GET"]}}],"collection":[{"href":"https:\/\/simicur.com\/de\/wp-json\/wp\/v2\/pages"}],"about":[{"href":"https:\/\/simicur.com\/de\/wp-json\/wp\/v2\/types\/page"}],"author":[{"embeddable":true,"href":"https:\/\/simicur.com\/de\/wp-json\/wp\/v2\/users\/1"}],"replies":[{"embeddable":true,"href":"https:\/\/simicur.com\/de\/wp-json\/wp\/v2\/comments?post=1299"}],"version-history":[{"count":1,"href":"https:\/\/simicur.com\/de\/wp-json\/wp\/v2\/pages\/1299\/revisions"}],"predecessor-version":[{"id":1300,"href":"https:\/\/simicur.com\/de\/wp-json\/wp\/v2\/pages\/1299\/revisions\/1300"}],"up":[{"embeddable":true,"href":"https:\/\/simicur.com\/de\/wp-json\/wp\/v2\/pages\/1279"}],"wp:attachment":[{"href":"https:\/\/simicur.com\/de\/wp-json\/wp\/v2\/media?parent=1299"}],"curies":[{"name":"wp","href":"https:\/\/api.w.org\/{rel}","templated":true}]}}