{"id":1301,"date":"2020-01-19T21:50:39","date_gmt":"2020-01-19T21:50:39","guid":{"rendered":"https:\/\/simicur.dalphes.com\/?page_id=1301"},"modified":"2020-01-19T21:50:39","modified_gmt":"2020-01-19T21:50:39","slug":"spondylose","status":"publish","type":"page","link":"https:\/\/simicur.com\/de\/fragen-ueber-hunde-und-katzen\/bewegung\/spondylose\/","title":{"rendered":"Spondylose"},"content":{"rendered":"<p><em>Bei unserem Hund, einem Cavalier King Charles Spaniel, 5 Jahre alt, wurde Spondylose festgestellt. Als Therapie wurde aufgetragen, lebenslang Metacam und Hernia Vetsem zu verabreichen. Wissen Sie eine andere Therapie? <\/em><\/p>\n<p>Spondylose hei\u00dft, dass Verwachsungen zwischen den Wirbeln (Unterseite der Wirbelk\u00f6rper) aufgetreten sind. Die Ursache hierf\u00fcr ist nicht gut bekannt. Es ist mir in der Praxis aufgefallen, dass Patienten so gut wie immer Probleme mit den Nieren haben. Ich habe deshalb Verbesserungen mit den Mitteln <u><a href=\"https:\/\/simicur.com\/de\/homeopathische-medicijnen\/urogenicur-100-ml.html\">urogenicur<\/a><\/u> in Kombination mit <u><a href=\"https:\/\/simicur.com\/de\/homeopathische-medicijnen\/osteocur-100-ml.html\">osteocur<\/a><\/u> (bei Knochenwucherungen) gesehen. Wenn Sie das ausprobieren wollen, dann geben Sie von beiden Mitteln 2 x t\u00e4glich 25 Tropfen \u00fcber das Futter. Daneben ist es ratsam, leicht verdauliches Futter zu geben (zum Beispiel Lamm &amp; Reis Brocken).<\/p>\n","protected":false},"excerpt":{"rendered":"<p>Bei unserem Hund, einem Cavalier King Charles Spaniel, 5 Jahre  [&#8230;]<\/p>\n","protected":false},"author":1,"featured_media":0,"parent":1279,"menu_order":0,"comment_status":"closed","ping_status":"closed","template":"","meta":{"footnotes":""},"class_list":["post-1301","page","type-page","status-publish","hentry"],"_links":{"self":[{"href":"https:\/\/simicur.com\/de\/wp-json\/wp\/v2\/pages\/1301","targetHints":{"allow":["GET"]}}],"collection":[{"href":"https:\/\/simicur.com\/de\/wp-json\/wp\/v2\/pages"}],"about":[{"href":"https:\/\/simicur.com\/de\/wp-json\/wp\/v2\/types\/page"}],"author":[{"embeddable":true,"href":"https:\/\/simicur.com\/de\/wp-json\/wp\/v2\/users\/1"}],"replies":[{"embeddable":true,"href":"https:\/\/simicur.com\/de\/wp-json\/wp\/v2\/comments?post=1301"}],"version-history":[{"count":1,"href":"https:\/\/simicur.com\/de\/wp-json\/wp\/v2\/pages\/1301\/revisions"}],"predecessor-version":[{"id":1302,"href":"https:\/\/simicur.com\/de\/wp-json\/wp\/v2\/pages\/1301\/revisions\/1302"}],"up":[{"embeddable":true,"href":"https:\/\/simicur.com\/de\/wp-json\/wp\/v2\/pages\/1279"}],"wp:attachment":[{"href":"https:\/\/simicur.com\/de\/wp-json\/wp\/v2\/media?parent=1301"}],"curies":[{"name":"wp","href":"https:\/\/api.w.org\/{rel}","templated":true}]}}