{"id":1306,"date":"2020-01-19T21:52:07","date_gmt":"2020-01-19T21:52:07","guid":{"rendered":"https:\/\/simicur.dalphes.com\/?page_id=1306"},"modified":"2020-01-19T21:52:07","modified_gmt":"2020-01-19T21:52:07","slug":"hund-mit-herzproblem","status":"publish","type":"page","link":"https:\/\/simicur.com\/de\/fragen-ueber-hunde-und-katzen\/zirkulation\/hund-mit-herzproblem\/","title":{"rendered":"Hund mit Herzproblem"},"content":{"rendered":"<p><em>Mein fast 10 Jahre alter Dobermann hat ein Herzproblem. Sein Herz ist zu gro\u00df, er ist \u00fcbel dran und bekommt nun Medizin daf\u00fcr. Kann ich ihm gleichzeitig hom\u00f6opathische Mittel zus\u00e4tzlich geben? <\/em><\/p>\n<p>In Ihrem Fall empfehle ich, die hom\u00f6opathischen Mittel <u><a href=\"https:\/\/simicur.com\/de\/homeopathische-medicijnen\/anemiacur-100-ml.html\">anemiacur<\/a><\/u> und <u><a href=\"https:\/\/simicur.com\/de\/homeopathische-medicijnen\/urogenicur-100-ml.html\">urogenicur<\/a><\/u> anzuwenden (jeweils 2 x t\u00e4glich 20 Tropfen \u00fcber das Futter). Zus\u00e4tzlich k\u00f6nnen Sie Ihrem Hund am besten Seniorbrocken f\u00fcttern. Das alles, um das Herz so viel wie m\u00f6glich zu erleichtern.<\/p>\n","protected":false},"excerpt":{"rendered":"<p>Mein fast 10 Jahre alter Dobermann hat ein Herzproblem. Sein  [&#8230;]<\/p>\n","protected":false},"author":1,"featured_media":0,"parent":1303,"menu_order":0,"comment_status":"closed","ping_status":"closed","template":"","meta":{"footnotes":""},"class_list":["post-1306","page","type-page","status-publish","hentry"],"_links":{"self":[{"href":"https:\/\/simicur.com\/de\/wp-json\/wp\/v2\/pages\/1306","targetHints":{"allow":["GET"]}}],"collection":[{"href":"https:\/\/simicur.com\/de\/wp-json\/wp\/v2\/pages"}],"about":[{"href":"https:\/\/simicur.com\/de\/wp-json\/wp\/v2\/types\/page"}],"author":[{"embeddable":true,"href":"https:\/\/simicur.com\/de\/wp-json\/wp\/v2\/users\/1"}],"replies":[{"embeddable":true,"href":"https:\/\/simicur.com\/de\/wp-json\/wp\/v2\/comments?post=1306"}],"version-history":[{"count":1,"href":"https:\/\/simicur.com\/de\/wp-json\/wp\/v2\/pages\/1306\/revisions"}],"predecessor-version":[{"id":1307,"href":"https:\/\/simicur.com\/de\/wp-json\/wp\/v2\/pages\/1306\/revisions\/1307"}],"up":[{"embeddable":true,"href":"https:\/\/simicur.com\/de\/wp-json\/wp\/v2\/pages\/1303"}],"wp:attachment":[{"href":"https:\/\/simicur.com\/de\/wp-json\/wp\/v2\/media?parent=1306"}],"curies":[{"name":"wp","href":"https:\/\/api.w.org\/{rel}","templated":true}]}}