{"id":1310,"date":"2020-01-19T21:53:21","date_gmt":"2020-01-19T21:53:21","guid":{"rendered":"https:\/\/simicur.dalphes.com\/?page_id=1310"},"modified":"2020-01-19T21:53:21","modified_gmt":"2020-01-19T21:53:21","slug":"dackel-mit-undichter-herzklappe","status":"publish","type":"page","link":"https:\/\/simicur.com\/de\/fragen-ueber-hunde-und-katzen\/zirkulation\/dackel-mit-undichter-herzklappe\/","title":{"rendered":"Dackel mit undichter Herzklappe"},"content":{"rendered":"<p><em>Unser 8 Jahre alter Rauhaardackel hat eine undichte Herzklappe. Sie ist schnell kurzatmig und das hat sich innerhalb von ein paar Wochen schnell verschlechtert. Nach einem kleinem Spaziergang hechelt sie schon. Gibt es etwas auf dem hom\u00f6opathischen Gebiet, wodurch sie sich wom\u00f6glich besser f\u00fchlen kann? Ich habe \u00fcber Crataegus D3 gelesen, kann ich ihr das verabreichen und in welchem Ma\u00dfe?<\/em><\/p>\n<p>Bei Herzproblemen ist Crataegus ein gutes Mittel. Ich empfehle, die D6 Potenz zu nehmen und 3 x t\u00e4glich 10 Tropfen davon zu verabreichen. Parallel dazu ist es ratsam, zus St\u00e4rkung der Kondition auch <u><a href=\"https:\/\/simicur.com\/de\/homeopathische-medicijnen\/anemiacur-100-ml.html\">anemiacur<\/a><\/u> zu verabreichen, 2 x t\u00e4glich 15 Tropfen \u00fcber das Futter.<\/p>\n","protected":false},"excerpt":{"rendered":"<p>Unser 8 Jahre alter Rauhaardackel hat eine undichte Herzklappe. Sie  [&#8230;]<\/p>\n","protected":false},"author":1,"featured_media":0,"parent":1303,"menu_order":0,"comment_status":"closed","ping_status":"closed","template":"","meta":{"footnotes":""},"class_list":["post-1310","page","type-page","status-publish","hentry"],"_links":{"self":[{"href":"https:\/\/simicur.com\/de\/wp-json\/wp\/v2\/pages\/1310","targetHints":{"allow":["GET"]}}],"collection":[{"href":"https:\/\/simicur.com\/de\/wp-json\/wp\/v2\/pages"}],"about":[{"href":"https:\/\/simicur.com\/de\/wp-json\/wp\/v2\/types\/page"}],"author":[{"embeddable":true,"href":"https:\/\/simicur.com\/de\/wp-json\/wp\/v2\/users\/1"}],"replies":[{"embeddable":true,"href":"https:\/\/simicur.com\/de\/wp-json\/wp\/v2\/comments?post=1310"}],"version-history":[{"count":1,"href":"https:\/\/simicur.com\/de\/wp-json\/wp\/v2\/pages\/1310\/revisions"}],"predecessor-version":[{"id":1311,"href":"https:\/\/simicur.com\/de\/wp-json\/wp\/v2\/pages\/1310\/revisions\/1311"}],"up":[{"embeddable":true,"href":"https:\/\/simicur.com\/de\/wp-json\/wp\/v2\/pages\/1303"}],"wp:attachment":[{"href":"https:\/\/simicur.com\/de\/wp-json\/wp\/v2\/media?parent=1310"}],"curies":[{"name":"wp","href":"https:\/\/api.w.org\/{rel}","templated":true}]}}