{"id":1314,"date":"2020-01-19T21:58:07","date_gmt":"2020-01-19T21:58:07","guid":{"rendered":"https:\/\/simicur.dalphes.com\/?page_id=1314"},"modified":"2020-01-19T21:58:07","modified_gmt":"2020-01-19T21:58:07","slug":"american-stafford-mit-juckreiz-und-trockenen-beulen","status":"publish","type":"page","link":"https:\/\/simicur.com\/de\/fragen-ueber-hunde-und-katzen\/haut\/american-stafford-mit-juckreiz-und-trockenen-beulen\/","title":{"rendered":"American Stafford mit Juckreiz und trockenen Beulen"},"content":{"rendered":"<p><em>Wir haben einen American Stafford Terrier, 5 Jahre alt. Sie hat schon seit 4 Jahren Hautprobleme. Wir haben schon viele Tier\u00e4rzt zu Rate gezogen, aber leider kehrte es jedes Mal wieder zur\u00fcck. Es beginnt mit Juckreiz, danach bekommt sie Beulen \u00fcber den ganzen K\u00f6rper. Diese gehen auf, es kommt kein Eiter heraus, aber es woerden runde, rote Stellen mit einem Krustenrand darum herum und vielen Schuppen. Es beginnt an den Pfoten und l\u00e4uft dann \u00fcber den Bauch, Leisten und Achseln hinauf. Zuerst sagte man uns, dass sie eine Futterallergie hat und wir haben auf andere Brocken gewechselt. Zweitens wurde uns erz\u00e4hlt, dass eine Bakterie diesen Ausschlag verursacht hat. Tabletten dagegen helfen gut, aber nach einem halben Jahr bekommt sie ihn wieder, daher m\u00fcssen wir das regelm\u00e4\u00dfig wiederholen. Hiernach sind wir an einen Hom\u00f6opathen gelangt, der sagte, dass sie allergeich gegen Hausmilben ist. Im Februar 2001 haben wir mit hom\u00f6opathischen Mitteln angefangen, in Kombination mit u.a. Hepar sulfuris, Rhus toxicondendron und Pulsatilla. Das haben wir lange Zeit mit einem guten Ergebnis verwendet.<br \/>\nJetzt, 1,5 Jahre sp\u00e4ter sind wir wieder zur\u00fcck am Anfang. Wir sind schon wieder 2 Monate mit extra Arzneimitteln besch\u00e4ftig und es scheint so, dass es immer schlimmer wird. Sie stinkt auch immer mehr und hat auch jedes Mal verdreckte Augen. Wir haben sie vor ungef\u00e4hr einem halben Jahr sterilisieren lassen. Ich habe auf Ihrer Seite einen Artikel \u00fcber Schimmelpilz gelesen und ich finde, dass es sehr stark mit dem \u00fcbereinstimmt, was mein Hund auch hat. Nur wurde sie mehrere Male mit einer Wood-Lampe untersucht und es war nichts zu finden. Sie leidet sehr unter h\u00e4ufigem Juckreiz und sie kratzt \/ bei\u00dft die Stellen bis sie blutig sind kaputt. K\u00f6nnen Sie uns helfen?<\/em><\/p>\n<p>Wenn das Problem durch einen Schimmelpilz verursacht wird, dann k\u00f6nnen Sie die Haut mit frischem Zitronensaft behandeln. Ich bezweifle jedoch, dass es sich hier um eine Schimmelpilzinfektion handelt. Ich finde es ungew\u00f6hnlich, dass Ihr Hund auf Pulsatilla regiert hat und ich frage mich, warum Sie Ihren Hund haben sterilisieren lassen. Ich habe zu viele Fragen, um sofort eine Antwort geben zu k\u00f6nnen, darum schlage ich Ihnen vor, einen Termin zu vereinbaren.<\/p>\n","protected":false},"excerpt":{"rendered":"<p>Wir haben einen American Stafford Terrier, 5 Jahre alt. Sie  [&#8230;]<\/p>\n","protected":false},"author":1,"featured_media":0,"parent":1312,"menu_order":0,"comment_status":"closed","ping_status":"closed","template":"","meta":{"footnotes":""},"class_list":["post-1314","page","type-page","status-publish","hentry"],"_links":{"self":[{"href":"https:\/\/simicur.com\/de\/wp-json\/wp\/v2\/pages\/1314","targetHints":{"allow":["GET"]}}],"collection":[{"href":"https:\/\/simicur.com\/de\/wp-json\/wp\/v2\/pages"}],"about":[{"href":"https:\/\/simicur.com\/de\/wp-json\/wp\/v2\/types\/page"}],"author":[{"embeddable":true,"href":"https:\/\/simicur.com\/de\/wp-json\/wp\/v2\/users\/1"}],"replies":[{"embeddable":true,"href":"https:\/\/simicur.com\/de\/wp-json\/wp\/v2\/comments?post=1314"}],"version-history":[{"count":1,"href":"https:\/\/simicur.com\/de\/wp-json\/wp\/v2\/pages\/1314\/revisions"}],"predecessor-version":[{"id":1315,"href":"https:\/\/simicur.com\/de\/wp-json\/wp\/v2\/pages\/1314\/revisions\/1315"}],"up":[{"embeddable":true,"href":"https:\/\/simicur.com\/de\/wp-json\/wp\/v2\/pages\/1312"}],"wp:attachment":[{"href":"https:\/\/simicur.com\/de\/wp-json\/wp\/v2\/media?parent=1314"}],"curies":[{"name":"wp","href":"https:\/\/api.w.org\/{rel}","templated":true}]}}