{"id":1316,"date":"2020-01-19T21:58:34","date_gmt":"2020-01-19T21:58:34","guid":{"rendered":"https:\/\/simicur.dalphes.com\/?page_id=1316"},"modified":"2020-01-19T21:58:34","modified_gmt":"2020-01-19T21:58:34","slug":"briard-beisst-fell-weg","status":"publish","type":"page","link":"https:\/\/simicur.com\/de\/fragen-ueber-hunde-und-katzen\/haut\/briard-beisst-fell-weg\/","title":{"rendered":"Briard bei\u00dft Fell weg"},"content":{"rendered":"<p><em>Mein 10 Monate alter Briard bei\u00dft keine Krallen, aber Fell weg. Die Stellen, an denen sie das tut, sind ihre Pfoten und seitlich von ihrer Rute. Es entstehen keine Wunden. Was kann das sein?<\/em><\/p>\n<p>Auf der Basis dieser Summe an Informationen denke ich an erster Stelle an eine Allergie. Am wahrscheinlichsten ist eine Kontakt- oder Flohallergie (evtl. eine Futterallergie).<br \/>\nDavon ausgehend, dass es sich hierbei um eine Allergie handelt, kann diese auf folgende nat\u00fcrliche Weise behandelt werden:<\/p>\n<ul>\n<li><u><a href=\"https:\/\/simicur.com\/de\/homeopathische-medicijnen\/allergicur-100-ml.html\">allergicur<\/a><\/u> verabreichen (um die allergische Konstitution Ihres Hundes zu verbessern)<\/li>\n<li>Haut\u00f6l auf die juckenden Stellen auftragen<\/li>\n<li><u><a href=\"https:\/\/simicur.com\/de\/kruiden-en-voedersupplementen\/digesticur.html\">digesticur<\/a><\/u> \u00fcber das Futter geben (um f\u00fcr eine optimale Verdauung und Immunit\u00e4t zu sorgen)<\/li>\n<\/ul>\n<p>Bei einer Allergie sollten Sie immer daf\u00fcr sorgen, dass sich das Tier in optimaler Konstitution befindet, das hei\u00dft:<\/p>\n<ul>\n<li>Gutes Futter (ohne chemische Zus\u00e4tze, Ihr 10 Monate alter Hund kann schon von den (hochenergestischen) Welpen-Brocken zu den \u201eerwachsenen\u201c Brocken wechseln.<\/li>\n<li>Regelm\u00e4\u00dfiges Entwurmen und Entflohen.<\/li>\n<li>Wenn es sich um eine Kontaktallergie handelt, muss man versuchen, die Sache, welche f\u00fcr die Allegie sorgt, zu vermeiden.<\/li>\n<li>Unter anderem, vorzugsweise keinen Weichsp\u00fcler beim Waschen der Hundedecken zu verwenden.<\/li>\n<li>Gut bel\u00fcftete, staubfreie Lebensr\u00e4ume und ausreichende Bewegung.<\/li>\n<\/ul>\n<p>Bei\u00dft der Hund weiterhin sein Fell weg, dann ist es am besten, mit ihm einen Tierarzt aufzusuchen.<\/p>\n","protected":false},"excerpt":{"rendered":"<p>Mein 10 Monate alter Briard bei\u00dft keine Krallen, aber Fell  [&#8230;]<\/p>\n","protected":false},"author":1,"featured_media":0,"parent":1312,"menu_order":0,"comment_status":"closed","ping_status":"closed","template":"","meta":{"footnotes":""},"class_list":["post-1316","page","type-page","status-publish","hentry"],"_links":{"self":[{"href":"https:\/\/simicur.com\/de\/wp-json\/wp\/v2\/pages\/1316","targetHints":{"allow":["GET"]}}],"collection":[{"href":"https:\/\/simicur.com\/de\/wp-json\/wp\/v2\/pages"}],"about":[{"href":"https:\/\/simicur.com\/de\/wp-json\/wp\/v2\/types\/page"}],"author":[{"embeddable":true,"href":"https:\/\/simicur.com\/de\/wp-json\/wp\/v2\/users\/1"}],"replies":[{"embeddable":true,"href":"https:\/\/simicur.com\/de\/wp-json\/wp\/v2\/comments?post=1316"}],"version-history":[{"count":1,"href":"https:\/\/simicur.com\/de\/wp-json\/wp\/v2\/pages\/1316\/revisions"}],"predecessor-version":[{"id":1317,"href":"https:\/\/simicur.com\/de\/wp-json\/wp\/v2\/pages\/1316\/revisions\/1317"}],"up":[{"embeddable":true,"href":"https:\/\/simicur.com\/de\/wp-json\/wp\/v2\/pages\/1312"}],"wp:attachment":[{"href":"https:\/\/simicur.com\/de\/wp-json\/wp\/v2\/media?parent=1316"}],"curies":[{"name":"wp","href":"https:\/\/api.w.org\/{rel}","templated":true}]}}