{"id":1322,"date":"2020-01-19T22:00:09","date_gmt":"2020-01-19T22:00:09","guid":{"rendered":"https:\/\/simicur.dalphes.com\/?page_id=1322"},"modified":"2020-01-19T22:00:09","modified_gmt":"2020-01-19T22:00:09","slug":"deutscher-schaeferhundruede-mit-langjaehriger-hautallergie","status":"publish","type":"page","link":"https:\/\/simicur.com\/de\/fragen-ueber-hunde-und-katzen\/haut\/deutscher-schaeferhundruede-mit-langjaehriger-hautallergie\/","title":{"rendered":"Deutscher Sch\u00e4ferhundr\u00fcde mit langj\u00e4hriger Hautallergie"},"content":{"rendered":"<p><em>Ich habe einen langhaarigen, kastrierten Deutschen Sch\u00e4ferhundr\u00fcden im Alter von 7 Jahren, der sich schon seit Jahren mit einer Hautallergie qu\u00e4lt. Er frisst momentan Farmfood HE (darin sollen keine chemischen Zus\u00e4tze und dergleichen sein). Muss er auch ein anderes Futter bekommen? Er schluckt auch t\u00e4glich Prednisolon sonst juckt er sich ein Ungl\u00fcck. Ich m\u00f6chte gerne <u><a href=\"https:\/\/simicur.com\/de\/homeopathische-medicijnen\/allergicur-100-ml.html\">allergicur<\/a><\/u> oder <u><a href=\"https:\/\/simicur.com\/de\/homeopathische-medicijnen\/dermacur-100-ml.html\">dermacur<\/a><\/u> ausprobieren. Kann ich einfach so mit dem Prednisolon aufh\u00f6ren? Was kann ich besser geben, <u><a href=\"https:\/\/simicur.com\/de\/homeopathische-medicijnen\/allergicur-100-ml.html\">allergicur<\/a><\/u> oder <u><a href=\"https:\/\/simicur.com\/de\/homeopathische-medicijnen\/dermacur-100-ml.html\">dermacur<\/a><\/u>? Eventuell Haut\u00f6l oder das Shampoo?<\/em><\/p>\n<p>Ich f\u00fcrchte, das Dein Hund eine solch allergische Konstitution hat, dass eine hom\u00f6opathische Behandlung eine ungen\u00fcgende Wirkung haben wird, allemal weil er w\u00e4hrend eines langen Zeitraumes Prednisolon bekommen hat. Was Du im Moment tun kannst ist, daf\u00fcr zu sorgen, dass der K\u00f6rper so wenig wie m\u00f6glich belastet wird, d.h., die Verdauung optimieren. Deshalb empfehle ich, Simicur Seniorbrocken(mit erh\u00f6htem Vit. C-Gehalt) zu f\u00fcttern, in Kombination mit <u><a href=\"https:\/\/simicur.com\/de\/kruiden-en-voedersupplementen\/digesticur.html\">digesticur<\/a><\/u>, um die Verdauung so leicht wie m\u00f6glich zu machen. (Wenn HE in Farmfood f\u00fcr high energy steht, w\u00fcrde ich diese Brocken sicher nicht geben. Ein hoher Gehalt an Eiwei\u00dfen und anderen Futterstoffen kann eine allergische Reaktion verursachen\/verst\u00e4rken). Die Haut kannst Du lokal mit Haut\u00f6l behandeln, um den Juckreiz ertr\u00e4glich zu machen (nur auf die juceknden Stellen leicht auftragen). Wahrscheinlich ben\u00f6tigt Dein Hund schon noch einige Zeit Prednisolon, trotz der m\u00f6glichen Nebenwirkungen. Versuche den Gebrauch auf jeden Fall abzubauen, erst wenn der Hund ganz vom Prednisolon ab ist, kann man an eine hom\u00f6opathische Behandlung denken. (Sorge daf\u00fcr, dass auch andere Umst\u00e4nde nicht an der Allergie Deines Hundes mitwirken, unter anderem regelm\u00e4\u00dfig entflohen, entwurmen, ausreichende Bewegung und ein gut bel\u00fcfteter Lebensraum).<\/p>\n","protected":false},"excerpt":{"rendered":"<p>Ich habe einen langhaarigen, kastrierten Deutschen Sch\u00e4ferhundr\u00fcden im Alter von  [&#8230;]<\/p>\n","protected":false},"author":1,"featured_media":0,"parent":1312,"menu_order":0,"comment_status":"closed","ping_status":"closed","template":"","meta":{"footnotes":""},"class_list":["post-1322","page","type-page","status-publish","hentry"],"_links":{"self":[{"href":"https:\/\/simicur.com\/de\/wp-json\/wp\/v2\/pages\/1322","targetHints":{"allow":["GET"]}}],"collection":[{"href":"https:\/\/simicur.com\/de\/wp-json\/wp\/v2\/pages"}],"about":[{"href":"https:\/\/simicur.com\/de\/wp-json\/wp\/v2\/types\/page"}],"author":[{"embeddable":true,"href":"https:\/\/simicur.com\/de\/wp-json\/wp\/v2\/users\/1"}],"replies":[{"embeddable":true,"href":"https:\/\/simicur.com\/de\/wp-json\/wp\/v2\/comments?post=1322"}],"version-history":[{"count":1,"href":"https:\/\/simicur.com\/de\/wp-json\/wp\/v2\/pages\/1322\/revisions"}],"predecessor-version":[{"id":1323,"href":"https:\/\/simicur.com\/de\/wp-json\/wp\/v2\/pages\/1322\/revisions\/1323"}],"up":[{"embeddable":true,"href":"https:\/\/simicur.com\/de\/wp-json\/wp\/v2\/pages\/1312"}],"wp:attachment":[{"href":"https:\/\/simicur.com\/de\/wp-json\/wp\/v2\/media?parent=1322"}],"curies":[{"name":"wp","href":"https:\/\/api.w.org\/{rel}","templated":true}]}}