{"id":1326,"date":"2020-01-19T22:01:17","date_gmt":"2020-01-19T22:01:17","guid":{"rendered":"https:\/\/simicur.dalphes.com\/?page_id=1326"},"modified":"2020-01-19T22:01:17","modified_gmt":"2020-01-19T22:01:17","slug":"golden-retriever-mit-schwerer-bakterieller-hauterkrankung","status":"publish","type":"page","link":"https:\/\/simicur.com\/de\/fragen-ueber-hunde-und-katzen\/haut\/golden-retriever-mit-schwerer-bakterieller-hauterkrankung\/","title":{"rendered":"Golden Retriever mit schwerer bakterieller Hauterkrankung"},"content":{"rendered":"<p><em>Wir haben einen 8 Monate alten Golden Retriever. Er hat lt. unserem Tierarzt eine schwere bakterielle Hauterkrankung. Es fing vor einigen Monaten an. Er hatte enorm viel Juckreiz \u00fcber seinen ganzen K\u00f6rper verteilt. Unser Tierarzt hat eine Hautprobe genommen und untersuchen lassen. Wir bekamen zu h\u00f6ren, dass der Hund eine bakterielle Hauterkrankung hat und nach 3 Monaten Antibiotika war er v\u00f6llig geheilt und sein Fell war sehr sch\u00f6n. Seit ca. 1 Monat hat unser Hund jedoch wieder das gleiche Problem. Wir wissen nicht mehr, was wir tun k\u00f6nnen, denn unser Tierarzt hat uns gesagt, wenn das Problem zur\u00fcckkommt, dann m\u00fcssen wir unseren Hund einschl\u00e4fern lassen! K\u00f6nnen Sie uns helfen, denn wir wissen keinen Rat mehr! Wenn wir wieder mit dieser Behandlung anfangen m\u00fcssen, kostet das ungef\u00e4hr 3,50 EUR pro Tag.<\/em><\/p>\n<p>Meine Empfehlung ist, hom\u00f6opathische Mittel zu verabreichen, die spezifisch auf die Haut und Entz\u00fcndungen zielen. Darum k\u00f6nnen Sie am besten <u><a href=\"https:\/\/simicur.com\/de\/homeopathische-medicijnen\/dermacur-100-ml.html\">dermacur<\/a><\/u> in Kombination mit <u><a href=\"https:\/\/simicur.com\/de\/homeopathische-medicijnen\/glandulacur-100-ml.html\">glandulacur<\/a><\/u> verwenden. Von jeder Tinktur 2 x t\u00e4glich 20 Tropfen \u00fcber das Futter geben.<\/p>\n","protected":false},"excerpt":{"rendered":"<p>Wir haben einen 8 Monate alten Golden Retriever. Er hat  [&#8230;]<\/p>\n","protected":false},"author":1,"featured_media":0,"parent":1312,"menu_order":0,"comment_status":"closed","ping_status":"closed","template":"","meta":{"footnotes":""},"class_list":["post-1326","page","type-page","status-publish","hentry"],"_links":{"self":[{"href":"https:\/\/simicur.com\/de\/wp-json\/wp\/v2\/pages\/1326","targetHints":{"allow":["GET"]}}],"collection":[{"href":"https:\/\/simicur.com\/de\/wp-json\/wp\/v2\/pages"}],"about":[{"href":"https:\/\/simicur.com\/de\/wp-json\/wp\/v2\/types\/page"}],"author":[{"embeddable":true,"href":"https:\/\/simicur.com\/de\/wp-json\/wp\/v2\/users\/1"}],"replies":[{"embeddable":true,"href":"https:\/\/simicur.com\/de\/wp-json\/wp\/v2\/comments?post=1326"}],"version-history":[{"count":1,"href":"https:\/\/simicur.com\/de\/wp-json\/wp\/v2\/pages\/1326\/revisions"}],"predecessor-version":[{"id":1327,"href":"https:\/\/simicur.com\/de\/wp-json\/wp\/v2\/pages\/1326\/revisions\/1327"}],"up":[{"embeddable":true,"href":"https:\/\/simicur.com\/de\/wp-json\/wp\/v2\/pages\/1312"}],"wp:attachment":[{"href":"https:\/\/simicur.com\/de\/wp-json\/wp\/v2\/media?parent=1326"}],"curies":[{"name":"wp","href":"https:\/\/api.w.org\/{rel}","templated":true}]}}