{"id":1330,"date":"2020-01-19T22:09:50","date_gmt":"2020-01-19T22:09:50","guid":{"rendered":"https:\/\/simicur.dalphes.com\/?page_id=1330"},"modified":"2020-01-19T22:09:50","modified_gmt":"2020-01-19T22:09:50","slug":"grasallergie","status":"publish","type":"page","link":"https:\/\/simicur.com\/de\/fragen-ueber-hunde-und-katzen\/haut\/grasallergie\/","title":{"rendered":"Grasallergie"},"content":{"rendered":"<p><em>Meine 4 Jahre alte Bull Terrier H\u00fcndin hat eine Grasallergie und bekommt nun ab dem Fr\u00fchjahr f\u00fcr etwa 2 Monate vom Tierarzt Allergiespritzen. Aber weil diese Impfungen nicht ohne Risiken sind, bin dich doch auf der Suche nach einer weniger belastenden Medizin. Die Symptome sind wie folgt: sobald das Gras w\u00e4chst (etwa am Ende des Fr\u00fchjahrs) beginnt sie ihre Pfoten zu bei\u00dfen und zu lecken und das entz\u00fcndet sich meistens. Das dauert meistens bis zum Herbst an und dann h\u00f6rt es von selbst auf. Sie hat keine Futterallergie (was mein Tierarzt zuerst vermutete), reagiert aber doch genau wie jemand mit Heuschnupfen auf das Wetter und die Jahreszeiten. Die Impfungen wirken an sich gut, aber es sind pro Jahr 3-4 n\u00f6tig und das finde ich sehr viel.<\/em><\/p>\n<p>Bei einer Allergie sollte man immer daf\u00fcr sorgen, dass sich der Hund in optimaler Konstitution befindet und keine anderen Allergene die bestehende Allergie verschlimmern k\u00f6nnen. Darum ist die Basis eine gute Ern\u00e4jhrung, regelm\u00e4\u00dfiges Entflohen und Entwurmen. Die Allergiespritzen bestehen aus Kortikisteroiden und ein l\u00e4ngerfristiger Gebrauch davon kann in der Tat eine Anzahl Nebenwirkungen haben. Ich selber habe keine Erfahrungen mit Grasallergie, aber im Allgemeinen kann man <u><a href=\"https:\/\/simicur.com\/de\/homeopathische-medicijnen\/allergicur-100-ml.html\">allergicur<\/a><\/u> verabreichen, um die allergische Konstitution des Tieres zu ver\u00e4ndern und <u><a href=\"https:\/\/simicur.com\/de\/kruiden-en-voedersupplementen\/digesticur.html\">digesticur<\/a><\/u>, um die Verdauung und das Immunsystem zu optimalisieren. Das kann zu Beginn zu einer Verschlimmerung f\u00fchren, das bedeutet jedoch nur, dass das Mittel anschl\u00e4gt. Man kann dann die Dosierunt etwas herabsetzen und in jedem Fall weitermachen. Oft sehe ich, dass diese Produkte das Problem tats\u00e4chlich verringern, aber nicht ganz und gar. Sollte dann doch Juckreiz auftreten, dann kann man das nat\u00fcrliche Haut\u00f6l auftragen, so dass sich die Stellen nicht entz\u00fcnden.<\/p>\n","protected":false},"excerpt":{"rendered":"<p>Meine 4 Jahre alte Bull Terrier H\u00fcndin hat eine Grasallergie  [&#8230;]<\/p>\n","protected":false},"author":1,"featured_media":0,"parent":1312,"menu_order":0,"comment_status":"closed","ping_status":"closed","template":"","meta":{"footnotes":""},"class_list":["post-1330","page","type-page","status-publish","hentry"],"_links":{"self":[{"href":"https:\/\/simicur.com\/de\/wp-json\/wp\/v2\/pages\/1330","targetHints":{"allow":["GET"]}}],"collection":[{"href":"https:\/\/simicur.com\/de\/wp-json\/wp\/v2\/pages"}],"about":[{"href":"https:\/\/simicur.com\/de\/wp-json\/wp\/v2\/types\/page"}],"author":[{"embeddable":true,"href":"https:\/\/simicur.com\/de\/wp-json\/wp\/v2\/users\/1"}],"replies":[{"embeddable":true,"href":"https:\/\/simicur.com\/de\/wp-json\/wp\/v2\/comments?post=1330"}],"version-history":[{"count":1,"href":"https:\/\/simicur.com\/de\/wp-json\/wp\/v2\/pages\/1330\/revisions"}],"predecessor-version":[{"id":1331,"href":"https:\/\/simicur.com\/de\/wp-json\/wp\/v2\/pages\/1330\/revisions\/1331"}],"up":[{"embeddable":true,"href":"https:\/\/simicur.com\/de\/wp-json\/wp\/v2\/pages\/1312"}],"wp:attachment":[{"href":"https:\/\/simicur.com\/de\/wp-json\/wp\/v2\/media?parent=1330"}],"curies":[{"name":"wp","href":"https:\/\/api.w.org\/{rel}","templated":true}]}}