{"id":1338,"date":"2020-01-19T22:13:58","date_gmt":"2020-01-19T22:13:58","guid":{"rendered":"https:\/\/simicur.dalphes.com\/?page_id=1338"},"modified":"2020-01-19T22:13:58","modified_gmt":"2020-01-19T22:13:58","slug":"hautprobleme-und-juckreiz-bei-schilddruesenproblem","status":"publish","type":"page","link":"https:\/\/simicur.com\/de\/fragen-ueber-hunde-und-katzen\/haut\/hautprobleme-und-juckreiz-bei-schilddruesenproblem\/","title":{"rendered":"Hautprobleme und Juckreiz bei Schilddr\u00fcsenproblem"},"content":{"rendered":"<p><em>Wir besitzen einen 6 \u00bd Jahre alten Westie. Ein R\u00fcde, der am Bauch und an den Achseln eine immer dunklere Haut bekommt. Blutuntersuchungen haben gezeigt, dass irgendetwas mit der Schildr\u00fcse nicht stimmt, daf\u00fcr bekommt er t\u00e4glich Tabletten. Weiter bekommt er auch spezielle, auf Naturbasis hergestellte Hundebrocken. Jetzt sind die Stellen unter seinen Achseln oft feucht und wenn sie wieder abtrocknen, sind dort Krusten. Er kratzt sich auch sehr stark. Bei unserem Tierarzt bekommt er gegen das Kratzen ab und zu eine Injektion, um seiner Haut Ruhe zu g\u00f6nnen, aber das scheint mir auf l\u00e4ngere Dauer nicht immer gut f\u00fcr ihn zu sein. Sind hierf\u00fcr auch nat\u00fcrliche Produkte geeignet, wenn ja, welche kann ich dann am besten anwenden (nicht f\u00fcr seine Schilddr\u00fcsenprobleme, sondern f\u00fcr die anderen Probleme)?<\/em><\/p>\n<p>Bei Hunden mit dunkleren Stellen und vielen anderen Hauterkrankungen sehe ich in der Praxis die besten Ergebnisse, wenn man <u><a href=\"https:\/\/simicur.com\/de\/homeopathische-medicijnen\/dermacur-100-ml.html\">dermacur<\/a><\/u> gibt, diese hom\u00f6opathische Tinktur sorgt f\u00fcr eine allgemeine Verbesserung der Hautfunktion. Des Weiteren ist das Haut\u00f6l ein nat\u00fcrliches Mittel gegen Juckreiz. Es ist durchaus eher, als der l\u00e4ngerfristige Gebrauch von Spritzen mit Kortikosteroiden, zu empfehlen. Die Symptome, die Du beschreibst, weisen auf eine allergische Reaktion hin. Deshalb w\u00fcrde ich au\u00dferdem <u><a href=\"https:\/\/simicur.com\/de\/kruiden-en-voedersupplementen\/digesticur.html\">digesticur<\/a><\/u> dem Futter beif\u00fcgen, als nat\u00fcrliches, k\u00f6rperreinigendes Mittel. Weiterhin ist es schon hervorragend, dass Du Deinem Hund Naturfutter gibst, das gibt die wenigsten allergischen Reaktionen und sorgt f\u00fcr eine gute Basiskondition des Tieres. Wenn die feuchten Stellen unter den Achseln mit all dem nicht (ganz) verschwinden, dann kannst Du eventuell <u><a href=\"http:\/\/simicur.com\/de\/graphicur-ii.html\">Graphicur II<\/a><\/u>, anstatt <u><a href=\"https:\/\/simicur.com\/de\/homeopathische-medicijnen\/dermacur-100-ml.html\">dermacur<\/a><\/u> geben. Diese Tinktur wirkt spezifisch bei n\u00e4ssenden Ekzemen, so wie Du sie beschreibst.<\/p>\n","protected":false},"excerpt":{"rendered":"<p>Wir besitzen einen 6 \u00bd Jahre alten Westie. Ein R\u00fcde,  [&#8230;]<\/p>\n","protected":false},"author":1,"featured_media":0,"parent":1312,"menu_order":0,"comment_status":"closed","ping_status":"closed","template":"","meta":{"footnotes":""},"class_list":["post-1338","page","type-page","status-publish","hentry"],"_links":{"self":[{"href":"https:\/\/simicur.com\/de\/wp-json\/wp\/v2\/pages\/1338","targetHints":{"allow":["GET"]}}],"collection":[{"href":"https:\/\/simicur.com\/de\/wp-json\/wp\/v2\/pages"}],"about":[{"href":"https:\/\/simicur.com\/de\/wp-json\/wp\/v2\/types\/page"}],"author":[{"embeddable":true,"href":"https:\/\/simicur.com\/de\/wp-json\/wp\/v2\/users\/1"}],"replies":[{"embeddable":true,"href":"https:\/\/simicur.com\/de\/wp-json\/wp\/v2\/comments?post=1338"}],"version-history":[{"count":1,"href":"https:\/\/simicur.com\/de\/wp-json\/wp\/v2\/pages\/1338\/revisions"}],"predecessor-version":[{"id":1339,"href":"https:\/\/simicur.com\/de\/wp-json\/wp\/v2\/pages\/1338\/revisions\/1339"}],"up":[{"embeddable":true,"href":"https:\/\/simicur.com\/de\/wp-json\/wp\/v2\/pages\/1312"}],"wp:attachment":[{"href":"https:\/\/simicur.com\/de\/wp-json\/wp\/v2\/media?parent=1338"}],"curies":[{"name":"wp","href":"https:\/\/api.w.org\/{rel}","templated":true}]}}