{"id":1340,"date":"2020-01-19T22:14:27","date_gmt":"2020-01-19T22:14:27","guid":{"rendered":"https:\/\/simicur.dalphes.com\/?page_id=1340"},"modified":"2020-01-19T22:14:27","modified_gmt":"2020-01-19T22:14:27","slug":"junger-stafford-mit-runden-kahlen-stellen-auf-dem-kopf","status":"publish","type":"page","link":"https:\/\/simicur.com\/de\/fragen-ueber-hunde-und-katzen\/haut\/junger-stafford-mit-runden-kahlen-stellen-auf-dem-kopf\/","title":{"rendered":"Junger Stafford mit runden kahlen Stellen auf dem Kopf"},"content":{"rendered":"<p><em>Mein jetzt 11 Monate alter Staffordr\u00fcde hat seit 3 Monaten eine kahle Stelle mitten auf seinem Kopf. Der Tierarzt hat auch keine Erkl\u00e4rung daf\u00fcr und wir haben nun beschlossen, ein paar Haare zu z\u00fcchten. Es fing mit einer Stelle von einem \u00bd cm an und ist nun ca. 4 cm gro\u00df (ein Kreis). Auf der Stelle sitzen ganz leicht ein paar H\u00e4rchen (also fast kahl). Ich w\u00fcrde gerne wissen, was das sein kann.<\/em><\/p>\n<p>Obwohl ich mit einem derartigen Bild noch nich konfrontiert worden bin, rechne ich damit, dass es sich hier um eine Pilzstelle handelt. Darum ist es ratsam, die Stell mit Zironensaft einzuschmieren, um eine Pilzinfektion auszuschlie\u00dfen, bzw. zu behandeln. Nebenher ist es gut, als hom\u00f6opathische Behandlung <u><a href=\"https:\/\/simicur.com\/de\/homeopathische-medicijnen\/dermacur-100-ml.html\">dermacur<\/a><\/u> zu verabreichen. Dieses hom\u00f6opathische Tierarzneimittel hat eine regulierende Wirkung auf die Haut und ich vermute, dass die Haut auf diese Weise durch Haarwuchs auf der kahlen Stelle reagiert.<\/p>\n","protected":false},"excerpt":{"rendered":"<p>Mein jetzt 11 Monate alter Staffordr\u00fcde hat seit 3 Monaten  [&#8230;]<\/p>\n","protected":false},"author":1,"featured_media":0,"parent":1312,"menu_order":0,"comment_status":"closed","ping_status":"closed","template":"","meta":{"footnotes":""},"class_list":["post-1340","page","type-page","status-publish","hentry"],"_links":{"self":[{"href":"https:\/\/simicur.com\/de\/wp-json\/wp\/v2\/pages\/1340","targetHints":{"allow":["GET"]}}],"collection":[{"href":"https:\/\/simicur.com\/de\/wp-json\/wp\/v2\/pages"}],"about":[{"href":"https:\/\/simicur.com\/de\/wp-json\/wp\/v2\/types\/page"}],"author":[{"embeddable":true,"href":"https:\/\/simicur.com\/de\/wp-json\/wp\/v2\/users\/1"}],"replies":[{"embeddable":true,"href":"https:\/\/simicur.com\/de\/wp-json\/wp\/v2\/comments?post=1340"}],"version-history":[{"count":1,"href":"https:\/\/simicur.com\/de\/wp-json\/wp\/v2\/pages\/1340\/revisions"}],"predecessor-version":[{"id":1341,"href":"https:\/\/simicur.com\/de\/wp-json\/wp\/v2\/pages\/1340\/revisions\/1341"}],"up":[{"embeddable":true,"href":"https:\/\/simicur.com\/de\/wp-json\/wp\/v2\/pages\/1312"}],"wp:attachment":[{"href":"https:\/\/simicur.com\/de\/wp-json\/wp\/v2\/media?parent=1340"}],"curies":[{"name":"wp","href":"https:\/\/api.w.org\/{rel}","templated":true}]}}