{"id":1344,"date":"2020-01-19T22:15:17","date_gmt":"2020-01-19T22:15:17","guid":{"rendered":"https:\/\/simicur.dalphes.com\/?page_id=1344"},"modified":"2020-01-19T22:15:17","modified_gmt":"2020-01-19T22:15:17","slug":"katze-ist-durch-juckreizanfaelle-fast-kahl","status":"publish","type":"page","link":"https:\/\/simicur.com\/de\/fragen-ueber-hunde-und-katzen\/haut\/katze-ist-durch-juckreizanfaelle-fast-kahl\/","title":{"rendered":"Katze ist durch Juckreizanf\u00e4lle fast kahl"},"content":{"rendered":"<p><em>Unsere Katze hat seit Jahren Anf\u00e4lle von Juckreiz, er zieht dabei seine Haare heraus, so dass er beinahe kahl wird. Das ging immer nach einiger Zeit wieder vor\u00fcber und ein Tierarzt deutete an, dass es sich um ein hormonelles Problem handelt. Die Arzneimittel dagegen machten ihn sehr matt, so dass wir letztendlich kozen f\u00fcr eine Katze, die ab und zu kahl wird. Er ist jetzt 17 Jahre alt, hatte eine Hirnblutung und ist blind, aber er frisst und trinkt gut und vergn\u00fcgt sich weiterhin prima! Aber er zieht nun schon konstant seit einem halben Jahr seine Haare heraus. Es geht dieses Mal also nicht vor\u00fcber, gibt es vielleicht ein nat\u00fcrliches Mittel, das helfen kann?<\/em><\/p>\n<p>Ihre Katze wurde wahrscheinlich mit Cortison (u.a. Prednison) behandelt, der Juckreiz ging vor\u00fcber. Aber es ist allgemein bekannt, dass dieses Mittel schlimme Nebenwirkungen haben kann (u.a. Mattigkeit). Ich traue jedoch zu, dass Ihre Katze eine allergische Reaktion auf Fl\u00f6he aufweist. Dagegen ist die schnellste und st\u00e4rkste Behandlung eine Prednison Spritze\/Tablette. Aber gute Flohbek\u00e4mpfung, wie m\u00fchsam auch immer, bleibt die beste L\u00f6sung. Daneben k\u00f6nnen Sie die Kondition und die Haut der Katze unterst\u00fctzen, indem Sie <u><a href=\"https:\/\/simicur.com\/de\/homeopathische-medicijnen\/allergicur-100-ml.html\">allergicur<\/a><\/u> und <u><a href=\"https:\/\/simicur.com\/de\/homeopathische-medicijnen\/dermacur-100-ml.html\">dermacur<\/a><\/u> \u00fcber das Futter verabreichen.<\/p>\n","protected":false},"excerpt":{"rendered":"<p>Unsere Katze hat seit Jahren Anf\u00e4lle von Juckreiz, er zieht  [&#8230;]<\/p>\n","protected":false},"author":1,"featured_media":0,"parent":1312,"menu_order":0,"comment_status":"closed","ping_status":"closed","template":"","meta":{"footnotes":""},"class_list":["post-1344","page","type-page","status-publish","hentry"],"_links":{"self":[{"href":"https:\/\/simicur.com\/de\/wp-json\/wp\/v2\/pages\/1344","targetHints":{"allow":["GET"]}}],"collection":[{"href":"https:\/\/simicur.com\/de\/wp-json\/wp\/v2\/pages"}],"about":[{"href":"https:\/\/simicur.com\/de\/wp-json\/wp\/v2\/types\/page"}],"author":[{"embeddable":true,"href":"https:\/\/simicur.com\/de\/wp-json\/wp\/v2\/users\/1"}],"replies":[{"embeddable":true,"href":"https:\/\/simicur.com\/de\/wp-json\/wp\/v2\/comments?post=1344"}],"version-history":[{"count":1,"href":"https:\/\/simicur.com\/de\/wp-json\/wp\/v2\/pages\/1344\/revisions"}],"predecessor-version":[{"id":1345,"href":"https:\/\/simicur.com\/de\/wp-json\/wp\/v2\/pages\/1344\/revisions\/1345"}],"up":[{"embeddable":true,"href":"https:\/\/simicur.com\/de\/wp-json\/wp\/v2\/pages\/1312"}],"wp:attachment":[{"href":"https:\/\/simicur.com\/de\/wp-json\/wp\/v2\/media?parent=1344"}],"curies":[{"name":"wp","href":"https:\/\/api.w.org\/{rel}","templated":true}]}}