{"id":1346,"date":"2020-01-19T22:15:40","date_gmt":"2020-01-19T22:15:40","guid":{"rendered":"https:\/\/simicur.dalphes.com\/?page_id=1346"},"modified":"2020-01-19T22:15:40","modified_gmt":"2020-01-19T22:15:40","slug":"katze-kratzt-sich-den-hals-auf","status":"publish","type":"page","link":"https:\/\/simicur.com\/de\/fragen-ueber-hunde-und-katzen\/haut\/katze-kratzt-sich-den-hals-auf\/","title":{"rendered":"Katze kratzt sich den Hals auf"},"content":{"rendered":"<p><em>Ich war mit meinem Kater schon bei verschiedenen Adressen, weil er jedes Mal wieder seine Haut rundum seinen Kopf\/Hals aufkratzt. Dieser Kater ist jetzt anderthalb Jahre alt und ist den Gro\u00dfteil seines Lebens deshalb schon mit einer Haube herumgelaufen, weil er eine Wunde immer gr\u00f6\u00dfer aufkratzt. Er bleibt beim kratzen, auch in der Wunde. Es wird vermutet, dass er eine Futterallergie hat, weil es besser ging, als er eine Zeitlang auf Ziegenfleisch\/Reis Di\u00e4t stand. Dieses letzte Futter ist jedoch nur, um den K\u00f6rper zu reinigen und zu testen, enth\u00e4lt aber nicht alle N\u00e4hrstoffe, die eine Katze braucht. Jetzt lese ich auf Ihrer Seite wohl von allerlei Futtersorten f\u00fcr den Hund, aber was kann ich am besten der Katze geben? Gibt es zus\u00e4tzlich noch hom\u00f6opathische Mittel, die ich probieren kann, so dass er hoffentlich einmal ohne die Haube sein kann und seinen Kopf nicht mehr aufkratzt.<\/em><\/p>\n<p>Neben der M\u00f6glichkeit einer Futterallergie, muss man auch an eine Entz\u00fcndung der Kiefernh\u00f6hle denken. Hierbei haben wir gute Erfahrungen mit <u><a href=\"https:\/\/simicur.com\/de\/homeopathische-medicijnen\/hoestcur-100-ml.html\">hoestcur<\/a><\/u>, 2 x t\u00e4glich 15 Tropfen \u00fcber das Futter. Bei einer m\u00f6glichen Futterallergie ist es ratsam, die allergische Konstitution zu ver\u00e4ndern, durch die Verabeichung von <u><a href=\"https:\/\/simicur.com\/de\/homeopathische-medicijnen\/allergicur-100-ml.html\">allergicur<\/a><\/u> (2 x t\u00e4glich 15 Tropfen \u00fcber das Futter) in Kombination mit 1 Essl\u00f6ffel <u><a href=\"https:\/\/simicur.com\/de\/kruiden-en-voedersupplementen\/digesticur.html\">digesticur<\/a><\/u>. Als Alternativfutter kann ich die nat\u00fcrlichen Katzenbrocken von Simicur empfehlen.<\/p>\n","protected":false},"excerpt":{"rendered":"<p>Ich war mit meinem Kater schon bei verschiedenen Adressen, weil  [&#8230;]<\/p>\n","protected":false},"author":1,"featured_media":0,"parent":1312,"menu_order":0,"comment_status":"closed","ping_status":"closed","template":"","meta":{"footnotes":""},"class_list":["post-1346","page","type-page","status-publish","hentry"],"_links":{"self":[{"href":"https:\/\/simicur.com\/de\/wp-json\/wp\/v2\/pages\/1346","targetHints":{"allow":["GET"]}}],"collection":[{"href":"https:\/\/simicur.com\/de\/wp-json\/wp\/v2\/pages"}],"about":[{"href":"https:\/\/simicur.com\/de\/wp-json\/wp\/v2\/types\/page"}],"author":[{"embeddable":true,"href":"https:\/\/simicur.com\/de\/wp-json\/wp\/v2\/users\/1"}],"replies":[{"embeddable":true,"href":"https:\/\/simicur.com\/de\/wp-json\/wp\/v2\/comments?post=1346"}],"version-history":[{"count":1,"href":"https:\/\/simicur.com\/de\/wp-json\/wp\/v2\/pages\/1346\/revisions"}],"predecessor-version":[{"id":1347,"href":"https:\/\/simicur.com\/de\/wp-json\/wp\/v2\/pages\/1346\/revisions\/1347"}],"up":[{"embeddable":true,"href":"https:\/\/simicur.com\/de\/wp-json\/wp\/v2\/pages\/1312"}],"wp:attachment":[{"href":"https:\/\/simicur.com\/de\/wp-json\/wp\/v2\/media?parent=1346"}],"curies":[{"name":"wp","href":"https:\/\/api.w.org\/{rel}","templated":true}]}}