{"id":1352,"date":"2020-01-19T22:20:24","date_gmt":"2020-01-19T22:20:24","guid":{"rendered":"https:\/\/simicur.dalphes.com\/?page_id=1352"},"modified":"2020-01-19T22:20:24","modified_gmt":"2020-01-19T22:20:24","slug":"katze-mit-kahlen-stellen-unter-dem-kinn","status":"publish","type":"page","link":"https:\/\/simicur.com\/de\/fragen-ueber-hunde-und-katzen\/haut\/katze-mit-kahlen-stellen-unter-dem-kinn\/","title":{"rendered":"Katze mit kahlen Stellen unter dem Kinn"},"content":{"rendered":"<p><em>Wir w\u00fcrden gerne wissen, was die Ursache der kahlen Stellen genau unter dem Kinn unserer 4 Jahre alten Katze sein kann. Es gibt weiter nichts an seinem Verhalten festzustellen (Schmerzen oder Juckreiz). Die Haut auf der Stelle ist kahl und sieht aus wie eine Wunde ohne Kruste. Doch sitzen geronnene Blutkr\u00fcmel an den ausgeriebenen Haaren, wenn wir die Stellen mit einem Wattest\u00e4bchen reinigen. Es sieht ein bisschen nach einem nassen Ekzem aus. Bitte Ihre Empfehlung.<\/em><\/p>\n<p>Der Beschreibung nach k\u00f6nnte es sein, dass Ihre Katze eine Kontaktdermatitis hat. Das hei\u00dft, eine Entz\u00fcndung der Haut infolge einer \u00dcberempfindlichkeit vor irgendetwas in der Umgebung, womit das Tier (h\u00e4ufig) in Kontakt kommt (z.B. ein Plastikfressnapf und vieles andere). M\u00f6glicherweise hilft <u><a href=\"http:\/\/simicur.com\/de\/graphicur-ii.html\">Graphicur II<\/a><\/u>, das speziell bei n\u00e4ssenden Ekzemen angewendet wird.<\/p>\n","protected":false},"excerpt":{"rendered":"<p>Wir w\u00fcrden gerne wissen, was die Ursache der kahlen Stellen  [&#8230;]<\/p>\n","protected":false},"author":1,"featured_media":0,"parent":1312,"menu_order":0,"comment_status":"closed","ping_status":"closed","template":"","meta":{"footnotes":""},"class_list":["post-1352","page","type-page","status-publish","hentry"],"_links":{"self":[{"href":"https:\/\/simicur.com\/de\/wp-json\/wp\/v2\/pages\/1352","targetHints":{"allow":["GET"]}}],"collection":[{"href":"https:\/\/simicur.com\/de\/wp-json\/wp\/v2\/pages"}],"about":[{"href":"https:\/\/simicur.com\/de\/wp-json\/wp\/v2\/types\/page"}],"author":[{"embeddable":true,"href":"https:\/\/simicur.com\/de\/wp-json\/wp\/v2\/users\/1"}],"replies":[{"embeddable":true,"href":"https:\/\/simicur.com\/de\/wp-json\/wp\/v2\/comments?post=1352"}],"version-history":[{"count":1,"href":"https:\/\/simicur.com\/de\/wp-json\/wp\/v2\/pages\/1352\/revisions"}],"predecessor-version":[{"id":1353,"href":"https:\/\/simicur.com\/de\/wp-json\/wp\/v2\/pages\/1352\/revisions\/1353"}],"up":[{"embeddable":true,"href":"https:\/\/simicur.com\/de\/wp-json\/wp\/v2\/pages\/1312"}],"wp:attachment":[{"href":"https:\/\/simicur.com\/de\/wp-json\/wp\/v2\/media?parent=1352"}],"curies":[{"name":"wp","href":"https:\/\/api.w.org\/{rel}","templated":true}]}}