{"id":1356,"date":"2020-01-19T22:22:33","date_gmt":"2020-01-19T22:22:33","guid":{"rendered":"https:\/\/simicur.dalphes.com\/?page_id=1356"},"modified":"2020-01-19T22:22:33","modified_gmt":"2020-01-19T22:22:33","slug":"labrador-mit-kahlen-stellen","status":"publish","type":"page","link":"https:\/\/simicur.com\/de\/fragen-ueber-hunde-und-katzen\/haut\/labrador-mit-kahlen-stellen\/","title":{"rendered":"Labrador mit kahlen Stellen"},"content":{"rendered":"<p><em>Unsere 11 Monate alte Labradorh\u00fcndin hat bereits seit einigen Monaten eine kahle Stelle auf ihrem Hals\/Brust, mit einem Durchmesser von ca. 6 Zentimeter. Diese ist immer trocken und es scheint, als ob sie darunter nicht leidet. Nur wenn sie im Wasser geschwommen ist, ist die Stelle manchmal leicht gereizt. Es sieht auf der kahlen Haut etwas ausgetrocknet aus, aber nicht so sehr, dass es schuppt. Die Stelle wird langsam schon etwas gr\u00f6\u00dfer, obwohl in der letzten Zeit manchmal wieder neue H\u00e4rchen zum Vorschein kommen, aber dann auch wieder verschwinden. Weiterhin strotzt sie vor Energie und hat ein pr\u00e4chtiges, gl\u00e4nzendes braunes Fell. Wir haben schon verschiedene Dinge ausprobiert, wie ein anderes Halsband, anderes Futter und nat\u00fcrlich wird sie regelm\u00e4\u00dfig entfloht und entwurmt. Sie schwimmt aber immer noch ein paar Mal am Tag und ist oft zwischen dem Schilf und dem Gras zu finden (Milben?). Der Tierarzt kannte die Stellen nicht und schlug vor, Gewebe zur Diagnose nach Utrecht zu schicken.Wissen Sie Rat?<\/em><\/p>\n<p>So auf den ersten Blick scheint es sich hier um einen so genannten Hotspot zu handeln. Diese entstehen meistens durch eine allergische Reaktion auf bestimmte Bestandteile im Futter oder auf bestimmte Faktoren in der Umgebung. Die genaue Ursache kann man nur selten sicher festellen. In Ihrem Fall empfehle ich, Ihren Hund mit <u><a href=\"https:\/\/simicur.com\/de\/homeopathische-medicijnen\/allergicur-100-ml.html\">allergicur<\/a><\/u> in Kombination mit <u><a href=\"https:\/\/simicur.com\/de\/homeopathische-medicijnen\/dermacur-100-ml.html\">dermacur<\/a><\/u> zu behandeln. Beides sind hom\u00f6opathische Tinkturen, die Dosierung ist 2 x t\u00e4glich 15 Tropfen von jedem \u00fcber das Futter.<\/p>\n","protected":false},"excerpt":{"rendered":"<p>Unsere 11 Monate alte Labradorh\u00fcndin hat bereits seit einigen Monaten  [&#8230;]<\/p>\n","protected":false},"author":1,"featured_media":0,"parent":1312,"menu_order":0,"comment_status":"closed","ping_status":"closed","template":"","meta":{"footnotes":""},"class_list":["post-1356","page","type-page","status-publish","hentry"],"_links":{"self":[{"href":"https:\/\/simicur.com\/de\/wp-json\/wp\/v2\/pages\/1356","targetHints":{"allow":["GET"]}}],"collection":[{"href":"https:\/\/simicur.com\/de\/wp-json\/wp\/v2\/pages"}],"about":[{"href":"https:\/\/simicur.com\/de\/wp-json\/wp\/v2\/types\/page"}],"author":[{"embeddable":true,"href":"https:\/\/simicur.com\/de\/wp-json\/wp\/v2\/users\/1"}],"replies":[{"embeddable":true,"href":"https:\/\/simicur.com\/de\/wp-json\/wp\/v2\/comments?post=1356"}],"version-history":[{"count":1,"href":"https:\/\/simicur.com\/de\/wp-json\/wp\/v2\/pages\/1356\/revisions"}],"predecessor-version":[{"id":1357,"href":"https:\/\/simicur.com\/de\/wp-json\/wp\/v2\/pages\/1356\/revisions\/1357"}],"up":[{"embeddable":true,"href":"https:\/\/simicur.com\/de\/wp-json\/wp\/v2\/pages\/1312"}],"wp:attachment":[{"href":"https:\/\/simicur.com\/de\/wp-json\/wp\/v2\/media?parent=1356"}],"curies":[{"name":"wp","href":"https:\/\/api.w.org\/{rel}","templated":true}]}}