{"id":1364,"date":"2020-01-19T22:24:52","date_gmt":"2020-01-19T22:24:52","guid":{"rendered":"https:\/\/simicur.dalphes.com\/?page_id=1364"},"modified":"2020-01-19T22:24:52","modified_gmt":"2020-01-19T22:24:52","slug":"ueberempfindlichkeit-gegen-milben","status":"publish","type":"page","link":"https:\/\/simicur.com\/de\/fragen-ueber-hunde-und-katzen\/haut\/ueberempfindlichkeit-gegen-milben\/","title":{"rendered":"\u00dcberempfindlichkeit gegen Milben"},"content":{"rendered":"<p><em>Mein Hund ist allergisch gegen Copramilben, Mehlbilben und Heumilben. Wissen sie, wo diese vorkommen und was ich dagegen tun kann? Ich hoffe, dass Sie mir helfen k\u00f6nnen.<\/em><\/p>\n<p>Zuerst einige Hintergrundinformationen zu den genannten Milbenarten:<\/p>\n<ul>\n<li>Die Heumilbe, auch Herbstgrasmilbe oder Trombicula autumnalis genannt, kommt vor allem w\u00e4hrend des Sp\u00e4tsommers, zu Herbstbeginn h\u00e4ufig vor. Hier ist sie meistens zu finden.<\/li>\n<li>Die Copramilbe oder Tyroglyphus longion verursacht Copra \/ Schorf, das ist ein juckender, papul\u00f6ser Hautausschlag. Mehr ist mir dar\u00fcber nicht bekannt.<\/li>\n<li>\u00dcber die Mehlmilben, das ist offiziell die Tyroglyphus farinae, ist nur wenig mehr bekannt als das sie, genauso wie die anderen Milben, h\u00e4ufig auf Getreide vorkommen und fr\u00fcher \u201cB\u00e4ckerjuckreiz\u201d verursachten.<\/li>\n<\/ul>\n<p>Im Allgemeinen gilt f\u00fcr alle diese Milben, dass sie am besten bei feuchter, warmer Witterung wachsen, in den Niederlanden im Sommer-Herbst. Sie kommen ungl\u00fccklicherweise leider \u00fcberall vor: Vor allem auf dem (Ackerbau)Boden, in Gebieten mit vielen Kaninchen\/ Hasen, in feuchten Gegenden, auf langem Gras, im niedrigen Geb\u00fcsch und auch in G\u00e4rten. Es ist daher sehr schwer, den Kontakt damit zu vermeiden. Die Larven der Milben sind infekti\u00f6s und k\u00f6nnen eine Allergie verursachen. Diese Larven ben\u00f6tigen einen Wirt um wachsen zu k\u00f6nnen. Das k\u00f6nnen Hunde, Katzen, Nagetiere und Menschen sein. Beim Menschen verursacht der Biss meistens kleine Beulen rundum die Kn\u00f6chel, die einige Tage kr\u00e4ftig jucken k\u00f6nnen. Bei Hunden ist es meistens Juckreiz rundum die Pfoten, den Kopf und den Bauch. Die Larven klammern sich fest und ern\u00e4hren sich mit Hilfe der Gewebefl\u00fcssigkeit des Wirtes. Der Biss selbst verursacht keine Reaktion, doch der Speichel, den die Larven zur Verdauung injizieren, kann eine allergische Reaktion verursachen.<br \/>\nWie man sieht ist es unm\u00f6glich, diesen Milben im Sommer zu entgehen. Man wird den Hund daher gegen die Milben und gegen die \u00dcberempfindlichkeit dagegen behandeln m\u00fcssen. Meine Empfehlungen darum sind:<\/p>\n<ul>\n<li>H\u00e4ufig ist der Hund auch f\u00fcr andere Dinge anf\u00e4llig, oder die Reaktionen verst\u00e4rken sich gegenseitig. Deshalb sind gute Ern\u00e4hrung, regelm\u00e4\u00dfige Floh- und Wurmbek\u00e4mpfung essentiell f\u00fcr eine gute Basiskonstitution und -Gesundheit.<\/li>\n<li>Bei einer hom\u00f6opathischen Behandlung kann man <u><a href=\"https:\/\/simicur.com\/de\/homeopathische-medicijnen\/allergicur-100-ml.html\">allergicur<\/a><\/u> verabreichen, um allergische Reaktionen zu verringern, in Kombination mit <u><a href=\"https:\/\/simicur.com\/de\/homeopathische-medicijnen\/dermacur-100-ml.html\">dermacur<\/a><\/u>, um die allgemeine Haufunktion zu verbessern und schneller wieder instand zu setzen. Den sauren Trank <u><a href=\"https:\/\/simicur.com\/de\/kruiden-en-voedersupplementen\/digesticur.html\">digesticur<\/a><\/u> kann man zur Unterst\u00fctzung geben, so dass die Verdauung besser abl\u00e4uft und Abfallstoffe schneller den K\u00f6rper verlassen. Die beiden Kuren zu Ende bringen und sehen, ob die Hautreaktion verbessert ist (ein hom\u00f6opathisches Mittel kann in den ersten Tagen bis 2 Wochen zu einer Verschlimmerung der Beschwerden f\u00fchren, dann sollte die Dosierung etwas herabgesetzt werden).<\/li>\n<li>Wirkt das nicht (genug), dann treten die Symptome der \u00dcberempfindlichkeit doch wieder auf (Juckreiz, eventuell Entz\u00fcndungen und Haarausfall). Man muss dann daf\u00fcr sorgen, dass die Ursache der Allergie, die Milbe(Larve), vernichtet und die Symptome bek\u00e4mpft werden. Das kann man, indem man die angegriffenen Stellen t\u00e4glich mit Zitronensaft abtupft (Milben m\u00f6gen kein saures Milieu) oder ein Anti-Milbenmittel verwendet (h\u00e4ufig ein pharmazeutisches Shampoo). Den auftretenden Juckreiz kann man beheben, wenn man nat\u00fcrliches Haut\u00f6l auf die Stellen auftr\u00e4gt, das wirkt immer lindernd.<\/li>\n<\/ul>\n<p>Bitte beachten! Es ist von Bedeutung, eine Hauterkrankung gleich von Anfang an zu behandeln, denn bei kontinuierlichem Jucken wird das Problem immer schlimmer, weil dann auch sekund\u00e4re (bakterielle) Entz\u00fcndungen auftreten k\u00f6nnen.<\/p>\n","protected":false},"excerpt":{"rendered":"<p>Mein Hund ist allergisch gegen Copramilben, Mehlbilben und Heumilben. Wissen  [&#8230;]<\/p>\n","protected":false},"author":1,"featured_media":0,"parent":1312,"menu_order":0,"comment_status":"closed","ping_status":"closed","template":"","meta":{"footnotes":""},"class_list":["post-1364","page","type-page","status-publish","hentry"],"_links":{"self":[{"href":"https:\/\/simicur.com\/de\/wp-json\/wp\/v2\/pages\/1364","targetHints":{"allow":["GET"]}}],"collection":[{"href":"https:\/\/simicur.com\/de\/wp-json\/wp\/v2\/pages"}],"about":[{"href":"https:\/\/simicur.com\/de\/wp-json\/wp\/v2\/types\/page"}],"author":[{"embeddable":true,"href":"https:\/\/simicur.com\/de\/wp-json\/wp\/v2\/users\/1"}],"replies":[{"embeddable":true,"href":"https:\/\/simicur.com\/de\/wp-json\/wp\/v2\/comments?post=1364"}],"version-history":[{"count":2,"href":"https:\/\/simicur.com\/de\/wp-json\/wp\/v2\/pages\/1364\/revisions"}],"predecessor-version":[{"id":1366,"href":"https:\/\/simicur.com\/de\/wp-json\/wp\/v2\/pages\/1364\/revisions\/1366"}],"up":[{"embeddable":true,"href":"https:\/\/simicur.com\/de\/wp-json\/wp\/v2\/pages\/1312"}],"wp:attachment":[{"href":"https:\/\/simicur.com\/de\/wp-json\/wp\/v2\/media?parent=1364"}],"curies":[{"name":"wp","href":"https:\/\/api.w.org\/{rel}","templated":true}]}}