{"id":1367,"date":"2020-01-19T22:25:13","date_gmt":"2020-01-19T22:25:13","guid":{"rendered":"https:\/\/simicur.dalphes.com\/?page_id=1367"},"modified":"2020-01-19T22:25:13","modified_gmt":"2020-01-19T22:25:13","slug":"pyodermie","status":"publish","type":"page","link":"https:\/\/simicur.com\/de\/fragen-ueber-hunde-und-katzen\/haut\/pyodermie\/","title":{"rendered":"Pyodermie"},"content":{"rendered":"<p><em>Ich habe eine Frage, k\u00f6nnen Sie mir etwas mehr \u00fcber Pyodermie erz\u00e4hlen? Einer unserer Welpen aus einem Wurf von vor 2 Jahren hat das lt. unserem Tierarzt, aber er konnte uns nur wenig dar\u00fcber erz\u00e4hlen. Ich w\u00fcrde gerne wissen, ob das erblich ist und wie es (pr\u00e4ventiv) behandelt werden kann?<\/em><\/p>\n<p>Pyodermie ist eine eiterbildende Hauterkrankung, bei der sich oft \u00fcber den ganzen K\u00f6rper verteilt kleine Pickelchen bilden. Diese Hautentz\u00fcndungen werden spezifisch durch Hautbakterien der Spezies Staphylokokken und\/oder Streptokokken verursacht. Sie kommen im Normalfall in kleinen Mengen auch schon auf der Haut vor. Aber bei einer verschlechterten Konstitution des Tieres k\u00f6nnen sich die Bakterien vermehren und Pyodermie verursachen. Auf die Frage ob das erblich ist, habe ich keine sichere Antwort. Ich habe jedoch schon von einer vererbten Pyodermie beim Deutschen Sch\u00e4ferhund geh\u00f6rt, bei anderen Rassen ist mir das nicht bekannt. Im Allgemeinen wird bei Pyodermie ein Antibiotikum gegeben, das kann aber ein langwieriger Prozess werden. Die Bakterien sind h\u00e4ufig resistent und deshalb wirkt ein Antibiotikum meistens nur kurz, danach muss wieder ein anderes gegeben werden, etc. Man muss daf\u00fcr sorgen, dass das Tier in guter Konstitution bleibt und die Immunabwehr erh\u00f6ht wird. Das kann auf eine nat\u00fcrliche Weise stattfinden, indem man folgendes tut:<\/p>\n<ul>\n<li>Gutes Futter geben<\/li>\n<li><u><a href=\"https:\/\/simicur.com\/de\/homeopathische-medicijnen\/dermacur-100-ml.html\">dermacur<\/a><\/u> f\u00fcr die Haut geben<\/li>\n<li>Wondspray zur Desinfektion der Stellen verwenden<\/li>\n<\/ul>\n<p>Auf diese Weise habe ich bei einem Hund innerhalb von 6 Monaten Besserung gesehen, der davor schon 3 Jahre krank war. Es ist also m\u00f6glicherweise einen Versuch wert.<\/p>\n","protected":false},"excerpt":{"rendered":"<p>Ich habe eine Frage, k\u00f6nnen Sie mir etwas mehr \u00fcber  [&#8230;]<\/p>\n","protected":false},"author":1,"featured_media":0,"parent":1312,"menu_order":0,"comment_status":"closed","ping_status":"closed","template":"","meta":{"footnotes":""},"class_list":["post-1367","page","type-page","status-publish","hentry"],"_links":{"self":[{"href":"https:\/\/simicur.com\/de\/wp-json\/wp\/v2\/pages\/1367","targetHints":{"allow":["GET"]}}],"collection":[{"href":"https:\/\/simicur.com\/de\/wp-json\/wp\/v2\/pages"}],"about":[{"href":"https:\/\/simicur.com\/de\/wp-json\/wp\/v2\/types\/page"}],"author":[{"embeddable":true,"href":"https:\/\/simicur.com\/de\/wp-json\/wp\/v2\/users\/1"}],"replies":[{"embeddable":true,"href":"https:\/\/simicur.com\/de\/wp-json\/wp\/v2\/comments?post=1367"}],"version-history":[{"count":1,"href":"https:\/\/simicur.com\/de\/wp-json\/wp\/v2\/pages\/1367\/revisions"}],"predecessor-version":[{"id":1368,"href":"https:\/\/simicur.com\/de\/wp-json\/wp\/v2\/pages\/1367\/revisions\/1368"}],"up":[{"embeddable":true,"href":"https:\/\/simicur.com\/de\/wp-json\/wp\/v2\/pages\/1312"}],"wp:attachment":[{"href":"https:\/\/simicur.com\/de\/wp-json\/wp\/v2\/media?parent=1367"}],"curies":[{"name":"wp","href":"https:\/\/api.w.org\/{rel}","templated":true}]}}