{"id":1369,"date":"2020-01-19T22:25:40","date_gmt":"2020-01-19T22:25:40","guid":{"rendered":"https:\/\/simicur.dalphes.com\/?page_id=1369"},"modified":"2020-01-19T22:25:40","modified_gmt":"2020-01-19T22:25:40","slug":"dackel-mit-geschwuer-nach-sterilisation","status":"publish","type":"page","link":"https:\/\/simicur.com\/de\/fragen-ueber-hunde-und-katzen\/haut\/dackel-mit-geschwuer-nach-sterilisation\/","title":{"rendered":"Dackel mit Geschw\u00fcr nach Sterilisation"},"content":{"rendered":"<p><em>Unser Dackel wurde gerade sterilisiert. An der Stelle, wo die N\u00e4hte sa\u00dfen, ist ein Geschw\u00fcr entstanden. Die Stelle ist so gro\u00df wie der Kopf einer Rei\u00dfzwecke und sieht wei\u00df aus. Ich wasche die Wunde jeden Tag mit Soda, aber die Stelle bleibt. Jetzt benutze ich Dotol. Aber ist das gut? Der Hund frisst und s\u00e4uft gut. Wie lange muss ich noch warten oder geht es von selbst vorbei?<\/em><\/p>\n<p>Wenn die Wunde n\u00e4sst und eitert, dann muss man annehmen, dass sich eine Naht entz\u00fcndet hat. Im Allgemeinen heilt diese entz\u00fcndete Naht von selbst aus und Sie m\u00fcssen sich nicht zu viele Sorgen machen. Vor allem nicht, so lange der Hund lebendig ist und gut frisst. Im Normalfall dauert dieser Prozess nicht l\u00e4nger als 2 Wochen. Ist es dann noch nicht vor\u00fcber, ist es vern\u00fcnftig <u><a href=\"https:\/\/simicur.com\/de\/homeopathische-medicijnen\/glandulacur-100-ml.html\">glandulacur<\/a><\/u> zu verabreichen, wenn Sie Ihrem Hund auf hom\u00f6opathische Weise helfen m\u00f6chten. Dieses Mittel kann daf\u00fcr sorgen, dass ein St\u00fcck entz\u00fcndetes Gewebe schneller abgesto\u00dfen wird.<\/p>\n","protected":false},"excerpt":{"rendered":"<p>Unser Dackel wurde gerade sterilisiert. An der Stelle, wo die  [&#8230;]<\/p>\n","protected":false},"author":1,"featured_media":0,"parent":1312,"menu_order":0,"comment_status":"closed","ping_status":"closed","template":"","meta":{"footnotes":""},"class_list":["post-1369","page","type-page","status-publish","hentry"],"_links":{"self":[{"href":"https:\/\/simicur.com\/de\/wp-json\/wp\/v2\/pages\/1369","targetHints":{"allow":["GET"]}}],"collection":[{"href":"https:\/\/simicur.com\/de\/wp-json\/wp\/v2\/pages"}],"about":[{"href":"https:\/\/simicur.com\/de\/wp-json\/wp\/v2\/types\/page"}],"author":[{"embeddable":true,"href":"https:\/\/simicur.com\/de\/wp-json\/wp\/v2\/users\/1"}],"replies":[{"embeddable":true,"href":"https:\/\/simicur.com\/de\/wp-json\/wp\/v2\/comments?post=1369"}],"version-history":[{"count":1,"href":"https:\/\/simicur.com\/de\/wp-json\/wp\/v2\/pages\/1369\/revisions"}],"predecessor-version":[{"id":1370,"href":"https:\/\/simicur.com\/de\/wp-json\/wp\/v2\/pages\/1369\/revisions\/1370"}],"up":[{"embeddable":true,"href":"https:\/\/simicur.com\/de\/wp-json\/wp\/v2\/pages\/1312"}],"wp:attachment":[{"href":"https:\/\/simicur.com\/de\/wp-json\/wp\/v2\/media?parent=1369"}],"curies":[{"name":"wp","href":"https:\/\/api.w.org\/{rel}","templated":true}]}}