{"id":1373,"date":"2020-01-19T22:43:22","date_gmt":"2020-01-19T22:43:22","guid":{"rendered":"https:\/\/simicur.dalphes.com\/?page_id=1373"},"modified":"2025-12-03T15:50:57","modified_gmt":"2025-12-03T15:50:57","slug":"information","status":"publish","type":"page","link":"https:\/\/simicur.com\/de\/information\/","title":{"rendered":"Information"},"content":{"rendered":"<p><strong>Simicur international B.V.<\/strong> startete 1990 mit der Entwicklung und Produktion von veterin\u00e4rischen Naturprodukten, darunter phytotherapeutische und hom\u00f6opathische Tinkturen, Kr\u00e4uterpr\u00e4parate und Pflegemittel. Die Simicur Produkte wurden auf der Basis von Erfahrung und Untersuchung in der tiermedizinischen Klinik entwickelt.<\/p>\n<p>Die Produktion und Qualit\u00e4t der Produkte steht unter st\u00e4ndiger veterin\u00e4rer Kontrolle. Die Produktion der hom\u00f6opathischen und phytotherapeutischen Pr\u00e4parate entspricht den international geltenden GMP (Good Manufacturing Practice) Richtlinien f\u00fcr deren Zubereitung. Es wurden strenge Anforderungen an die verwendeten Grundstoffe gestellt und es wird ausschlie\u00dflich von sorgf\u00e4ltig ausgew\u00e4hltem Material Gebrauch gemacht. W\u00e4hrend des Produktionsprozesses werden st\u00e4ndig Kontrollen durchgef\u00fchrt.<\/p>\n<p>Die Simicur Tierarzneimittel sind hom\u00f6opathische und phytotherapeutische Komplexpr\u00e4parate, speziell f\u00fcr Tiere entwickelt. Durch ihre Zusammensetzung sind sie organgerichtet, das hei\u00dft, anwendbar bei einem bestimmten Krankheitsbild. Die Zusammensetzung und die Produktion der Produkte garantiert, dass diese v\u00f6llig sicher f\u00fcr das Tier sind und absolut frei von Doping. Durch die Anwendung der veterin\u00e4rischen Naturprodukte von Simicur wird die Selbstheilungskraft des Tieres unterst\u00fctzt, damit das Tier eine optimale Gesundheit erlangt. Durch Anwendung der nat\u00fcrlichen Ingredienzien an die Ration der Tiere wirken Simicur Tierarzneimittel auch ausgezeichnet vorbeugend.<\/p>\n<p><img decoding=\"async\" class=\"size-full wp-image-63160 alignright\" src=\"https:\/\/simicur.com\/wp-content\/uploads\/2025\/05\/foto-gijsbert.jpg\" alt=\"foto-gijsbert\" width=\"250\" height=\"371\" \/><\/p>\n<p>Gijsbert van der Marel war mehr als drei\u00dfig Jahre lang das Gesicht von Simicur International B.V. F\u00fcr viele Menschen war er nicht nur ein Tierarzt, sondern auch ein vertrauter Ansprechpartner, der stets bereitstand, sowohl Tieren als auch Menschen zu helfen. Mit gro\u00dfer Freude reiste er durch das ganze Land, um Menschen zu Hause unterst\u00fctzen zu k\u00f6nnen. Durch sein Engagement hat er eine gro\u00dfe Reichweite aufgebaut und unz\u00e4hlige Menschen ber\u00fchrt \u2013 etwas, das er immer mit viel Leidenschaft und Freude getan hat.<br \/>\nLeider ging es in der letzten Phase seines Lebens gesundheitlich bereits seit einiger Zeit bergab. Im Mai 2025 ist Gijsbert im Alter von 71 Jahren verstorben. Bis zu seinem letzten Atemzug arbeitete er an seinem Lebenswerk: Simicur International.<\/p>\n<p><strong>Wer sind wir?<\/strong><\/p>\n<p>Mein Name ist Steven van der Marel, ich bin der Sohn von Gijsbert van der Marel.<\/p>\n<p>Nach dem gro\u00dfen Verlust meines Vaters habe ich beschlossen, das Unternehmen weiterzuf\u00fchren. In der Zeit, in der mein Vater krank war, habe ich den Betrieb bereits eine Weile am Laufen gehalten. Doch auch in den Jahren davor habe ich viel von meinem Vater gelernt \u2013 seine Arbeitsweise und seine Art, mit Kunden umzugehen. Angefangen hat alles vor etwas mehr als 10 Jahren. Als junger Junge bin ich mit meinem Vater zu Kunden gefahren und habe viele Menschen kennengelernt. Im Hintergrund lernte ich jedoch weit mehr, als nur die Kunden kennen. In den folgenden 10 Jahren habe ich viel \u00fcber die Produkte und deren Verkauf gelernt. Inzwischen bin ich 23 Jahre alt und habe Biotechnologie studiert. Ich denke, dass ich die Gedanken und Werte meines Vaters gut weiterf\u00fchren kann. Und ich hoffe, dass ich mit den bestehenden und neuen Kunden eine gute Beziehung weiterf\u00fchren oder aufbauen kann \u2013 mit den vertrauten Produkten von Simicur.<\/p>\n<p>&nbsp;<\/p>\n","protected":false},"excerpt":{"rendered":"<p>Simicur international B.V. startete 1990 mit der Entwicklung und Produktion  [&#8230;]<\/p>\n","protected":false},"author":1,"featured_media":0,"parent":0,"menu_order":0,"comment_status":"closed","ping_status":"closed","template":"","meta":{"footnotes":""},"class_list":["post-1373","page","type-page","status-publish","hentry"],"_links":{"self":[{"href":"https:\/\/simicur.com\/de\/wp-json\/wp\/v2\/pages\/1373","targetHints":{"allow":["GET"]}}],"collection":[{"href":"https:\/\/simicur.com\/de\/wp-json\/wp\/v2\/pages"}],"about":[{"href":"https:\/\/simicur.com\/de\/wp-json\/wp\/v2\/types\/page"}],"author":[{"embeddable":true,"href":"https:\/\/simicur.com\/de\/wp-json\/wp\/v2\/users\/1"}],"replies":[{"embeddable":true,"href":"https:\/\/simicur.com\/de\/wp-json\/wp\/v2\/comments?post=1373"}],"version-history":[{"count":11,"href":"https:\/\/simicur.com\/de\/wp-json\/wp\/v2\/pages\/1373\/revisions"}],"predecessor-version":[{"id":64176,"href":"https:\/\/simicur.com\/de\/wp-json\/wp\/v2\/pages\/1373\/revisions\/64176"}],"wp:attachment":[{"href":"https:\/\/simicur.com\/de\/wp-json\/wp\/v2\/media?parent=1373"}],"curies":[{"name":"wp","href":"https:\/\/api.w.org\/{rel}","templated":true}]}}