{"id":1376,"date":"2020-01-19T22:45:42","date_gmt":"2020-01-19T22:45:42","guid":{"rendered":"https:\/\/simicur.dalphes.com\/?page_id=1376"},"modified":"2025-12-04T19:02:30","modified_gmt":"2025-12-04T19:02:30","slug":"kontaktdaten","status":"publish","type":"page","link":"https:\/\/simicur.com\/de\/kontaktdaten\/","title":{"rendered":"Kontaktdaten"},"content":{"rendered":"<div class=\"fusion-layout-column fusion_builder_column fusion-builder-column-0 fusion_builder_column_1_2 1_2 fusion-flex-column\" style=\"--awb-bg-size:cover;--awb-width-large:50%;--awb-margin-top-large:0px;--awb-margin-bottom-large:20px;--awb-width-medium:100%;--awb-width-small:100%;\"><div class=\"fusion-column-wrapper fusion-column-has-shadow fusion-flex-justify-content-flex-start fusion-content-layout-column\"><\/p>\n<p><strong>Hausanschrift:<\/strong><br \/>\nSimicur International BV<br \/>\nCasino 33<br \/>\n6017BR Thorn<\/p>\n<p>Kontakt Kundenservice: <a href=\"mailto:info@simicur.nl\">info@simicur.nl<\/a><br \/>\nf\u00fcr Fragen, Beschwerden oder Komplimente<\/p>\n<p><strong>Bank Niederlande:<\/strong><br \/>\nING bank<br \/>\nSimicur international b.v.<br \/>\nIBAN: NL65INGB0112857574<br \/>\nBIC code: INGBNL2A<\/p>\n<p><strong>Einschreibung Handelsregister Nummer:<\/strong> 98383795<br \/>\n<strong>Mehrwertsteuernummer:<\/strong> NL86846922B01<\/p>\n<p><\/div><\/div>\n<p>&nbsp;<\/p>\n<div class=\"fusion-layout-column fusion_builder_column fusion-builder-column-1 fusion_builder_column_1_2 1_2 fusion-flex-column\" style=\"--awb-bg-size:cover;--awb-width-large:50%;--awb-margin-top-large:0px;--awb-margin-bottom-large:20px;--awb-width-medium:100%;--awb-width-small:100%;\"><div class=\"fusion-column-wrapper fusion-column-has-shadow fusion-flex-justify-content-flex-start fusion-content-layout-column\"><br \/>\nWir sind ein Unternehmen aus den Niederlanden und haben zwei Liefertermine pro Woche. Daher k\u00f6nnen wir kein \u201eHeute bestellt, morgen geliefert\u201c versprechen. Wir bem\u00fchen uns, Bestellungen innerhalb von sieben Tagen zuzustellen. Internationale Bestellungen ben\u00f6tigen grunds\u00e4tzlich mehr Zeit. Haben Sie kein PayPal? Eine Bestellung auf Rechnung ist ebenfalls m\u00f6glich \u2013 einfach per E-Mail.<\/p>\n<p><\/div><\/div>\n","protected":false},"excerpt":{"rendered":"<p>&nbsp;<\/p>\n","protected":false},"author":1,"featured_media":0,"parent":0,"menu_order":0,"comment_status":"closed","ping_status":"closed","template":"","meta":{"footnotes":""},"class_list":["post-1376","page","type-page","status-publish","hentry"],"_links":{"self":[{"href":"https:\/\/simicur.com\/de\/wp-json\/wp\/v2\/pages\/1376","targetHints":{"allow":["GET"]}}],"collection":[{"href":"https:\/\/simicur.com\/de\/wp-json\/wp\/v2\/pages"}],"about":[{"href":"https:\/\/simicur.com\/de\/wp-json\/wp\/v2\/types\/page"}],"author":[{"embeddable":true,"href":"https:\/\/simicur.com\/de\/wp-json\/wp\/v2\/users\/1"}],"replies":[{"embeddable":true,"href":"https:\/\/simicur.com\/de\/wp-json\/wp\/v2\/comments?post=1376"}],"version-history":[{"count":8,"href":"https:\/\/simicur.com\/de\/wp-json\/wp\/v2\/pages\/1376\/revisions"}],"predecessor-version":[{"id":64195,"href":"https:\/\/simicur.com\/de\/wp-json\/wp\/v2\/pages\/1376\/revisions\/64195"}],"wp:attachment":[{"href":"https:\/\/simicur.com\/de\/wp-json\/wp\/v2\/media?parent=1376"}],"curies":[{"name":"wp","href":"https:\/\/api.w.org\/{rel}","templated":true}]}}