{"id":1458,"date":"2020-01-20T08:41:21","date_gmt":"2020-01-20T08:41:21","guid":{"rendered":"https:\/\/simicur.dalphes.com\/?page_id=1458"},"modified":"2026-03-05T11:25:55","modified_gmt":"2026-03-05T11:25:55","slug":"home","status":"publish","type":"page","link":"https:\/\/simicur.com\/de\/","title":{"rendered":"Home"},"content":{"rendered":"<p><img decoding=\"async\" class=\"alignnone size-full wp-image-307\" src=\"https:\/\/simicur.dalphes.com\/wp-content\/uploads\/2019\/05\/head_graphic.jpg\" alt=\"\" width=\"650\" height=\"215\" srcset=\"https:\/\/simicur.com\/wp-content\/uploads\/2019\/05\/head_graphic-200x66.jpg 200w, https:\/\/simicur.com\/wp-content\/uploads\/2019\/05\/head_graphic-300x99.jpg 300w, https:\/\/simicur.com\/wp-content\/uploads\/2019\/05\/head_graphic-400x132.jpg 400w, https:\/\/simicur.com\/wp-content\/uploads\/2019\/05\/head_graphic-500x165.jpg 500w, https:\/\/simicur.com\/wp-content\/uploads\/2019\/05\/head_graphic-600x198.jpg 600w, https:\/\/simicur.com\/wp-content\/uploads\/2019\/05\/head_graphic.jpg 650w\" sizes=\"(max-width: 650px) 100vw, 650px\" \/><\/p>\n<div class=\"fusion-layout-column fusion_builder_column fusion-builder-column-0 fusion_builder_column_1_2 1_2 fusion-flex-column\" style=\"--awb-bg-size:cover;--awb-width-large:50%;--awb-margin-top-large:0px;--awb-margin-bottom-large:20px;--awb-width-medium:100%;--awb-width-small:100%;\"><div class=\"fusion-column-wrapper fusion-column-has-shadow fusion-flex-justify-content-flex-start fusion-content-layout-column\"><\/p>\n<p>Nach einer Zeit von etwa sechs Monaten k\u00f6nnen wir mitteilen, dass Simicur wieder ge\u00f6ffnet ist. Simicur wird von Steven van der Marel und Elles Paquay \u00fcbernommen.<\/p>\n<p>Simicur wurde 1991 von Gijsbert van der Marel gegr\u00fcndet. Er hat Simicur \u00fcber viele Jahre mit viel Engagement und Leidenschaft aufgebaut, und es f\u00fchlt sich besonders an, dies nun fortzuf\u00fchren. In den vergangenen Monaten haben wir uns die Zeit genommen, alles gr\u00fcndlich zu ordnen, weiter zu lernen und zu verstehen, wie alles funktioniert. Gijsberts Arbeitsweise und seine Verbundenheit mit den Kunden sind f\u00fcr uns ein gro\u00dfes Vorbild. Wir m\u00f6chten dieselbe Qualit\u00e4t und pers\u00f6nliche Herangehensweise beibehalten, w\u00e4hrend wir Schritt f\u00fcr Schritt unsere eigene Note einbringen. Es f\u00fchlt sich an wie der Beginn eines neuen Kapitels, basierend auf dem soliden Fundament, das mein Vater gelegt hat.<\/p>\n<p>Wenn Sie mehr \u00fcber uns oder das Unternehmen erfahren m\u00f6chten, finden Sie dies unter dem Men\u00fcpunkt <a href=\"https:\/\/simicur.com\/de\/information\/\">&#8218;Info&#8216;<\/a>.<\/p>\n<p><strong>F\u00fcr Bestellungen \u00fcber 200 Euro berechnen wir keine Versandkosten!<\/strong><\/p>\n<p>Haben Sie eine Frage zu einer Erkrankung oder einem Problem bei Ihrem Tier? Dann schauen Sie bitte im <a href=\"https:\/\/simicur.com\/de\/simicur-sprechstunde\/\"><strong>Sprechstunde<\/strong><\/a> nach bereits gestellten Fragen. Wenn Sie selbst eine Frage haben, stellen Sie diese bitte an unseren Tierarzt \u2013 er wird Ihre Anfrage so schnell wie m\u00f6glich beantworten.<\/p>\n<p>Fragen senden Sie bitte an: <a href=\"mailto:info@simicur.nl\">info@simicur.nl<\/a><\/p>\n<p><\/div><\/div>\n<div class=\"fusion-layout-column fusion_builder_column fusion-builder-column-1 fusion_builder_column_1_2 1_2 fusion-flex-column\" style=\"--awb-bg-size:cover;--awb-width-large:50%;--awb-margin-top-large:0px;--awb-margin-bottom-large:20px;--awb-width-medium:100%;--awb-width-small:100%;\"><div class=\"fusion-column-wrapper fusion-column-has-shadow fusion-flex-justify-content-flex-start fusion-content-layout-column\"><\/p>\n<p><img decoding=\"async\" class=\"alignnone size-full wp-image-2739\" src=\"https:\/\/simicur.com\/wp-content\/uploads\/2020\/05\/vink.png\" alt=\"\" width=\"17\" height=\"15\" srcset=\"https:\/\/simicur.com\/wp-content\/uploads\/2020\/05\/vink-177x142.png 177w, https:\/\/simicur.com\/wp-content\/uploads\/2020\/05\/vink-200x170.png 200w, https:\/\/simicur.com\/wp-content\/uploads\/2020\/05\/vink.png 298w\" sizes=\"(max-width: 17px) 100vw, 17px\" \/> Umfassendes Sortiment<br \/>\n<img decoding=\"async\" class=\"alignnone size-full wp-image-2739\" src=\"https:\/\/simicur.com\/wp-content\/uploads\/2020\/05\/vink.png\" alt=\"\" width=\"17\" height=\"15\" srcset=\"https:\/\/simicur.com\/wp-content\/uploads\/2020\/05\/vink-177x142.png 177w, https:\/\/simicur.com\/wp-content\/uploads\/2020\/05\/vink-200x170.png 200w, https:\/\/simicur.com\/wp-content\/uploads\/2020\/05\/vink.png 298w\" sizes=\"(max-width: 17px) 100vw, 17px\" \/> Speziell f\u00fcr Tiere entwickelt<br \/>\n<img decoding=\"async\" class=\"alignnone size-full wp-image-2739\" src=\"https:\/\/simicur.com\/wp-content\/uploads\/2020\/05\/vink.png\" alt=\"\" width=\"17\" height=\"15\" srcset=\"https:\/\/simicur.com\/wp-content\/uploads\/2020\/05\/vink-177x142.png 177w, https:\/\/simicur.com\/wp-content\/uploads\/2020\/05\/vink-200x170.png 200w, https:\/\/simicur.com\/wp-content\/uploads\/2020\/05\/vink.png 298w\" sizes=\"(max-width: 17px) 100vw, 17px\" \/> F\u00fcr die Gesamtgesundheit Ihres Tieres<br \/>\n<img decoding=\"async\" class=\"alignnone size-full wp-image-2739\" src=\"https:\/\/simicur.com\/wp-content\/uploads\/2020\/05\/vink.png\" alt=\"\" width=\"17\" height=\"15\" srcset=\"https:\/\/simicur.com\/wp-content\/uploads\/2020\/05\/vink-177x142.png 177w, https:\/\/simicur.com\/wp-content\/uploads\/2020\/05\/vink-200x170.png 200w, https:\/\/simicur.com\/wp-content\/uploads\/2020\/05\/vink.png 298w\" sizes=\"(max-width: 17px) 100vw, 17px\" \/> Keine Nebenwirkungen<br \/>\n<img decoding=\"async\" class=\"alignnone size-full wp-image-2739\" src=\"https:\/\/simicur.com\/wp-content\/uploads\/2020\/05\/vink.png\" alt=\"\" width=\"17\" height=\"15\" srcset=\"https:\/\/simicur.com\/wp-content\/uploads\/2020\/05\/vink-177x142.png 177w, https:\/\/simicur.com\/wp-content\/uploads\/2020\/05\/vink-200x170.png 200w, https:\/\/simicur.com\/wp-content\/uploads\/2020\/05\/vink.png 298w\" sizes=\"(max-width: 17px) 100vw, 17px\" \/> Bew\u00e4hrte Natur<br \/>\n<img decoding=\"async\" class=\"alignnone size-full wp-image-2739\" src=\"https:\/\/simicur.com\/wp-content\/uploads\/2020\/05\/vink.png\" alt=\"\" width=\"17\" height=\"15\" srcset=\"https:\/\/simicur.com\/wp-content\/uploads\/2020\/05\/vink-177x142.png 177w, https:\/\/simicur.com\/wp-content\/uploads\/2020\/05\/vink-200x170.png 200w, https:\/\/simicur.com\/wp-content\/uploads\/2020\/05\/vink.png 298w\" sizes=\"(max-width: 17px) 100vw, 17px\" \/> St\u00e4rkt die Selbstheilungskraft<br \/>\n<img decoding=\"async\" class=\"alignnone size-full wp-image-2739\" src=\"https:\/\/simicur.com\/wp-content\/uploads\/2020\/05\/vink.png\" alt=\"\" width=\"17\" height=\"15\" srcset=\"https:\/\/simicur.com\/wp-content\/uploads\/2020\/05\/vink-177x142.png 177w, https:\/\/simicur.com\/wp-content\/uploads\/2020\/05\/vink-200x170.png 200w, https:\/\/simicur.com\/wp-content\/uploads\/2020\/05\/vink.png 298w\" sizes=\"(max-width: 17px) 100vw, 17px\" \/> Bringt den K\u00f6rper ins Gleichgewicht<br \/>\n<img decoding=\"async\" class=\"alignnone size-full wp-image-2739\" src=\"https:\/\/simicur.com\/wp-content\/uploads\/2020\/05\/vink.png\" alt=\"\" width=\"17\" height=\"15\" srcset=\"https:\/\/simicur.com\/wp-content\/uploads\/2020\/05\/vink-177x142.png 177w, https:\/\/simicur.com\/wp-content\/uploads\/2020\/05\/vink-200x170.png 200w, https:\/\/simicur.com\/wp-content\/uploads\/2020\/05\/vink.png 298w\" sizes=\"(max-width: 17px) 100vw, 17px\" \/> Einfach zu verabreichen<\/p>\n<p><\/div><\/div>\n","protected":false},"excerpt":{"rendered":"","protected":false},"author":1,"featured_media":0,"parent":0,"menu_order":0,"comment_status":"closed","ping_status":"closed","template":"","meta":{"footnotes":""},"class_list":["post-1458","page","type-page","status-publish","hentry"],"_links":{"self":[{"href":"https:\/\/simicur.com\/de\/wp-json\/wp\/v2\/pages\/1458","targetHints":{"allow":["GET"]}}],"collection":[{"href":"https:\/\/simicur.com\/de\/wp-json\/wp\/v2\/pages"}],"about":[{"href":"https:\/\/simicur.com\/de\/wp-json\/wp\/v2\/types\/page"}],"author":[{"embeddable":true,"href":"https:\/\/simicur.com\/de\/wp-json\/wp\/v2\/users\/1"}],"replies":[{"embeddable":true,"href":"https:\/\/simicur.com\/de\/wp-json\/wp\/v2\/comments?post=1458"}],"version-history":[{"count":27,"href":"https:\/\/simicur.com\/de\/wp-json\/wp\/v2\/pages\/1458\/revisions"}],"predecessor-version":[{"id":66103,"href":"https:\/\/simicur.com\/de\/wp-json\/wp\/v2\/pages\/1458\/revisions\/66103"}],"wp:attachment":[{"href":"https:\/\/simicur.com\/de\/wp-json\/wp\/v2\/media?parent=1458"}],"curies":[{"name":"wp","href":"https:\/\/api.w.org\/{rel}","templated":true}]}}