{"id":1502,"date":"2020-01-20T15:23:06","date_gmt":"2020-01-20T15:23:06","guid":{"rendered":"https:\/\/simicur.dalphes.com\/?page_id=1502"},"modified":"2020-01-20T15:23:06","modified_gmt":"2020-01-20T15:23:06","slug":"dogbalance-naturfutter-fuetterungsempfehlung","status":"publish","type":"page","link":"https:\/\/simicur.com\/de\/natuerliches-hundefutter\/dogbalance-naturfutter-fuetterungsempfehlung\/","title":{"rendered":"DogBalance Naturfutter: F\u00fctterungsempfehlung"},"content":{"rendered":"<p>Dog Balance Hundefutter ist ein f\u00fcr den Hund vollwertiges und ausgewogenes Futter in Form von expandierten Brocken, in verschiedenen Formen mit variierenden Energiewerten. F\u00fcr unterschiedliche Hunde, abh\u00e4ngig von Rasse, Gr\u00f6\u00dfe, Training und Alter. Durch die hohen Energiewerte und die leichte Verdaulichkeit braucht nur wenig gef\u00fcttert werden und es entsteht nur eine kleine Menge fester Stuhl. Die M\u00f6glichkeit von Magen- und Darmproblemen ist so gut wie Null. Es ist ein vollst\u00e4ndiges Futter, so dass es nicht n\u00f6tig ist beizuf\u00fcttern. Es wird auch abgeraten, andere Produkte oder Vitaminpr\u00e4parate und Kalk zu geben. M\u00f6chten Sie dem Hund ab und zu etwas extra geben, dann geben Sie ein wenig Pansen, eventuell erg\u00e4nzt mit Reis (Di\u00e4t Balance-BioFlakes).<\/p>\n<p>Die knusprigen, expandierten Brocken werden nach dem Fressen im Magen abgelegt. Um daf\u00fcr zu sorgen, dass der Futterbrei im Magen nicht austrocknet ist es absolut notwendig, dem Hund ausreichend frisches Trinkwasser beim Fressen zur Verf\u00fcgung zu stellen. Wenn Ihr Hund das Futter hinunterschlingt, wird die Verdauung nicht optimal verlaufen k\u00f6nnen. Das Futter ist dann nicht gut genug mit Speichel aufgeweicht. Es ist dann vern\u00fcnftig, die Brocken im warmen Wasser einzuweichen, bevor sie dem Hund gegeben werden.<\/p>\n<p>Wenn der Hund nach dem Fressen dazu neigt, sich zu \u00fcbergeben, dann geben Sie ihm eine Halbe Stunde vor dem Fressen eine Scheibe Brot, eventuell mit Butter beschmiert. Hierdurch wird die Verdauung gleichsam gestartet.<\/p>\n<p>Nach dem Fressen ist der Magen des Hundes f\u00fcr gew\u00f6hnlich voll. Zur Vorbeugung von Magenproblemen, wie Magentorsion ist es erforderlich, dass Ihr Hund bis zu eine Stunde nach dem Fressen Ruhe hat.<\/p>\n<p><strong>Wie viel Dog Balance f\u00fcttern.<\/strong><br \/>\nBeim F\u00fcttern sollte eine Anzahl Richtlinien beachtet werden:<\/p>\n<ol>\n<li>Nicht zuviel f\u00fcttern (d.h., zuviel f\u00fcttern f\u00fchrt zu Durchfall)<\/li>\n<li>Geben Sie dem Hund nach der Mahlzeit mindestens eine Stunde Ruhe.<\/li>\n<li>Beide Regeln sind besonders wichtig f\u00fcr Welpen. Diese sollte man 4-5 mal am Tag mit kleinen Portionen f\u00fcttern. Auch Welpen m\u00fcssen nach dem Fressen mindestens eine Stunde Ruhe haben.<\/li>\n<li>Es ist ein vollst\u00e4ndiges Futter, so dass es nicht n\u00f6tig ist beizuf\u00fcttern. Es wird auch abgeraten, andere Produkte oder Vitaminpr\u00e4parate und Kalk zu geben. M\u00f6chten Sie dem Hund ab und zu etwas extra geben, dann geben Sie ein wenig Pansen, eventuell erg\u00e4nzt mit Reis und Gem\u00fcse (BioFlakes).<\/li>\n<li>Die Menge Futter, die der Hund braucht, wird nach dem Gewicht des Hundes berechnet und nach dem ben\u00f6tigten verdaulichen Brennwert (Siehe Tabellen der verschiedenen Futtersorten).<\/li>\n<\/ol>\n<p><strong>Warum ist das so wichtig?<br \/>\n<\/strong>Wenn man einem Hund 10% zuviel Futter gibt, nimmt das Tier ungef\u00e4hr 50% mehr Wasser auf. Hierdurch nimmt der Magen 60% an Volumen zu, das Tier bekommt ein aufgebl\u00e4htes Gef\u00fchl und will das so schnell wie m\u00f6glich verlieren. Das \u00e4u\u00dfert sich manchmal in Erbrechen, meistens in Durchfall. Entsprechendes gilt, wenn die Tiere nach dem F\u00fcttern nicht die Zeit bekommen, das Futter in Ruhe zu verdauen.<\/p>\n<p><strong>\u00dcberleitung zu Dog Balance.<\/strong><br \/>\nAuch beim \u00dcbergang von unterschiedlichen Futtersorten ist es wichtig, das nicht auf einmal zu tun, sondern nach und nach. Dadurch ist das Risiko auf Durchfall geringer. Nehmen Sie hierf\u00fcr mindestens 5 Tage \u00dcbergangszeit, in der das alte Futter langsam durch das neue Futter ersetzt wird.<\/p>\n<p>Beim \u00dcbergang von einem zum anderen Futter ist es wichtig, das nicht auf einmal zu tun, sondern nach und nach. Hierdurch nimmt das Risiko auf Durchfall bedeutend ab. Nehmen Sie hierf\u00fcr mindestens 5 Tage \u00dcbergangszeit, in der das alte Futter langsam durch das neue Futter ersetzt wird. Ein praktisches Schema hierbei ist das folgende (z.B. wenn ein Hund t\u00e4glich 300 Gramm Futter ben\u00f6tigt):<\/p>\n<p>Tag 1: 4\/5 alt + 1\/5 neu (240 gr. + 60 gr.)<br \/>\nTag 2: 3\/5 alt + 2\/5 neu (180 gr. + 120 gr.)<br \/>\nTag 3: 50% alt + 50% neu (jeweils 150 gr.)<br \/>\nTag 4: 2\/5 alt + 3\/5 neu (120 gr. + 180 gr.)<br \/>\nTag 5: 1\/5 alt + 4\/5 neu (240 gr. + 60 gr.)<br \/>\nab Tag 6: 100% neues Futter (300 gr.)<\/p>\n","protected":false},"excerpt":{"rendered":"<p>Dog Balance Hundefutter ist ein f\u00fcr den Hund vollwertiges und  [&#8230;]<\/p>\n","protected":false},"author":1,"featured_media":0,"parent":1045,"menu_order":0,"comment_status":"closed","ping_status":"closed","template":"","meta":{"footnotes":""},"class_list":["post-1502","page","type-page","status-publish","hentry"],"_links":{"self":[{"href":"https:\/\/simicur.com\/de\/wp-json\/wp\/v2\/pages\/1502","targetHints":{"allow":["GET"]}}],"collection":[{"href":"https:\/\/simicur.com\/de\/wp-json\/wp\/v2\/pages"}],"about":[{"href":"https:\/\/simicur.com\/de\/wp-json\/wp\/v2\/types\/page"}],"author":[{"embeddable":true,"href":"https:\/\/simicur.com\/de\/wp-json\/wp\/v2\/users\/1"}],"replies":[{"embeddable":true,"href":"https:\/\/simicur.com\/de\/wp-json\/wp\/v2\/comments?post=1502"}],"version-history":[{"count":1,"href":"https:\/\/simicur.com\/de\/wp-json\/wp\/v2\/pages\/1502\/revisions"}],"predecessor-version":[{"id":1503,"href":"https:\/\/simicur.com\/de\/wp-json\/wp\/v2\/pages\/1502\/revisions\/1503"}],"up":[{"embeddable":true,"href":"https:\/\/simicur.com\/de\/wp-json\/wp\/v2\/pages\/1045"}],"wp:attachment":[{"href":"https:\/\/simicur.com\/de\/wp-json\/wp\/v2\/media?parent=1502"}],"curies":[{"name":"wp","href":"https:\/\/api.w.org\/{rel}","templated":true}]}}