{"id":1504,"date":"2020-01-20T15:23:50","date_gmt":"2020-01-20T15:23:50","guid":{"rendered":"https:\/\/simicur.dalphes.com\/?page_id=1504"},"modified":"2020-01-20T15:23:50","modified_gmt":"2020-01-20T15:23:50","slug":"dog-balance-naturfutter-allgemeine-informationen","status":"publish","type":"page","link":"https:\/\/simicur.com\/de\/natuerliches-hundefutter\/dog-balance-naturfutter-allgemeine-informationen\/","title":{"rendered":"Dog Balance Naturfutter: Allgemeine Informationen"},"content":{"rendered":"<p><strong>&#8218;Was braucht ein Hund, um gesund zu sein.&#8216;<br \/>\n<\/strong>Das ist die zentrale Frage bei der Zusammensetzung eines gesunden Naturfutters f\u00fcr Hunde. Daf\u00fcr gehen wir zur\u00fcck zur Natur mit der Frage: Worauf basiert das nat\u00fcrliche Futter eines Hundes? Der Hund ist ein so genanntes &#8218;Wildtier&#8216;. Wenn man den Wolf und andere verwandte Tiere studiert wei\u00df man, dass sie Beutetiere t\u00f6ten und auffressen. Nach dem T\u00f6ten werden erst die Innereien (Magen und D\u00e4rme) und Organe gefressen, danach wird auf Fleisch, Blut und Knochen \u00fcbergegangen. Mit den Innereien werden zuerst Gr\u00fcnfutter, Kr\u00e4uter und Mineralstoffe gefressen, erg\u00e4nzt mit Wasser, S\u00e4uren und Eiwei\u00dfen. Danach werden Calcium und Phosphor mit Teilen des Skeletts aufgef\u00fcllt und mit dem Blut hat man eine gute Natriumaufnahme. Durch das Fressen von Leber und Nieren werden die Vitamine erg\u00e4nzt und Fetts\u00e4uren werden mit dem Fett rund um die Innereien aufgenommen.<\/p>\n<p><strong>Mit dem Fressen der Beute hat der Hund also Folgendes gefressen: Getreide, pflanzliche Nebenerzeugnisse, Fleisch und tierische Nebenerzeugnisse, \u00d6le und Fette, S\u00e4uren, Mineralstoffe und Vitamine. <\/strong><br \/>\nDiese Zusammensetzung ist der Ausgangspunkt f\u00fcr Dog Balance Naturfutter. Dadurch, dass wir hochwertige Grundstoffe verwenden, haben wir ein sehr gut verdauliches und vollwertiges Futter hergestellt, mit dem der Hunde auf nat\u00fcrliche Weise fit und gesund bleibt.<\/p>\n<p><strong> Darum &#8218;Dog Balance&#8216; Naturfutter<br \/>\n<\/strong> Ein sehr wichtiger Aspekt bei der Zusammensetzung unseres Futter ist, dass wir f\u00fcr die tierische Eiwei\u00dfquelle Fleischmehl verwenden, das von geschlachteten Tieren stammt, welche f\u00fcr den menschlichen Konsum genehmigt worden sind. Als Fettbeigabe verwenden wir raffiniertes Rinder- und H\u00fchnerfett, das so gut wie geruchlos und sehr gut verdaulich ist. Durch eine extra Beigabe der Vitamine E und C wird die Haltbarkeit sichergestellt. In unserem Futter werden daher keine k\u00fcnstlichen Geschmacksverst\u00e4rker und Konservierungsmittel verwendet.<\/p>\n<p>Das Resultat ist ein gut ausgewogenes Futter, welches 99% der Tiere gut bekommt und das aller Kritik standhalten kann.<\/p>\n<p><strong>Durch die Verwendung dieser hochwertigen Grundstoffe:<\/strong><\/p>\n<ul>\n<li>Ist die Akzeptanz des Futters sehr gut. Das Futter wird gerne und mit Appetit gefressen.<\/li>\n<li>Entsteht in den D\u00e4rmen eine gesunde Darmbakterienflora, wodurch Darmprobleme (Durchfall und Erbrechen) begrenzt bleiben und keine allergischen Hautreaktionen auftreten.<\/li>\n<li>Ist die Entwicklung und Kondition von Knochen, Gelenken und Muskeln optimal, so dass kaum Verletzungen auftreten und vorzeitige Alterserscheinungen ausbleiben.<\/li>\n<li>Ist der Widerstand gegen Infektionen gro\u00df.<\/li>\n<li>Bleibt die Konstitution des Gebisses gut, so dass Kauprobleme ausbleiben.<\/li>\n<li>Hat der Hund eine gesunde Ausstrahlung, durch das gl\u00e4nzende Fell und die ausgezeichnete Kondition.<\/li>\n<li>Bleiben die Nieren bis ins hohe Gesundheit in optimaler Gesundheit.<\/li>\n<\/ul>\n<p><strong>Dog Balance<\/strong> ist ein <strong>Premium Qualit\u00e4ts- Hundefutter<\/strong>, das man erh\u00e4lt, wenn man bei der Zubereitung Gebrauch macht von:<\/p>\n<ul>\n<li>Gereinigtem Rinder- und H\u00fchnerfett, wodurch der Geschmack optimalisiert wird. Diese Fettsorten sind so gut wie geruchlos und haben eine hohe Verdaulichkeit. Die Hunde bekommen dadurch ein weiches und gl\u00e4nzendes Fell.<\/li>\n<li>Aufgeschlossenem Mais und Weizenmehl als Kohlenhydratquelle. Die Futtermischung wird f\u00fcr ihre knusprige Form nachtr\u00e4glich expandiert, so dass die Kohlenhydrate doppelt aufgeschlossen sind. Das Futter ist dadurch \u00e4u\u00dferst leicht verdaulich, mit dem Vorteil einer geringen Menge an festem Stuhlgang und das verh\u00e4ltnism\u00e4\u00dfig wenig gef\u00fcttert werden muss.<\/li>\n<li>Fleischmehl, das von geschlachteten Tieren stammt, welche f\u00fcr den menschlichen Konsum genehmigt worden sind ist die hochwertige Eiwei\u00dfquelle, die den K\u00f6rper nicht belastet. Die Hunde erlangen eine optimale Gesundheit, zeigen keine allergischen Reaktionen und behalten gut arbeitende Nieren. Dadurch tritt kaum Zahnsteinbildung auf.<\/li>\n<li>Einer ausgewogenen Menge Vitamine und Mineralstoffe, wodurch die Hunde eine gute Kondition und eine starke Knochenstruktur bekommen.<\/li>\n<\/ul>\n<p><strong>Dog Balance Hundefutter ist pure Natur, die Premium Qualit\u00e4t wird durch Gutachten aus den Skandinavischen L\u00e4ndern gew\u00e4hrleistet. <\/strong><\/p>\n","protected":false},"excerpt":{"rendered":"<p>&#8218;Was braucht ein Hund, um gesund zu sein.&#8216; Das ist  [&#8230;]<\/p>\n","protected":false},"author":1,"featured_media":0,"parent":1045,"menu_order":0,"comment_status":"closed","ping_status":"closed","template":"","meta":{"footnotes":""},"class_list":["post-1504","page","type-page","status-publish","hentry"],"_links":{"self":[{"href":"https:\/\/simicur.com\/de\/wp-json\/wp\/v2\/pages\/1504","targetHints":{"allow":["GET"]}}],"collection":[{"href":"https:\/\/simicur.com\/de\/wp-json\/wp\/v2\/pages"}],"about":[{"href":"https:\/\/simicur.com\/de\/wp-json\/wp\/v2\/types\/page"}],"author":[{"embeddable":true,"href":"https:\/\/simicur.com\/de\/wp-json\/wp\/v2\/users\/1"}],"replies":[{"embeddable":true,"href":"https:\/\/simicur.com\/de\/wp-json\/wp\/v2\/comments?post=1504"}],"version-history":[{"count":1,"href":"https:\/\/simicur.com\/de\/wp-json\/wp\/v2\/pages\/1504\/revisions"}],"predecessor-version":[{"id":1505,"href":"https:\/\/simicur.com\/de\/wp-json\/wp\/v2\/pages\/1504\/revisions\/1505"}],"up":[{"embeddable":true,"href":"https:\/\/simicur.com\/de\/wp-json\/wp\/v2\/pages\/1045"}],"wp:attachment":[{"href":"https:\/\/simicur.com\/de\/wp-json\/wp\/v2\/media?parent=1504"}],"curies":[{"name":"wp","href":"https:\/\/api.w.org\/{rel}","templated":true}]}}