{"id":1524,"date":"2020-01-20T20:09:39","date_gmt":"2020-01-20T20:09:39","guid":{"rendered":"https:\/\/simicur.dalphes.com\/?page_id=1524"},"modified":"2020-01-20T20:09:39","modified_gmt":"2020-01-20T20:09:39","slug":"spiergel","status":"publish","type":"page","link":"https:\/\/simicur.com\/de\/pflegende-produkte\/spiergel\/","title":{"rendered":"Spiergel"},"content":{"rendered":"<div class=\"woocommerce\">\t\t\t<div class=\"single-product\" data-product-page-preselected-id=\"0\">\n\t\t\t\t<div class=\"woocommerce-notices-wrapper\"><\/div><div id=\"product-1416\" class=\"product type-product post-1416 status-publish first instock product_cat-pflegende-produkte has-post-thumbnail featured taxable shipping-taxable purchasable product-type-simple product-grid-view\">\n\n\t<div class=\"avada-single-product-gallery-wrapper\">\n<div class=\"woocommerce-product-gallery woocommerce-product-gallery--with-images woocommerce-product-gallery--columns-4 images avada-product-gallery\" data-columns=\"4\" style=\"opacity: 0; transition: opacity .25s ease-in-out;\">\n\t<div class=\"woocommerce-product-gallery__wrapper\">\n\t\t<div data-thumb=\"https:\/\/simicur.com\/wp-content\/uploads\/2020\/01\/Spiergel_4b815563d0092-100x100.png\" data-thumb-alt=\"Spiergel\" data-thumb-srcset=\"https:\/\/simicur.com\/wp-content\/uploads\/2020\/01\/Spiergel_4b815563d0092-66x66.png 66w, https:\/\/simicur.com\/wp-content\/uploads\/2020\/01\/Spiergel_4b815563d0092-100x100.png 100w, https:\/\/simicur.com\/wp-content\/uploads\/2020\/01\/Spiergel_4b815563d0092-150x150.png 150w\"  data-thumb-sizes=\"(max-width: 100px) 100vw, 100px\" class=\"woocommerce-product-gallery__image\"><a href=\"https:\/\/simicur.com\/wp-content\/uploads\/2020\/01\/Spiergel_4b815563d0092.png\"><img decoding=\"async\" width=\"300\" height=\"450\" src=\"https:\/\/simicur.com\/wp-content\/uploads\/2020\/01\/Spiergel_4b815563d0092.png\" class=\"wp-post-image\" alt=\"Spiergel\" data-caption=\"\" data-src=\"https:\/\/simicur.com\/wp-content\/uploads\/2020\/01\/Spiergel_4b815563d0092.png\" data-large_image=\"https:\/\/simicur.com\/wp-content\/uploads\/2020\/01\/Spiergel_4b815563d0092.png\" data-large_image_width=\"300\" data-large_image_height=\"450\" srcset=\"https:\/\/simicur.com\/wp-content\/uploads\/2020\/01\/Spiergel_4b815563d0092-200x300.png 200w, https:\/\/simicur.com\/wp-content\/uploads\/2020\/01\/Spiergel_4b815563d0092.png 300w\" sizes=\"(max-width: 300px) 100vw, 300px\" \/><\/a><a class=\"avada-product-gallery-lightbox-trigger\" href=\"https:\/\/simicur.com\/wp-content\/uploads\/2020\/01\/Spiergel_4b815563d0092.png\" data-rel=\"iLightbox[]\" alt=\"\" data-title=\"Spiergel_4b815563d0092\" title=\"Spiergel_4b815563d0092\" data-caption=\"\"><\/a><\/div>\t<\/div>\n<\/div>\n<\/div>\n\n\t<div class=\"summary entry-summary\">\n\t\t<div class=\"summary-container\"><h1 class=\"product_title entry-title\">Spiergel<\/h1><p class=\"price\"><span class=\"woocommerce-Price-amount amount\"><bdi><span class=\"woocommerce-Price-currencySymbol\">&euro;<\/span>19.99<\/bdi><\/span><\/p>\n\n<div class=\"post-content woocommerce-product-details__short-description\">\n\t<p><b>Indikationen:<\/b> Versorgung von Muskeln und Gelenken. Anzuwenden bei Verletzungen von Muskeln, Sehnen und Gelenken; als &#8218;warming up&#8216; und &#8218;cooling down&#8216; von Muskeln und Extremit\u00e4ten; um Muskeln geschmeidig zu halten und bei R\u00fcckenschmerzen.<\/p>\n<\/div>\n\n\t\n\t<form class=\"cart\" action=\"\" method=\"post\" enctype='multipart\/form-data'>\n\t\t\n\t\t<div class=\"quantity\">\n\t\t<label class=\"screen-reader-text\" for=\"quantity_6a01f474bd5cc\">Spiergel Menge<\/label>\n\t<input\n\t\ttype=\"number\"\n\t\t\t\tid=\"quantity_6a01f474bd5cc\"\n\t\tclass=\"input-text qty text\"\n\t\tname=\"quantity\"\n\t\tvalue=\"1\"\n\t\taria-label=\"Produktmenge\"\n\t\t\t\tmin=\"1\"\n\t\t\t\t\t\t\tstep=\"1\"\n\t\t\tplaceholder=\"\"\n\t\t\tinputmode=\"numeric\"\n\t\t\tautocomplete=\"off\"\n\t\t\t\/>\n\t<\/div>\n\n\t\t<button type=\"submit\" name=\"add-to-cart\" value=\"1416\" class=\"single_add_to_cart_button button alt\">In den Warenkorb<\/button>\n\n\t\t\t<\/form>\n\n\t\n<div class=\"product_meta\">\n\n\t\n\t\n\t\t<span class=\"sku_wrapper\">Artikelnummer: <span class=\"sku\">spier-1<\/span><\/span>\n\n\t\n\t<span class=\"posted_in\">Kategorie: <a href=\"https:\/\/simicur.com\/de\/product-category\/pflegende-produkte\/\" rel=\"tag\">Pflegende Produkte<\/a><\/span>\n\t\n\t\n<\/div>\n<\/div>\t<\/div>\n\n\t\n\t<div class=\"woocommerce-tabs wc-tabs-wrapper\">\n\t\t<ul class=\"tabs wc-tabs\" role=\"tablist\">\n\t\t\t\t\t\t\t<li role=\"presentation\" class=\"description_tab\" id=\"tab-title-description\">\n\t\t\t\t\t<a href=\"#tab-description\" role=\"tab\" aria-controls=\"tab-description\">\n\t\t\t\t\t\tBeschreibung\t\t\t\t\t<\/a>\n\t\t\t\t<\/li>\n\t\t\t\t\t\t\t<li role=\"presentation\" class=\"additional_information_tab\" id=\"tab-title-additional_information\">\n\t\t\t\t\t<a href=\"#tab-additional_information\" role=\"tab\" aria-controls=\"tab-additional_information\">\n\t\t\t\t\t\tZus\u00e4tzliche Informationen\t\t\t\t\t<\/a>\n\t\t\t\t<\/li>\n\t\t\t\t\t<\/ul>\n\t\t\t\t\t<div class=\"woocommerce-Tabs-panel woocommerce-Tabs-panel--description panel entry-content wc-tab\" id=\"tab-description\" role=\"tabpanel\" aria-labelledby=\"tab-title-description\">\n\t\t\t\t\n<div class=\"post-content\">\n\t\t  <h3 class=\"fusion-woocommerce-tab-title\">Beschreibung<\/h3>\n\t\n\t<p>SIMICUR Spiergel ist ein k\u00fchlendes Gel auf naturreiner Basis. Das Spiergel wirkt erleichternd bei Verletzungen von Muskeln, Gelenken und Sehnen und h\u00e4lt den K\u00f6rper des Pferdes geschmeidig. Das Spiergel kann man au\u00dferdem f\u00fcr Massagen verwenden, um die Beine nach der Arbeit zu k\u00fchlen.<\/p>\n<p><strong>Wirkung: <\/strong>SIMICUR Spiergel ist ein Menthogel, erg\u00e4nzt mit den \u00e4therischen \u00d6len Eucalyptus und Rosmarin. Hierdurch hat das Gel eine anregende Wirkung auf die Durchblutung des Gewebes. Das Spiergel hat eine k\u00fchlende, krampf- und schmerzstillende Wirkung und ist anzuwenden bei Verletzungen von Muskeln, Gelenken und Sehnen. Au\u00dferdem kann das Gel vor und nach der Arbeit verwendet werden, um die Muskeln und Sehnen von Hals, R\u00fccken und Extremit\u00e4ten geschmeidig zu halten.<\/p>\n<p><strong>Anwendung: <\/strong>Spiergel auf die Handfl\u00e4che auftragen und durch reibende Bewegungen den K\u00f6rper einschmieren und massieren. Spiergel kann auch bei verdickten oder geschwollenen Teilen des K\u00f6rpers angewendet werden. Spiergel ist ausschlie\u00dflich f\u00fcr den \u00e4u\u00dferlichen Gebrauch bestimmt und kann so im Sport verwendet werden.<\/p>\n<p><strong>Inhalt:<\/strong> 500 ml<\/p>\n<\/div>\n\t\t\t<\/div>\n\t\t\t\t\t<div class=\"woocommerce-Tabs-panel woocommerce-Tabs-panel--additional_information panel entry-content wc-tab\" id=\"tab-additional_information\" role=\"tabpanel\" aria-labelledby=\"tab-title-additional_information\">\n\t\t\t\t\n\t<h3 class=\"fusion-woocommerce-tab-title\">Zus\u00e4tzliche Informationen<\/h3>\n\n<table class=\"woocommerce-product-attributes shop_attributes\" aria-label=\"Produktdetails\">\n\t\t\t<tr class=\"woocommerce-product-attributes-item woocommerce-product-attributes-item--weight\">\n\t\t\t<th class=\"woocommerce-product-attributes-item__label\" scope=\"row\">Gewicht<\/th>\n\t\t\t<td class=\"woocommerce-product-attributes-item__value\">0.5 kg<\/td>\n\t\t<\/tr>\n\t<\/table>\n\t\t\t<\/div>\n\t\t\n\t\t\t<\/div>\n\n<div class=\"fusion-clearfix\"><\/div>\n\n<div class=\"fusion-clearfix\"><\/div>\n\t<section class=\"related products\">\n\n\t\t\t\t\t<h2>\u00c4hnliche Produkte<\/h2>\n\t\t\t\t<ul class=\"products clearfix products-4\">\n\n\t\t\t\n\t\t\t\t\t<li class=\"product type-product post-1419 status-publish first instock product_cat-pflegende-produkte has-post-thumbnail taxable shipping-taxable purchasable product-type-simple product-grid-view\">\n\t<div class=\"fusion-product-wrapper\">\n<a href=\"https:\/\/simicur.com\/de\/shop\/pflegende-produkte\/tendogel\/\" class=\"product-images\" aria-label=\"Tendogel\">\n\n<div class=\"featured-image\">\n\t\t<img decoding=\"async\" width=\"300\" height=\"450\" src=\"https:\/\/simicur.com\/wp-content\/uploads\/2020\/01\/Tendogel_4b8154f0cc561.png\" class=\"attachment-woocommerce_thumbnail size-woocommerce_thumbnail wp-post-image\" alt=\"\" srcset=\"https:\/\/simicur.com\/wp-content\/uploads\/2020\/01\/Tendogel_4b8154f0cc561-200x300.png 200w, https:\/\/simicur.com\/wp-content\/uploads\/2020\/01\/Tendogel_4b8154f0cc561.png 300w\" sizes=\"(max-width: 300px) 100vw, 300px\" \/>\n\t\t\t\t\t\t<div class=\"cart-loading\"><i class=\"awb-icon-spinner\" aria-hidden=\"true\"><\/i><\/div>\n\t\t\t<\/div>\n<\/a>\n<div class=\"fusion-product-content\">\n\t<div class=\"product-details\">\n\t\t<div class=\"product-details-container\">\n<h3 class=\"product-title\">\n\t<a href=\"https:\/\/simicur.com\/de\/shop\/pflegende-produkte\/tendogel\/\">\n\t\tTendogel\t<\/a>\n<\/h3>\n<div class=\"fusion-price-rating\">\n\t<div itemprop=\"description\" style=\"font-size: 80%; height:150px;\">\r\n\t\t<p><b>Indikationen:<\/b> Versorgung von Sehnen und B\u00e4ndern. Anzuwenden bei Sehnenverletzungen und bei Gelenkverstauchungen.<\/p>\n\t<\/div>\r\n\t\n\t<span class=\"price\"><span class=\"woocommerce-Price-amount amount\"><bdi><span class=\"woocommerce-Price-currencySymbol\">&euro;<\/span>19.99<\/bdi><\/span><\/span>\n\t\t<\/div>\n\t<\/div>\n<\/div>\n\n\n\t<div class=\"product-buttons\">\n\t\t<div class=\"fusion-content-sep sep-double sep-solid\"><\/div>\n\t\t<div class=\"product-buttons-container clearfix\">\n<a href=\"\/de\/wp-json\/wp\/v2\/pages\/1524?add-to-cart=1419\" aria-describedby=\"woocommerce_loop_add_to_cart_link_describedby_1419\" data-quantity=\"1\" class=\"button product_type_simple add_to_cart_button ajax_add_to_cart\" data-product_id=\"1419\" data-product_sku=\"\" aria-label=\"In den Warenkorb legen: \u201eTendogel\u201c\" rel=\"nofollow\">In den Warenkorb<\/a>\t<span id=\"woocommerce_loop_add_to_cart_link_describedby_1419\" class=\"screen-reader-text\">\n\t\t\t<\/span>\n\n<a href=\"https:\/\/simicur.com\/de\/shop\/pflegende-produkte\/tendogel\/\" class=\"show_details_button\">\n\tDetails<\/a>\n\n\n\t<\/div>\n\t<\/div>\n\n\t<\/div> <\/div>\n<\/li>\n\n\t\t\t\n\t\t\t\t\t<li class=\"product type-product post-1420 status-publish outofstock product_cat-pflegende-produkte has-post-thumbnail taxable shipping-taxable purchasable product-type-simple product-grid-view\">\n\t<div class=\"fusion-product-wrapper\">\n<a href=\"https:\/\/simicur.com\/de\/shop\/pflegende-produkte\/wundsalbe\/\" class=\"product-images\" aria-label=\"Wundsalbe\">\n<div class=\"fusion-woo-badges-wrapper\">\n\t<div class=\"fusion-out-of-stock\">\n\t\t<div class=\"fusion-position-text\">\n\t\t\tOut of stock\t\t<\/div>\n\t<\/div>\n<\/div><div class=\"featured-image\">\n\t\t<img decoding=\"async\" width=\"450\" height=\"300\" src=\"https:\/\/simicur.com\/wp-content\/uploads\/2020\/01\/Wondzalf_4b8155009dab5.png\" class=\"attachment-woocommerce_thumbnail size-woocommerce_thumbnail wp-post-image\" alt=\"\" srcset=\"https:\/\/simicur.com\/wp-content\/uploads\/2020\/01\/Wondzalf_4b8155009dab5-200x133.png 200w, https:\/\/simicur.com\/wp-content\/uploads\/2020\/01\/Wondzalf_4b8155009dab5-300x200.png 300w, https:\/\/simicur.com\/wp-content\/uploads\/2020\/01\/Wondzalf_4b8155009dab5-400x267.png 400w, https:\/\/simicur.com\/wp-content\/uploads\/2020\/01\/Wondzalf_4b8155009dab5.png 450w\" sizes=\"(max-width: 450px) 100vw, 450px\" \/>\n\t\t\t\t\t\t<div class=\"cart-loading\"><i class=\"awb-icon-spinner\" aria-hidden=\"true\"><\/i><\/div>\n\t\t\t<\/div>\n<\/a>\n<div class=\"fusion-product-content\">\n\t<div class=\"product-details\">\n\t\t<div class=\"product-details-container\">\n<h3 class=\"product-title\">\n\t<a href=\"https:\/\/simicur.com\/de\/shop\/pflegende-produkte\/wundsalbe\/\">\n\t\tWundsalbe\t<\/a>\n<\/h3>\n<div class=\"fusion-price-rating\">\n\t<div itemprop=\"description\" style=\"font-size: 80%; height:150px;\">\r\n\t\t<p><b>Indikationen:<\/b> Versorgung von Haut und Wunden. Anzuwenden bei schlecht heilenden Wunden und bei empfindlicher und trockener Haut.<\/p>\n\t<\/div>\r\n\t\n\t<span class=\"price\"><span class=\"woocommerce-Price-amount amount\"><bdi><span class=\"woocommerce-Price-currencySymbol\">&euro;<\/span>14.99<\/bdi><\/span><\/span>\n\t\t<\/div>\n\t<\/div>\n<\/div>\n\n\n\t<div class=\"product-buttons\">\n\t\t<div class=\"fusion-content-sep sep-double sep-solid\"><\/div>\n\t\t<div class=\"product-buttons-container clearfix\">\n\n<a href=\"https:\/\/simicur.com\/de\/shop\/pflegende-produkte\/wundsalbe\/\" class=\"show_details_button\" style=\"float:none;max-width:none;text-align:center;\">\n\tDetails<\/a>\n\n\n\t<\/div>\n\t<\/div>\n\n\t<\/div> <\/div>\n<\/li>\n\n\t\t\t\n\t\t\t\t\t<li class=\"product type-product post-1423 status-publish outofstock product_cat-pflegende-produkte has-post-thumbnail taxable shipping-taxable purchasable product-type-simple product-grid-view\">\n\t<div class=\"fusion-product-wrapper\">\n<a href=\"https:\/\/simicur.com\/de\/shop\/pflegende-produkte\/hautol\/\" class=\"product-images\" aria-label=\"Haut\u00f6l\">\n<div class=\"fusion-woo-badges-wrapper\">\n\t<div class=\"fusion-out-of-stock\">\n\t\t<div class=\"fusion-position-text\">\n\t\t\tOut of stock\t\t<\/div>\n\t<\/div>\n<\/div><div class=\"featured-image\">\n\t\t<img decoding=\"async\" width=\"300\" height=\"450\" src=\"https:\/\/simicur.com\/wp-content\/uploads\/2020\/01\/Huidolie_4b8154bca2b50.png\" class=\"attachment-woocommerce_thumbnail size-woocommerce_thumbnail wp-post-image\" alt=\"\" srcset=\"https:\/\/simicur.com\/wp-content\/uploads\/2020\/01\/Huidolie_4b8154bca2b50-200x300.png 200w, https:\/\/simicur.com\/wp-content\/uploads\/2020\/01\/Huidolie_4b8154bca2b50.png 300w\" sizes=\"(max-width: 300px) 100vw, 300px\" \/>\n\t\t\t\t\t\t<div class=\"cart-loading\"><i class=\"awb-icon-spinner\" aria-hidden=\"true\"><\/i><\/div>\n\t\t\t<\/div>\n<\/a>\n<div class=\"fusion-product-content\">\n\t<div class=\"product-details\">\n\t\t<div class=\"product-details-container\">\n<h3 class=\"product-title\">\n\t<a href=\"https:\/\/simicur.com\/de\/shop\/pflegende-produkte\/hautol\/\">\n\t\tHaut\u00f6l\t<\/a>\n<\/h3>\n<div class=\"fusion-price-rating\">\n\t<div itemprop=\"description\" style=\"font-size: 80%; height:150px;\">\r\n\t\t<p><b>Indikationen:<\/b> Versorgung der juckenden Haut. Anzuwenden bei Sommerekzem, Flohallergie, allergischen Hautreaktionen die mit Juckreiz einhergehen.<\/p>\n\t<\/div>\r\n\t\n\t<span class=\"price\"><span class=\"woocommerce-Price-amount amount\"><bdi><span class=\"woocommerce-Price-currencySymbol\">&euro;<\/span>24.45<\/bdi><\/span><\/span>\n\t\t<\/div>\n\t<\/div>\n<\/div>\n\n\n\t<div class=\"product-buttons\">\n\t\t<div class=\"fusion-content-sep sep-double sep-solid\"><\/div>\n\t\t<div class=\"product-buttons-container clearfix\">\n\n<a href=\"https:\/\/simicur.com\/de\/shop\/pflegende-produkte\/hautol\/\" class=\"show_details_button\" style=\"float:none;max-width:none;text-align:center;\">\n\tDetails<\/a>\n\n\n\t<\/div>\n\t<\/div>\n\n\t<\/div> <\/div>\n<\/li>\n\n\t\t\t\n\t\t\t\t\t<li class=\"product type-product post-1424 status-publish last outofstock product_cat-pflegende-produkte has-post-thumbnail taxable shipping-taxable purchasable product-type-simple product-grid-view\">\n\t<div class=\"fusion-product-wrapper\">\n<a href=\"https:\/\/simicur.com\/de\/shop\/pflegende-produkte\/shampoo\/\" class=\"product-images\" aria-label=\"Shampoo\">\n<div class=\"fusion-woo-badges-wrapper\">\n\t<div class=\"fusion-out-of-stock\">\n\t\t<div class=\"fusion-position-text\">\n\t\t\tOut of stock\t\t<\/div>\n\t<\/div>\n<\/div><div class=\"featured-image\">\n\t\t<img decoding=\"async\" width=\"300\" height=\"450\" src=\"https:\/\/simicur.com\/wp-content\/uploads\/2020\/01\/Shampoo_4b81569e4cdc3.png\" class=\"attachment-woocommerce_thumbnail size-woocommerce_thumbnail wp-post-image\" alt=\"\" srcset=\"https:\/\/simicur.com\/wp-content\/uploads\/2020\/01\/Shampoo_4b81569e4cdc3-200x300.png 200w, https:\/\/simicur.com\/wp-content\/uploads\/2020\/01\/Shampoo_4b81569e4cdc3.png 300w\" sizes=\"(max-width: 300px) 100vw, 300px\" \/>\n\t\t\t\t\t\t<div class=\"cart-loading\"><i class=\"awb-icon-spinner\" aria-hidden=\"true\"><\/i><\/div>\n\t\t\t<\/div>\n<\/a>\n<div class=\"fusion-product-content\">\n\t<div class=\"product-details\">\n\t\t<div class=\"product-details-container\">\n<h3 class=\"product-title\">\n\t<a href=\"https:\/\/simicur.com\/de\/shop\/pflegende-produkte\/shampoo\/\">\n\t\tShampoo\t<\/a>\n<\/h3>\n<div class=\"fusion-price-rating\">\n\t<div itemprop=\"description\" style=\"font-size: 80%; height:150px;\">\r\n\t\t<p>SIMICUR Shampoo ist ein von Natur aus reines Shampoo, wirkt biologisch, pflegend und entfettend sowie beruhigend und desinfizierend.<\/p>\n\t<\/div>\r\n\t\n\t<span class=\"price\"><span class=\"woocommerce-Price-amount amount\"><bdi><span class=\"woocommerce-Price-currencySymbol\">&euro;<\/span>5.90<\/bdi><\/span><\/span>\n\t\t<\/div>\n\t<\/div>\n<\/div>\n\n\n\t<div class=\"product-buttons\">\n\t\t<div class=\"fusion-content-sep sep-double sep-solid\"><\/div>\n\t\t<div class=\"product-buttons-container clearfix\">\n\n<a href=\"https:\/\/simicur.com\/de\/shop\/pflegende-produkte\/shampoo\/\" class=\"show_details_button\" style=\"float:none;max-width:none;text-align:center;\">\n\tDetails<\/a>\n\n\n\t<\/div>\n\t<\/div>\n\n\t<\/div> <\/div>\n<\/li>\n\n\t\t\t\n\t\t<\/ul>\n\n\t<\/section>\n\t<\/div>\n\n\t\t\t<\/div>\n\t\t\t<\/div>\n","protected":false},"excerpt":{"rendered":"","protected":false},"author":1,"featured_media":0,"parent":1059,"menu_order":0,"comment_status":"closed","ping_status":"closed","template":"","meta":{"footnotes":""},"class_list":["post-1524","page","type-page","status-publish","hentry"],"_links":{"self":[{"href":"https:\/\/simicur.com\/de\/wp-json\/wp\/v2\/pages\/1524","targetHints":{"allow":["GET"]}}],"collection":[{"href":"https:\/\/simicur.com\/de\/wp-json\/wp\/v2\/pages"}],"about":[{"href":"https:\/\/simicur.com\/de\/wp-json\/wp\/v2\/types\/page"}],"author":[{"embeddable":true,"href":"https:\/\/simicur.com\/de\/wp-json\/wp\/v2\/users\/1"}],"replies":[{"embeddable":true,"href":"https:\/\/simicur.com\/de\/wp-json\/wp\/v2\/comments?post=1524"}],"version-history":[{"count":2,"href":"https:\/\/simicur.com\/de\/wp-json\/wp\/v2\/pages\/1524\/revisions"}],"predecessor-version":[{"id":1526,"href":"https:\/\/simicur.com\/de\/wp-json\/wp\/v2\/pages\/1524\/revisions\/1526"}],"up":[{"embeddable":true,"href":"https:\/\/simicur.com\/de\/wp-json\/wp\/v2\/pages\/1059"}],"wp:attachment":[{"href":"https:\/\/simicur.com\/de\/wp-json\/wp\/v2\/media?parent=1524"}],"curies":[{"name":"wp","href":"https:\/\/api.w.org\/{rel}","templated":true}]}}