{"id":1557,"date":"2020-01-20T20:15:52","date_gmt":"2020-01-20T20:15:52","guid":{"rendered":"https:\/\/simicur.dalphes.com\/?page_id=1557"},"modified":"2020-01-20T20:15:52","modified_gmt":"2020-01-20T20:15:52","slug":"senior-balance","status":"publish","type":"page","link":"https:\/\/simicur.com\/de\/natuerliches-katzenfutter\/senior-balance\/","title":{"rendered":"Senior Balance"},"content":{"rendered":"<div class=\"woocommerce\">\t\t\t<div class=\"single-product\" data-product-page-preselected-id=\"0\">\n\t\t\t\t<div class=\"woocommerce-notices-wrapper\"><\/div><div id=\"product-930\" class=\"product type-product post-930 status-publish first outofstock product_cat-uncategorized-de has-post-thumbnail taxable shipping-taxable purchasable product-type-variable product-grid-view\">\n\n\t<div class=\"avada-single-product-gallery-wrapper\">\n<div class=\"woocommerce-product-gallery woocommerce-product-gallery--with-images woocommerce-product-gallery--columns-4 images avada-product-gallery\" data-columns=\"4\" style=\"opacity: 0; transition: opacity .25s ease-in-out;\">\n\t<div class=\"woocommerce-product-gallery__wrapper\">\n\t\t<div data-thumb=\"https:\/\/simicur.com\/wp-content\/uploads\/2020\/01\/Senior_Balance_4b7eab70d425c-100x100.jpg\" data-thumb-alt=\"Senior Balance\" data-thumb-srcset=\"https:\/\/simicur.com\/wp-content\/uploads\/2020\/01\/Senior_Balance_4b7eab70d425c-66x66.jpg 66w, https:\/\/simicur.com\/wp-content\/uploads\/2020\/01\/Senior_Balance_4b7eab70d425c-100x100.jpg 100w, https:\/\/simicur.com\/wp-content\/uploads\/2020\/01\/Senior_Balance_4b7eab70d425c-150x150.jpg 150w\"  data-thumb-sizes=\"(max-width: 100px) 100vw, 100px\" class=\"woocommerce-product-gallery__image\"><a href=\"https:\/\/simicur.com\/wp-content\/uploads\/2020\/01\/Senior_Balance_4b7eab70d425c.jpg\"><img decoding=\"async\" width=\"350\" height=\"450\" src=\"https:\/\/simicur.com\/wp-content\/uploads\/2020\/01\/Senior_Balance_4b7eab70d425c.jpg\" class=\"wp-post-image\" alt=\"Senior Balance\" data-caption=\"\" data-src=\"https:\/\/simicur.com\/wp-content\/uploads\/2020\/01\/Senior_Balance_4b7eab70d425c.jpg\" data-large_image=\"https:\/\/simicur.com\/wp-content\/uploads\/2020\/01\/Senior_Balance_4b7eab70d425c.jpg\" data-large_image_width=\"350\" data-large_image_height=\"450\" skip-lazyload=\"1\" srcset=\"https:\/\/simicur.com\/wp-content\/uploads\/2020\/01\/Senior_Balance_4b7eab70d425c-200x257.jpg 200w, https:\/\/simicur.com\/wp-content\/uploads\/2020\/01\/Senior_Balance_4b7eab70d425c-233x300.jpg 233w, https:\/\/simicur.com\/wp-content\/uploads\/2020\/01\/Senior_Balance_4b7eab70d425c.jpg 350w\" sizes=\"(max-width: 350px) 100vw, 350px\" \/><\/a><a class=\"avada-product-gallery-lightbox-trigger\" href=\"https:\/\/simicur.com\/wp-content\/uploads\/2020\/01\/Senior_Balance_4b7eab70d425c.jpg\" data-rel=\"iLightbox[]\" alt=\"\" data-title=\"Senior_Balance_4b7eab70d425c\" title=\"Senior_Balance_4b7eab70d425c\" data-caption=\"\"><\/a><\/div>\t<\/div>\n<\/div>\n<\/div>\n\n\t<div class=\"summary entry-summary\">\n\t\t<div class=\"summary-container\"><h1 class=\"product_title entry-title\">Senior Balance<\/h1><p class=\"price\">Vanaf : <span class=\"woocommerce-Price-amount amount\"><bdi><span class=\"woocommerce-Price-currencySymbol\">&euro;<\/span>6.56<\/bdi><\/span><\/p>\n\n<div class=\"post-content woocommerce-product-details__short-description\">\n\t<p>F\u00fcr allergische Katzen und Katzen mit empfindlicher Haut und f\u00fcr Katzen mit \u00dcbergewicht. F\u00fcr allergische Katzen und f\u00fcr Katzen mit empfindlicher Haut und f\u00fcr zu dicke Katzen. Dem Futter sind keine k\u00fcnstlichen Farb-, Duft- und Aromastoffe zugef\u00fcgt und es ist frei von chemischen Konservierungsmitteln.<\/p>\n<\/div>\n\n<form class=\"variations_form cart\" action=\"\" method=\"post\" enctype='multipart\/form-data' data-product_id=\"930\" data-product_variations=\"[{&quot;attributes&quot;:{&quot;attribute_hoeveelheid&quot;:&quot;1 kg&quot;},&quot;availability_html&quot;:&quot;&lt;p class=\\&quot;stock out-of-stock\\&quot;&gt;Nicht vorr\\u00e4tig&lt;\\\/p&gt;\\n&quot;,&quot;backorders_allowed&quot;:false,&quot;dimensions&quot;:{&quot;length&quot;:&quot;&quot;,&quot;width&quot;:&quot;&quot;,&quot;height&quot;:&quot;&quot;},&quot;dimensions_html&quot;:&quot;n.\\u00a0a.&quot;,&quot;display_price&quot;:6.56,&quot;display_regular_price&quot;:6.56,&quot;image&quot;:{&quot;title&quot;:&quot;Senior_Balance_4b7eab70d425c&quot;,&quot;caption&quot;:&quot;&quot;,&quot;url&quot;:&quot;https:\\\/\\\/simicur.com\\\/wp-content\\\/uploads\\\/2020\\\/01\\\/Senior_Balance_4b7eab70d425c.jpg&quot;,&quot;alt&quot;:&quot;Senior_Balance_4b7eab70d425c&quot;,&quot;src&quot;:&quot;https:\\\/\\\/simicur.com\\\/wp-content\\\/uploads\\\/2020\\\/01\\\/Senior_Balance_4b7eab70d425c.jpg&quot;,&quot;srcset&quot;:&quot;https:\\\/\\\/simicur.com\\\/wp-content\\\/uploads\\\/2020\\\/01\\\/Senior_Balance_4b7eab70d425c-200x257.jpg 200w, https:\\\/\\\/simicur.com\\\/wp-content\\\/uploads\\\/2020\\\/01\\\/Senior_Balance_4b7eab70d425c-233x300.jpg 233w, https:\\\/\\\/simicur.com\\\/wp-content\\\/uploads\\\/2020\\\/01\\\/Senior_Balance_4b7eab70d425c.jpg 350w&quot;,&quot;sizes&quot;:&quot;(max-width: 350px) 100vw, 350px&quot;,&quot;full_src&quot;:&quot;https:\\\/\\\/simicur.com\\\/wp-content\\\/uploads\\\/2020\\\/01\\\/Senior_Balance_4b7eab70d425c.jpg&quot;,&quot;full_src_w&quot;:350,&quot;full_src_h&quot;:450,&quot;gallery_thumbnail_src&quot;:&quot;https:\\\/\\\/simicur.com\\\/wp-content\\\/uploads\\\/2020\\\/01\\\/Senior_Balance_4b7eab70d425c-100x100.jpg&quot;,&quot;gallery_thumbnail_src_w&quot;:100,&quot;gallery_thumbnail_src_h&quot;:100,&quot;thumb_src&quot;:&quot;https:\\\/\\\/simicur.com\\\/wp-content\\\/uploads\\\/2020\\\/01\\\/Senior_Balance_4b7eab70d425c.jpg&quot;,&quot;thumb_src_w&quot;:350,&quot;thumb_src_h&quot;:450,&quot;src_w&quot;:350,&quot;src_h&quot;:450},&quot;image_id&quot;:1793,&quot;is_downloadable&quot;:false,&quot;is_in_stock&quot;:false,&quot;is_purchasable&quot;:true,&quot;is_sold_individually&quot;:&quot;no&quot;,&quot;is_virtual&quot;:false,&quot;max_qty&quot;:&quot;&quot;,&quot;min_qty&quot;:1,&quot;price_html&quot;:&quot;&lt;span class=\\&quot;price\\&quot;&gt;&lt;span class=\\&quot;woocommerce-Price-amount amount\\&quot;&gt;&lt;bdi&gt;&lt;span class=\\&quot;woocommerce-Price-currencySymbol\\&quot;&gt;&amp;euro;&lt;\\\/span&gt;6.56&lt;\\\/bdi&gt;&lt;\\\/span&gt;&lt;\\\/span&gt;&quot;,&quot;sku&quot;:&quot;cb-1&quot;,&quot;variation_description&quot;:&quot;&quot;,&quot;variation_id&quot;:931,&quot;variation_is_active&quot;:true,&quot;variation_is_visible&quot;:true,&quot;weight&quot;:&quot;1&quot;,&quot;weight_html&quot;:&quot;1 kg&quot;},{&quot;attributes&quot;:{&quot;attribute_hoeveelheid&quot;:&quot;3 kg&quot;},&quot;availability_html&quot;:&quot;&lt;p class=\\&quot;stock out-of-stock\\&quot;&gt;Nicht vorr\\u00e4tig&lt;\\\/p&gt;\\n&quot;,&quot;backorders_allowed&quot;:false,&quot;dimensions&quot;:{&quot;length&quot;:&quot;&quot;,&quot;width&quot;:&quot;&quot;,&quot;height&quot;:&quot;&quot;},&quot;dimensions_html&quot;:&quot;n.\\u00a0a.&quot;,&quot;display_price&quot;:13.68,&quot;display_regular_price&quot;:13.68,&quot;image&quot;:{&quot;title&quot;:&quot;Senior_Balance_4b7eab70d425c&quot;,&quot;caption&quot;:&quot;&quot;,&quot;url&quot;:&quot;https:\\\/\\\/simicur.com\\\/wp-content\\\/uploads\\\/2020\\\/01\\\/Senior_Balance_4b7eab70d425c.jpg&quot;,&quot;alt&quot;:&quot;Senior_Balance_4b7eab70d425c&quot;,&quot;src&quot;:&quot;https:\\\/\\\/simicur.com\\\/wp-content\\\/uploads\\\/2020\\\/01\\\/Senior_Balance_4b7eab70d425c.jpg&quot;,&quot;srcset&quot;:&quot;https:\\\/\\\/simicur.com\\\/wp-content\\\/uploads\\\/2020\\\/01\\\/Senior_Balance_4b7eab70d425c-200x257.jpg 200w, https:\\\/\\\/simicur.com\\\/wp-content\\\/uploads\\\/2020\\\/01\\\/Senior_Balance_4b7eab70d425c-233x300.jpg 233w, https:\\\/\\\/simicur.com\\\/wp-content\\\/uploads\\\/2020\\\/01\\\/Senior_Balance_4b7eab70d425c.jpg 350w&quot;,&quot;sizes&quot;:&quot;(max-width: 350px) 100vw, 350px&quot;,&quot;full_src&quot;:&quot;https:\\\/\\\/simicur.com\\\/wp-content\\\/uploads\\\/2020\\\/01\\\/Senior_Balance_4b7eab70d425c.jpg&quot;,&quot;full_src_w&quot;:350,&quot;full_src_h&quot;:450,&quot;gallery_thumbnail_src&quot;:&quot;https:\\\/\\\/simicur.com\\\/wp-content\\\/uploads\\\/2020\\\/01\\\/Senior_Balance_4b7eab70d425c-100x100.jpg&quot;,&quot;gallery_thumbnail_src_w&quot;:100,&quot;gallery_thumbnail_src_h&quot;:100,&quot;thumb_src&quot;:&quot;https:\\\/\\\/simicur.com\\\/wp-content\\\/uploads\\\/2020\\\/01\\\/Senior_Balance_4b7eab70d425c.jpg&quot;,&quot;thumb_src_w&quot;:350,&quot;thumb_src_h&quot;:450,&quot;src_w&quot;:350,&quot;src_h&quot;:450},&quot;image_id&quot;:1793,&quot;is_downloadable&quot;:false,&quot;is_in_stock&quot;:false,&quot;is_purchasable&quot;:true,&quot;is_sold_individually&quot;:&quot;no&quot;,&quot;is_virtual&quot;:false,&quot;max_qty&quot;:&quot;&quot;,&quot;min_qty&quot;:1,&quot;price_html&quot;:&quot;&lt;span class=\\&quot;price\\&quot;&gt;&lt;span class=\\&quot;woocommerce-Price-amount amount\\&quot;&gt;&lt;bdi&gt;&lt;span class=\\&quot;woocommerce-Price-currencySymbol\\&quot;&gt;&amp;euro;&lt;\\\/span&gt;13.68&lt;\\\/bdi&gt;&lt;\\\/span&gt;&lt;\\\/span&gt;&quot;,&quot;sku&quot;:&quot;cb-1&quot;,&quot;variation_description&quot;:&quot;&quot;,&quot;variation_id&quot;:932,&quot;variation_is_active&quot;:true,&quot;variation_is_visible&quot;:true,&quot;weight&quot;:&quot;3&quot;,&quot;weight_html&quot;:&quot;3 kg&quot;},{&quot;attributes&quot;:{&quot;attribute_hoeveelheid&quot;:&quot;10 Kilogramm&quot;},&quot;availability_html&quot;:&quot;&lt;p class=\\&quot;stock out-of-stock\\&quot;&gt;Nicht vorr\\u00e4tig&lt;\\\/p&gt;\\n&quot;,&quot;backorders_allowed&quot;:false,&quot;dimensions&quot;:{&quot;length&quot;:&quot;&quot;,&quot;width&quot;:&quot;&quot;,&quot;height&quot;:&quot;&quot;},&quot;dimensions_html&quot;:&quot;n.\\u00a0a.&quot;,&quot;display_price&quot;:31.47,&quot;display_regular_price&quot;:31.47,&quot;image&quot;:{&quot;title&quot;:&quot;Senior_Balance_4b7eab70d425c&quot;,&quot;caption&quot;:&quot;&quot;,&quot;url&quot;:&quot;https:\\\/\\\/simicur.com\\\/wp-content\\\/uploads\\\/2020\\\/01\\\/Senior_Balance_4b7eab70d425c.jpg&quot;,&quot;alt&quot;:&quot;Senior_Balance_4b7eab70d425c&quot;,&quot;src&quot;:&quot;https:\\\/\\\/simicur.com\\\/wp-content\\\/uploads\\\/2020\\\/01\\\/Senior_Balance_4b7eab70d425c.jpg&quot;,&quot;srcset&quot;:&quot;https:\\\/\\\/simicur.com\\\/wp-content\\\/uploads\\\/2020\\\/01\\\/Senior_Balance_4b7eab70d425c-200x257.jpg 200w, https:\\\/\\\/simicur.com\\\/wp-content\\\/uploads\\\/2020\\\/01\\\/Senior_Balance_4b7eab70d425c-233x300.jpg 233w, https:\\\/\\\/simicur.com\\\/wp-content\\\/uploads\\\/2020\\\/01\\\/Senior_Balance_4b7eab70d425c.jpg 350w&quot;,&quot;sizes&quot;:&quot;(max-width: 350px) 100vw, 350px&quot;,&quot;full_src&quot;:&quot;https:\\\/\\\/simicur.com\\\/wp-content\\\/uploads\\\/2020\\\/01\\\/Senior_Balance_4b7eab70d425c.jpg&quot;,&quot;full_src_w&quot;:350,&quot;full_src_h&quot;:450,&quot;gallery_thumbnail_src&quot;:&quot;https:\\\/\\\/simicur.com\\\/wp-content\\\/uploads\\\/2020\\\/01\\\/Senior_Balance_4b7eab70d425c-100x100.jpg&quot;,&quot;gallery_thumbnail_src_w&quot;:100,&quot;gallery_thumbnail_src_h&quot;:100,&quot;thumb_src&quot;:&quot;https:\\\/\\\/simicur.com\\\/wp-content\\\/uploads\\\/2020\\\/01\\\/Senior_Balance_4b7eab70d425c.jpg&quot;,&quot;thumb_src_w&quot;:350,&quot;thumb_src_h&quot;:450,&quot;src_w&quot;:350,&quot;src_h&quot;:450},&quot;image_id&quot;:1793,&quot;is_downloadable&quot;:false,&quot;is_in_stock&quot;:false,&quot;is_purchasable&quot;:true,&quot;is_sold_individually&quot;:&quot;no&quot;,&quot;is_virtual&quot;:false,&quot;max_qty&quot;:&quot;&quot;,&quot;min_qty&quot;:1,&quot;price_html&quot;:&quot;&lt;span class=\\&quot;price\\&quot;&gt;&lt;span class=\\&quot;woocommerce-Price-amount amount\\&quot;&gt;&lt;bdi&gt;&lt;span class=\\&quot;woocommerce-Price-currencySymbol\\&quot;&gt;&amp;euro;&lt;\\\/span&gt;31.47&lt;\\\/bdi&gt;&lt;\\\/span&gt;&lt;\\\/span&gt;&quot;,&quot;sku&quot;:&quot;cb-1&quot;,&quot;variation_description&quot;:&quot;&quot;,&quot;variation_id&quot;:933,&quot;variation_is_active&quot;:true,&quot;variation_is_visible&quot;:true,&quot;weight&quot;:&quot;10&quot;,&quot;weight_html&quot;:&quot;10 kg&quot;}]\">\n\t\n\t\t\t<table class=\"variations\" cellspacing=\"0\" role=\"presentation\">\n\t\t\t<tbody>\n\t\t\t\t\t\t\t\t\t<tr>\n\t\t\t\t\t\t<th class=\"label\"><label for=\"hoeveelheid\">Hoeveelheid<\/label><\/th>\n\t\t\t\t\t\t<td class=\"value\">\n\t\t\t\t\t\t\t<select id=\"hoeveelheid\" class=\"\" name=\"attribute_hoeveelheid\" data-attribute_name=\"attribute_hoeveelheid\" data-show_option_none=\"yes\"><option value=\"\">W\u00e4hle eine Option<\/option><option value=\"1 kg\" >1 kg<\/option><option value=\"3 kg\" >3 kg<\/option><option value=\"10 Kilogramm\" >10 Kilogramm<\/option><\/select><\/td>\n\t\t\t\t<\/tr>\n\t\t\t\t<tr>\n\t\t\t\t\t<td class=\"label\"><\/td>\n\t\t\t\t\t<td class=\"value\">\n\t\t\t\t\t\t<div class=\"single_variation_price_reset\">\n\t\t\t\t\t\t\t<div class=\"single_variation_wrap\">\n\t\t\t\t\t\t\t\t<div class=\"avada-variation single_variation\"><\/div>\n\t\t\t\t\t\t\t<\/div><a class=\"reset_variations\" href=\"#\">Clear selection<\/a><\/div>\t\t\t\t\t\t<\/td>\n\t\t\t\t\t<\/tr>\n\t\t\t\t\t\t\t<\/tbody>\n\t\t<\/table>\n\t\t<div class=\"reset_variations_alert screen-reader-text\" role=\"alert\" aria-live=\"polite\" aria-relevant=\"all\"><\/div>\n\t\t\n\t\t<div class=\"single_variation_wrap\">\n\t\t\t<div class=\"woocommerce-variation single_variation\" role=\"alert\" aria-relevant=\"additions\"><\/div><div class=\"woocommerce-variation-add-to-cart variations_button\">\n\t\n\t<div class=\"quantity\">\n\t\t<label class=\"screen-reader-text\" for=\"quantity_69f577e8e3229\">Senior Balance Menge<\/label>\n\t<input\n\t\ttype=\"number\"\n\t\t\t\tid=\"quantity_69f577e8e3229\"\n\t\tclass=\"input-text qty text\"\n\t\tname=\"quantity\"\n\t\tvalue=\"1\"\n\t\taria-label=\"Produktmenge\"\n\t\t\t\tmin=\"1\"\n\t\t\t\t\t\t\tstep=\"1\"\n\t\t\tplaceholder=\"\"\n\t\t\tinputmode=\"numeric\"\n\t\t\tautocomplete=\"off\"\n\t\t\t\/>\n\t<\/div>\n\n\t<button type=\"submit\" class=\"single_add_to_cart_button button alt\">In den Warenkorb<\/button>\n\n\t\n\t<input type=\"hidden\" name=\"add-to-cart\" value=\"930\" \/>\n\t<input type=\"hidden\" name=\"product_id\" value=\"930\" \/>\n\t<input type=\"hidden\" name=\"variation_id\" class=\"variation_id\" value=\"0\" \/>\n<\/div>\n\t\t<\/div>\n\t\n\t<\/form>\n\n<div class=\"product_meta\">\n\n\t\n\t\n\t\t<span class=\"sku_wrapper\">Artikelnummer: <span class=\"sku\">cb-1<\/span><\/span>\n\n\t\n\t<span class=\"posted_in\">Kategorie: <a href=\"https:\/\/simicur.com\/de\/product-category\/uncategorized-de\/\" rel=\"tag\">Uncategorized<\/a><\/span>\n\t\n\t\n<\/div>\n<\/div>\t<\/div>\n\n\t\n\t<div class=\"woocommerce-tabs wc-tabs-wrapper\">\n\t\t<ul class=\"tabs wc-tabs\" role=\"tablist\">\n\t\t\t\t\t\t\t<li role=\"presentation\" class=\"description_tab\" id=\"tab-title-description\">\n\t\t\t\t\t<a href=\"#tab-description\" role=\"tab\" aria-controls=\"tab-description\">\n\t\t\t\t\t\tBeschreibung\t\t\t\t\t<\/a>\n\t\t\t\t<\/li>\n\t\t\t\t\t\t\t<li role=\"presentation\" class=\"additional_information_tab\" id=\"tab-title-additional_information\">\n\t\t\t\t\t<a href=\"#tab-additional_information\" role=\"tab\" aria-controls=\"tab-additional_information\">\n\t\t\t\t\t\tZus\u00e4tzliche Informationen\t\t\t\t\t<\/a>\n\t\t\t\t<\/li>\n\t\t\t\t\t<\/ul>\n\t\t\t\t\t<div class=\"woocommerce-Tabs-panel woocommerce-Tabs-panel--description panel entry-content wc-tab\" id=\"tab-description\" role=\"tabpanel\" aria-labelledby=\"tab-title-description\">\n\t\t\t\t\n<div class=\"post-content\">\n\t\t  <h3 class=\"fusion-woocommerce-tab-title\">Beschreibung<\/h3>\n\t\n\t<p>Eine ausgewogene Ern\u00e4hrung f\u00fcr die alte Katze aller Rassen, f\u00fcr empfindliche Katzen und Katzen mit zarter Haut und f\u00fcr die Katze \u00fcbergewichtig (zu fette Katze). Vollkatzenfutter f\u00fcr \u00e4ltere Katzen-Ten (\u00e4lter als 10 Jahre), f\u00fcr empfindliche Katzen und f\u00fcr Katzen mit empfindlicher Haut und f\u00fcr zu dicke Katzen-Ten. Dieses Futter ist ohne k\u00fcnstliche Farben, D\u00fcfte und Aromen und ist frei von chemischen Konservierungsstoffen. Eine leicht verdauliche Mahlzeit f\u00fcr die Katze mit Unterst\u00fctzung der Blase extra Taurine. Senior Balance ist ein ausgewogenes und vollst\u00e4ndiges Futter, mit allen Vitaminen und Mineralien im richtigen Verh\u00e4ltnis, in Form von knusprigen und knusprigen, ausgedehnten St\u00fccke, die trocken gef\u00fcttert werden k\u00f6nnen und gut f\u00fcr die Z\u00e4hne sind.<\/p>\n<hr \/>\n<table border=\"0\">\n<tbody>\n<tr>\n<td valign=\"top\"><strong>Komposition:<\/strong><\/td>\n<td><em>Getreide, pflanzliche Nebenprodukte, Fleisch und tierische Nebenprodukte, pflanzliche Eiwei\u00dfextrakte, \u00d6l und Fett, Hefe, Mineralien und Vitamine.<\/em><\/td>\n<\/tr>\n<tr>\n<td valign=\"top\"><strong>Analyse:<\/strong><\/td>\n<td><em>Rohprotein 25, Rohfett 8, Zellulose 2,5, Asche 8, Feuchtigkeit max. 10.0, Calcium 1.4, Phosphor 1, Natrium 0,5, Magnesium 0,15.<\/em><\/td>\n<\/tr>\n<tr>\n<td valign=\"top\"><strong>Vitamine &amp; Minerals-Zusatz pro kg:<\/strong><\/td>\n<td><em>Vit. A 20.000 i.E., Vit D3 2000 i.E., Vit E 100 mg., Vit B1 10 mg., Vit B2 14 mg., Vit B6 6 mg., Vit B12 5 mcg., Vit C 25 mg, Vit H 50 mcg., Vit K3 6 mg, Fols\u00e4ure 4 mg, Niacin 80 mg , Pantothens\u00e4ure 40 mg, Choline 600 mg, Cu 22 mg, Fe 150 mg., Zn 110mg., Mn 60 mg., Co 3 mg, I 1.5 mg. Taurin 510 mg<\/em><\/td>\n<\/tr>\n<tr>\n<td><strong>Energie:<\/strong><\/td>\n<td><em>1499 KJ\/100 Gr. = Verdauliche Energie: 1331 KJ\/100 gr. Seniorenbilanz<\/em><\/td>\n<\/tr>\n<\/tbody>\n<\/table>\n<hr \/>\n<p><strong>Ern\u00e4hrungsberatung:<\/strong> Eine \u00e4ltere Katze braucht etwa 50-70 Gramm Seniorenbilanz, um den Futterbedarf zu decken. Das Futter kann trocken gegeben werden, am besten auf 2 Mahlzeiten verteilt.<\/p>\n<p>Achten Sie darauf, dass immer gen\u00fcgend frisches Trinkwasser zur Verf\u00fcgung steht.<\/p>\n<p><strong>Inhalt:<\/strong> 1-3-10 Kg.<\/p>\n<\/div>\n\t\t\t<\/div>\n\t\t\t\t\t<div class=\"woocommerce-Tabs-panel woocommerce-Tabs-panel--additional_information panel entry-content wc-tab\" id=\"tab-additional_information\" role=\"tabpanel\" aria-labelledby=\"tab-title-additional_information\">\n\t\t\t\t\n\t<h3 class=\"fusion-woocommerce-tab-title\">Zus\u00e4tzliche Informationen<\/h3>\n\n<table class=\"woocommerce-product-attributes shop_attributes\" aria-label=\"Produktdetails\">\n\t\t\t<tr class=\"woocommerce-product-attributes-item woocommerce-product-attributes-item--weight\">\n\t\t\t<th class=\"woocommerce-product-attributes-item__label\" scope=\"row\">Gewicht<\/th>\n\t\t\t<td class=\"woocommerce-product-attributes-item__value\">n.\u00a0a.<\/td>\n\t\t<\/tr>\n\t\t\t<tr class=\"woocommerce-product-attributes-item woocommerce-product-attributes-item--attribute_hoeveelheid\">\n\t\t\t<th class=\"woocommerce-product-attributes-item__label\" scope=\"row\">Hoeveelheid<\/th>\n\t\t\t<td class=\"woocommerce-product-attributes-item__value\"><p>1 kg, 3 kg, 10 Kilogramm<\/p>\n<\/td>\n\t\t<\/tr>\n\t<\/table>\n\t\t\t<\/div>\n\t\t\n\t\t\t<\/div>\n\n<div class=\"fusion-clearfix\"><\/div>\n\n<div class=\"fusion-clearfix\"><\/div><\/div>\n\n\t\t\t<\/div>\n\t\t\t<\/div>\n","protected":false},"excerpt":{"rendered":"","protected":false},"author":1,"featured_media":0,"parent":1043,"menu_order":0,"comment_status":"closed","ping_status":"closed","template":"","meta":{"footnotes":""},"class_list":["post-1557","page","type-page","status-publish","hentry"],"_links":{"self":[{"href":"https:\/\/simicur.com\/de\/wp-json\/wp\/v2\/pages\/1557","targetHints":{"allow":["GET"]}}],"collection":[{"href":"https:\/\/simicur.com\/de\/wp-json\/wp\/v2\/pages"}],"about":[{"href":"https:\/\/simicur.com\/de\/wp-json\/wp\/v2\/types\/page"}],"author":[{"embeddable":true,"href":"https:\/\/simicur.com\/de\/wp-json\/wp\/v2\/users\/1"}],"replies":[{"embeddable":true,"href":"https:\/\/simicur.com\/de\/wp-json\/wp\/v2\/comments?post=1557"}],"version-history":[{"count":2,"href":"https:\/\/simicur.com\/de\/wp-json\/wp\/v2\/pages\/1557\/revisions"}],"predecessor-version":[{"id":1561,"href":"https:\/\/simicur.com\/de\/wp-json\/wp\/v2\/pages\/1557\/revisions\/1561"}],"up":[{"embeddable":true,"href":"https:\/\/simicur.com\/de\/wp-json\/wp\/v2\/pages\/1043"}],"wp:attachment":[{"href":"https:\/\/simicur.com\/de\/wp-json\/wp\/v2\/media?parent=1557"}],"curies":[{"name":"wp","href":"https:\/\/api.w.org\/{rel}","templated":true}]}}