{"id":1565,"date":"2020-01-20T20:17:48","date_gmt":"2020-01-20T20:17:48","guid":{"rendered":"https:\/\/simicur.dalphes.com\/?page_id=1565"},"modified":"2020-01-20T20:17:48","modified_gmt":"2020-01-20T20:17:48","slug":"corneacur","status":"publish","type":"page","link":"https:\/\/simicur.com\/de\/homoeopathische-arzneimittel\/corneacur\/","title":{"rendered":"Corneacur"},"content":{"rendered":"<div class=\"woocommerce\">\t\t\t<div class=\"single-product\" data-product-page-preselected-id=\"0\">\n\t\t\t\t<div class=\"woocommerce-notices-wrapper\"><\/div><div id=\"product-1448\" class=\"product type-product post-1448 status-publish first instock product_cat-homoopathische-arzneimittel has-post-thumbnail taxable shipping-taxable purchasable product-type-simple product-grid-view\">\n\n\t<div class=\"avada-single-product-gallery-wrapper\">\n<div class=\"woocommerce-product-gallery woocommerce-product-gallery--with-images woocommerce-product-gallery--columns-4 images avada-product-gallery\" data-columns=\"4\" style=\"opacity: 0; transition: opacity .25s ease-in-out;\">\n\t<div class=\"woocommerce-product-gallery__wrapper\">\n\t\t<div data-thumb=\"https:\/\/simicur.com\/wp-content\/uploads\/2020\/01\/05_simicur_corneacur-100x100.jpg\" data-thumb-alt=\"Corneacur\" data-thumb-srcset=\"https:\/\/simicur.com\/wp-content\/uploads\/2020\/01\/05_simicur_corneacur-66x66.jpg 66w, https:\/\/simicur.com\/wp-content\/uploads\/2020\/01\/05_simicur_corneacur-100x100.jpg 100w, https:\/\/simicur.com\/wp-content\/uploads\/2020\/01\/05_simicur_corneacur-150x150.jpg 150w\"  data-thumb-sizes=\"(max-width: 100px) 100vw, 100px\" class=\"woocommerce-product-gallery__image\"><a href=\"https:\/\/simicur.com\/wp-content\/uploads\/2020\/01\/05_simicur_corneacur.jpg\"><img decoding=\"async\" width=\"640\" height=\"800\" src=\"https:\/\/simicur.com\/wp-content\/uploads\/2020\/01\/05_simicur_corneacur.jpg\" class=\"wp-post-image\" alt=\"Corneacur\" data-caption=\"\" data-src=\"https:\/\/simicur.com\/wp-content\/uploads\/2020\/01\/05_simicur_corneacur.jpg\" data-large_image=\"https:\/\/simicur.com\/wp-content\/uploads\/2020\/01\/05_simicur_corneacur.jpg\" data-large_image_width=\"640\" data-large_image_height=\"800\" srcset=\"https:\/\/simicur.com\/wp-content\/uploads\/2020\/01\/05_simicur_corneacur-200x250.jpg 200w, https:\/\/simicur.com\/wp-content\/uploads\/2020\/01\/05_simicur_corneacur-240x300.jpg 240w, https:\/\/simicur.com\/wp-content\/uploads\/2020\/01\/05_simicur_corneacur-400x500.jpg 400w, https:\/\/simicur.com\/wp-content\/uploads\/2020\/01\/05_simicur_corneacur-500x625.jpg 500w, https:\/\/simicur.com\/wp-content\/uploads\/2020\/01\/05_simicur_corneacur-600x750.jpg 600w, https:\/\/simicur.com\/wp-content\/uploads\/2020\/01\/05_simicur_corneacur.jpg 640w\" sizes=\"(max-width: 640px) 100vw, 640px\" \/><\/a><a class=\"avada-product-gallery-lightbox-trigger\" href=\"https:\/\/simicur.com\/wp-content\/uploads\/2020\/01\/05_simicur_corneacur.jpg\" data-rel=\"iLightbox[]\" alt=\"\" data-title=\"05_simicur_corneacur\" title=\"05_simicur_corneacur\" data-caption=\"\"><\/a><\/div>\t<\/div>\n<\/div>\n<\/div>\n\n\t<div class=\"summary entry-summary\">\n\t\t<div class=\"summary-container\"><h1 class=\"product_title entry-title\">Corneacur<\/h1><p class=\"price\"><span class=\"woocommerce-Price-amount amount\"><bdi><span class=\"woocommerce-Price-currencySymbol\">&euro;<\/span>27.99<\/bdi><\/span><\/p>\n\n<div class=\"post-content woocommerce-product-details__short-description\">\n\t<p><b>Anwendung:<\/b> Schnupfen, Conjunctivitis (Entz\u00fcndung und Verletzung der Augenschleimhaut), Pannus (Entz\u00fcndung und Verletzung der Hornhaut), Keratitis, Augentr\u00fcbung, Mikrophtalmie, Mondblindheit.<\/p>\n<\/div>\n\n\t\n\t<form class=\"cart\" action=\"\" method=\"post\" enctype='multipart\/form-data'>\n\t\t\n\t\t<div class=\"quantity\">\n\t\t<label class=\"screen-reader-text\" for=\"quantity_69dfb1a6d9d53\">Corneacur Menge<\/label>\n\t<input\n\t\ttype=\"number\"\n\t\t\t\tid=\"quantity_69dfb1a6d9d53\"\n\t\tclass=\"input-text qty text\"\n\t\tname=\"quantity\"\n\t\tvalue=\"1\"\n\t\taria-label=\"Produktmenge\"\n\t\t\t\tmin=\"1\"\n\t\t\t\t\t\t\tstep=\"1\"\n\t\t\tplaceholder=\"\"\n\t\t\tinputmode=\"numeric\"\n\t\t\tautocomplete=\"off\"\n\t\t\t\/>\n\t<\/div>\n\n\t\t<button type=\"submit\" name=\"add-to-cart\" value=\"1448\" class=\"single_add_to_cart_button button alt\">In den Warenkorb<\/button>\n\n\t\t\t<\/form>\n\n\t\n<div class=\"product_meta\">\n\n\t\n\t\n\t<span class=\"posted_in\">Kategorie: <a href=\"https:\/\/simicur.com\/de\/product-category\/homoopathische-arzneimittel\/\" rel=\"tag\">Hom\u00f6opathische Arzneimittel<\/a><\/span>\n\t\n\t\n<\/div>\n<\/div>\t<\/div>\n\n\t\n\t<div class=\"woocommerce-tabs wc-tabs-wrapper\">\n\t\t<ul class=\"tabs wc-tabs\" role=\"tablist\">\n\t\t\t\t\t\t\t<li role=\"presentation\" class=\"description_tab\" id=\"tab-title-description\">\n\t\t\t\t\t<a href=\"#tab-description\" role=\"tab\" aria-controls=\"tab-description\">\n\t\t\t\t\t\tBeschreibung\t\t\t\t\t<\/a>\n\t\t\t\t<\/li>\n\t\t\t\t\t\t\t<li role=\"presentation\" class=\"additional_information_tab\" id=\"tab-title-additional_information\">\n\t\t\t\t\t<a href=\"#tab-additional_information\" role=\"tab\" aria-controls=\"tab-additional_information\">\n\t\t\t\t\t\tZus\u00e4tzliche Informationen\t\t\t\t\t<\/a>\n\t\t\t\t<\/li>\n\t\t\t\t\t<\/ul>\n\t\t\t\t\t<div class=\"woocommerce-Tabs-panel woocommerce-Tabs-panel--description panel entry-content wc-tab\" id=\"tab-description\" role=\"tabpanel\" aria-labelledby=\"tab-title-description\">\n\t\t\t\t\n<div class=\"post-content\">\n\t\t  <h3 class=\"fusion-woocommerce-tab-title\">Beschreibung<\/h3>\n\t\n\t<p><strong>CORNEACUR &#8211; compositum f\u00fcr Augen und Hornhaut<\/strong><\/p>\n<p>Corneacur ist eine hom\u00f6opathische Tinktur in eine 100 ml Tropfflasche von SIMICUR zur oralen Anwendung bei Hunden, Katzen, Pferden und Ponys.<br \/>\nCorneacur ist auf der Basis von Hom\u00f6opathie und Phytotherapie aus stark verd\u00fcnnten Pflanzenextrakten zusammengesetzt:<\/p>\n<ul>\n<li>Euphrasia officinalis D3 (augenheilend)<\/li>\n<li>Ruta graveolens D6 (augenst\u00e4rkend)<\/li>\n<li>Arnica montana D6 (entz\u00fcndungshemmend, resorbtionsmittel)<\/li>\n<\/ul>\n<hr \/>\n<p><strong>Anwendung:<\/strong> Dem Futter beigef\u00fcgt sorgt Corneacur f\u00fcr einen optimalen Stoffwechsel wodurch ein gesunder und normaler Hormonhaushalt und die Kondition der weiblichen Geschletsorgane sichergestellt werden. Deshalb kann Bronscur angewendet werden bei einem anormalen Zyklus (zu wenig oder zu heftig), Unfruchtbarkeit, Entz\u00fcndungen von Geb\u00e4rmutter und\/oder Eierst\u00f6cken und bei zystischen Ver\u00e4nderungen der Eierst\u00f6cke. Bronscur ist auch bei Hunden zur Behandlung der Scheintr\u00e4chtigkeit anwendbar.<\/p>\n<hr \/>\n<p><strong>Wirkung:<\/strong> Augenerkrankungen zeigen sich vielfach in starkem Tr\u00e4nenfluss, geschwollenen und roten Augenschleimh\u00e4uten, Blinzeln und krampfartiges Schlie\u00dfen der Augenlieder. Wenn eine Behandlung unterbleibt, kann das Sehverm\u00f6gen stark abnehmen oder sogar verschwinden. H\u00e4ufigste Ursache von Augenerkrankungen bei Tieren ist die Besch\u00e4digung von au\u00dfen. Euphrasia officinalis ist das Hauptmittel bei allen \u00e4u\u00dferlichen Augenerkrankungen. R\u00f6tungen und Schwellungen an den R\u00e4ndern der Augenlieder nehmen schnell ab. Ruta graveolens hat eine anregende Wirkung auf innerliche Schw\u00e4chen des Auges, w\u00e4hrend Arnica montana entz\u00fcndungshemmend wirkt und Ausscheidungsprodukte resorbiert.<\/p>\n<hr \/>\n<p><strong>Dosierung:<\/strong> Corneacur soll oral durch das Futter, in das Trinkwasser oder direkt in das Maul in folgenden Dosierungen verabreicht werden:<\/p>\n<table border=\"0\" align=\"left\">\n<tbody>\n<tr>\n<td>Pferde\/Pony:<\/td>\n<td>2 x t\u00e4glich 30 Tropfen<\/td>\n<\/tr>\n<tr>\n<td>Hunde:<\/td>\n<td>2 x t\u00e4glich 15-25 Tropfen<\/td>\n<\/tr>\n<tr>\n<td>Katze:<\/td>\n<td>2 x t\u00e4glich 10-15 Tropfen<\/td>\n<\/tr>\n<\/tbody>\n<\/table>\n<p>&nbsp;<\/p>\n<p>&nbsp;<\/p>\n<p><strong><br \/>\nInhalt:<\/strong> 100 ml = 2250 tropfen<\/p>\n<hr \/>\n<p><strong>Anmerkung:<\/strong> Bei chronischem Augenfluss kann das Auge zur Unterst\u00fctzung mit 1 Teil Corneacur verd\u00fcnnt mit 10 Teilen abgekochtem Wasser ausgewaschen werden.<\/p>\n<hr \/>\n<p><strong>Indikationen f\u00fcr Corneacur sind:<\/strong><\/p>\n<table border=\"0\">\n<tbody>\n<tr>\n<td><strong>Pferde\/Pony<\/strong><\/td>\n<td><strong>Hunde<\/strong><\/td>\n<td><strong>Katze<\/strong><\/td>\n<\/tr>\n<tr>\n<td>conjuntivitis<\/td>\n<td>conjunctivits<\/td>\n<td>katzeschnupfe<\/td>\n<\/tr>\n<tr>\n<td>pannus<\/td>\n<td>keratitis<\/td>\n<td>conjunctivits.<\/td>\n<\/tr>\n<tr>\n<td>periodische augenentz\u00fcndung (monblindheit)<\/td>\n<td>microphtalmi<\/td>\n<td><\/td>\n<\/tr>\n<\/tbody>\n<\/table>\n<\/div>\n\t\t\t<\/div>\n\t\t\t\t\t<div class=\"woocommerce-Tabs-panel woocommerce-Tabs-panel--additional_information panel entry-content wc-tab\" id=\"tab-additional_information\" role=\"tabpanel\" aria-labelledby=\"tab-title-additional_information\">\n\t\t\t\t\n\t<h3 class=\"fusion-woocommerce-tab-title\">Zus\u00e4tzliche Informationen<\/h3>\n\n<table class=\"woocommerce-product-attributes shop_attributes\" aria-label=\"Produktdetails\">\n\t\t\t<tr class=\"woocommerce-product-attributes-item woocommerce-product-attributes-item--weight\">\n\t\t\t<th class=\"woocommerce-product-attributes-item__label\" scope=\"row\">Gewicht<\/th>\n\t\t\t<td class=\"woocommerce-product-attributes-item__value\">0.21 kg<\/td>\n\t\t<\/tr>\n\t<\/table>\n\t\t\t<\/div>\n\t\t\n\t\t\t<\/div>\n\n<div class=\"fusion-clearfix\"><\/div>\n\n<div class=\"fusion-clearfix\"><\/div>\n\t<section class=\"related products\">\n\n\t\t\t\t\t<h2>\u00c4hnliche Produkte<\/h2>\n\t\t\t\t<ul class=\"products clearfix products-4\">\n\n\t\t\t\n\t\t\t\t\t<li class=\"product type-product post-1451 status-publish first instock product_cat-homoopathische-arzneimittel has-post-thumbnail taxable shipping-taxable purchasable product-type-simple product-grid-view\">\n\t<div class=\"fusion-product-wrapper\">\n<a href=\"https:\/\/simicur.com\/de\/shop\/homoopathische-arzneimittel\/anemiacur\/\" class=\"product-images\" aria-label=\"Anemiacur\">\n\n<div class=\"featured-image\">\n\t\t<img decoding=\"async\" width=\"500\" height=\"625\" src=\"https:\/\/simicur.com\/wp-content\/uploads\/2020\/01\/02_simicur_arthricur-500x625.jpg\" class=\"attachment-woocommerce_thumbnail size-woocommerce_thumbnail wp-post-image\" alt=\"\" srcset=\"https:\/\/simicur.com\/wp-content\/uploads\/2020\/01\/02_simicur_arthricur-200x250.jpg 200w, https:\/\/simicur.com\/wp-content\/uploads\/2020\/01\/02_simicur_arthricur-240x300.jpg 240w, https:\/\/simicur.com\/wp-content\/uploads\/2020\/01\/02_simicur_arthricur-400x500.jpg 400w, https:\/\/simicur.com\/wp-content\/uploads\/2020\/01\/02_simicur_arthricur-500x625.jpg 500w, https:\/\/simicur.com\/wp-content\/uploads\/2020\/01\/02_simicur_arthricur-600x750.jpg 600w, https:\/\/simicur.com\/wp-content\/uploads\/2020\/01\/02_simicur_arthricur.jpg 640w\" sizes=\"(max-width: 500px) 100vw, 500px\" \/>\n\t\t\t\t\t\t<div class=\"cart-loading\"><i class=\"awb-icon-spinner\" aria-hidden=\"true\"><\/i><\/div>\n\t\t\t<\/div>\n<\/a>\n<div class=\"fusion-product-content\">\n\t<div class=\"product-details\">\n\t\t<div class=\"product-details-container\">\n<h3 class=\"product-title\">\n\t<a href=\"https:\/\/simicur.com\/de\/shop\/homoopathische-arzneimittel\/anemiacur\/\">\n\t\tAnemiacur\t<\/a>\n<\/h3>\n<div class=\"fusion-price-rating\">\n\t<div itemprop=\"description\" style=\"font-size: 80%; height:150px;\">\r\n\t\t<p><b>Anwendung:<\/b> Blutarmut (An\u00e4mie), schwacher Blutkreislauf, schlechte Kondition, schwacher Herzschlag.<\/p>\n\t<\/div>\r\n\t\n\t<span class=\"price\"><span class=\"woocommerce-Price-amount amount\"><bdi><span class=\"woocommerce-Price-currencySymbol\">&euro;<\/span>27.99<\/bdi><\/span><\/span>\n\t\t<\/div>\n\t<\/div>\n<\/div>\n\n\n\t<div class=\"product-buttons\">\n\t\t<div class=\"fusion-content-sep sep-double sep-solid\"><\/div>\n\t\t<div class=\"product-buttons-container clearfix\">\n<a href=\"\/de\/wp-json\/wp\/v2\/pages\/1565?add-to-cart=1451\" aria-describedby=\"woocommerce_loop_add_to_cart_link_describedby_1451\" data-quantity=\"1\" class=\"button product_type_simple add_to_cart_button ajax_add_to_cart\" data-product_id=\"1451\" data-product_sku=\"\" aria-label=\"In den Warenkorb legen: \u201eAnemiacur\u201c\" rel=\"nofollow\">In den Warenkorb<\/a>\t<span id=\"woocommerce_loop_add_to_cart_link_describedby_1451\" class=\"screen-reader-text\">\n\t\t\t<\/span>\n\n<a href=\"https:\/\/simicur.com\/de\/shop\/homoopathische-arzneimittel\/anemiacur\/\" class=\"show_details_button\">\n\tDetails<\/a>\n\n\n\t<\/div>\n\t<\/div>\n\n\t<\/div> <\/div>\n<\/li>\n\n\t\t\t\n\t\t\t\t\t<li class=\"product type-product post-1446 status-publish instock product_cat-homoopathische-arzneimittel has-post-thumbnail taxable shipping-taxable purchasable product-type-simple product-grid-view\">\n\t<div class=\"fusion-product-wrapper\">\n<a href=\"https:\/\/simicur.com\/de\/shop\/homoopathische-arzneimittel\/glandulacur\/\" class=\"product-images\" aria-label=\"Glandulacur\">\n\n<div class=\"featured-image\">\n\t\t<img decoding=\"async\" width=\"500\" height=\"625\" src=\"https:\/\/simicur.com\/wp-content\/uploads\/2020\/01\/08_simicur_glandulacur-500x625.jpg\" class=\"attachment-woocommerce_thumbnail size-woocommerce_thumbnail wp-post-image\" alt=\"\" srcset=\"https:\/\/simicur.com\/wp-content\/uploads\/2020\/01\/08_simicur_glandulacur-200x250.jpg 200w, https:\/\/simicur.com\/wp-content\/uploads\/2020\/01\/08_simicur_glandulacur-240x300.jpg 240w, https:\/\/simicur.com\/wp-content\/uploads\/2020\/01\/08_simicur_glandulacur-400x500.jpg 400w, https:\/\/simicur.com\/wp-content\/uploads\/2020\/01\/08_simicur_glandulacur-500x625.jpg 500w, https:\/\/simicur.com\/wp-content\/uploads\/2020\/01\/08_simicur_glandulacur-600x750.jpg 600w, https:\/\/simicur.com\/wp-content\/uploads\/2020\/01\/08_simicur_glandulacur.jpg 640w\" sizes=\"(max-width: 500px) 100vw, 500px\" \/>\n\t\t\t\t\t\t<div class=\"cart-loading\"><i class=\"awb-icon-spinner\" aria-hidden=\"true\"><\/i><\/div>\n\t\t\t<\/div>\n<\/a>\n<div class=\"fusion-product-content\">\n\t<div class=\"product-details\">\n\t\t<div class=\"product-details-container\">\n<h3 class=\"product-title\">\n\t<a href=\"https:\/\/simicur.com\/de\/shop\/homoopathische-arzneimittel\/glandulacur\/\">\n\t\tGlandulacur\t<\/a>\n<\/h3>\n<div class=\"fusion-price-rating\">\n\t<div itemprop=\"description\" style=\"font-size: 80%; height:150px;\">\r\n\t\t<p><b>Anwendung:<\/b> Entz\u00fcndete\/ \u00fcberf\u00fcllte Analdr\u00fcsen, Druse, Abszess, Stirnh\u00f6hlenentz\u00fcndung Sinusitis, Mittelohrentz\u00fcndung, (chronische) Bronchitis, Schnupfen, entz\u00fcndete Ohren (Otitis), Fisteln, Milchdr\u00fcsen\/ Euterentz\u00fcndung, Hufgeschw\u00fcr.<\/p>\n\t<\/div>\r\n\t\n\t<span class=\"price\"><span class=\"woocommerce-Price-amount amount\"><bdi><span class=\"woocommerce-Price-currencySymbol\">&euro;<\/span>27.99<\/bdi><\/span><\/span>\n\t\t<\/div>\n\t<\/div>\n<\/div>\n\n\n\t<div class=\"product-buttons\">\n\t\t<div class=\"fusion-content-sep sep-double sep-solid\"><\/div>\n\t\t<div class=\"product-buttons-container clearfix\">\n<a href=\"\/de\/wp-json\/wp\/v2\/pages\/1565?add-to-cart=1446\" aria-describedby=\"woocommerce_loop_add_to_cart_link_describedby_1446\" data-quantity=\"1\" class=\"button product_type_simple add_to_cart_button ajax_add_to_cart\" data-product_id=\"1446\" data-product_sku=\"\" aria-label=\"In den Warenkorb legen: \u201eGlandulacur\u201c\" rel=\"nofollow\">In den Warenkorb<\/a>\t<span id=\"woocommerce_loop_add_to_cart_link_describedby_1446\" class=\"screen-reader-text\">\n\t\t\t<\/span>\n\n<a href=\"https:\/\/simicur.com\/de\/shop\/homoopathische-arzneimittel\/glandulacur\/\" class=\"show_details_button\">\n\tDetails<\/a>\n\n\n\t<\/div>\n\t<\/div>\n\n\t<\/div> <\/div>\n<\/li>\n\n\t\t\t\n\t\t\t\t\t<li class=\"product type-product post-1439 status-publish instock product_cat-homoopathische-arzneimittel has-post-thumbnail featured taxable shipping-taxable purchasable product-type-simple product-grid-view\">\n\t<div class=\"fusion-product-wrapper\">\n<a href=\"https:\/\/simicur.com\/de\/shop\/homoopathische-arzneimittel\/lamicur\/\" class=\"product-images\" aria-label=\"Lamicur\">\n\n<div class=\"featured-image\">\n\t\t<img decoding=\"async\" width=\"500\" height=\"625\" src=\"https:\/\/simicur.com\/wp-content\/uploads\/2020\/01\/13_simicur_lamicur-500x625.jpg\" class=\"attachment-woocommerce_thumbnail size-woocommerce_thumbnail wp-post-image\" alt=\"\" srcset=\"https:\/\/simicur.com\/wp-content\/uploads\/2020\/01\/13_simicur_lamicur-200x250.jpg 200w, https:\/\/simicur.com\/wp-content\/uploads\/2020\/01\/13_simicur_lamicur-240x300.jpg 240w, https:\/\/simicur.com\/wp-content\/uploads\/2020\/01\/13_simicur_lamicur-400x500.jpg 400w, https:\/\/simicur.com\/wp-content\/uploads\/2020\/01\/13_simicur_lamicur-500x625.jpg 500w, https:\/\/simicur.com\/wp-content\/uploads\/2020\/01\/13_simicur_lamicur-600x750.jpg 600w, https:\/\/simicur.com\/wp-content\/uploads\/2020\/01\/13_simicur_lamicur.jpg 640w\" sizes=\"(max-width: 500px) 100vw, 500px\" \/>\n\t\t\t\t\t\t<div class=\"cart-loading\"><i class=\"awb-icon-spinner\" aria-hidden=\"true\"><\/i><\/div>\n\t\t\t<\/div>\n<\/a>\n<div class=\"fusion-product-content\">\n\t<div class=\"product-details\">\n\t\t<div class=\"product-details-container\">\n<h3 class=\"product-title\">\n\t<a href=\"https:\/\/simicur.com\/de\/shop\/homoopathische-arzneimittel\/lamicur\/\">\n\t\tLamicur\t<\/a>\n<\/h3>\n<div class=\"fusion-price-rating\">\n\t<div itemprop=\"description\" style=\"font-size: 80%; height:150px;\">\r\n\t\t<p><b>Anwendung (Pferde):<\/b> Hufrehe und entz\u00fcndete Huflederhaut<\/p>\n\t<\/div>\r\n\t\n\t<span class=\"price\"><span class=\"woocommerce-Price-amount amount\"><bdi><span class=\"woocommerce-Price-currencySymbol\">&euro;<\/span>27.99<\/bdi><\/span><\/span>\n\t\t<\/div>\n\t<\/div>\n<\/div>\n\n\n\t<div class=\"product-buttons\">\n\t\t<div class=\"fusion-content-sep sep-double sep-solid\"><\/div>\n\t\t<div class=\"product-buttons-container clearfix\">\n<a href=\"\/de\/wp-json\/wp\/v2\/pages\/1565?add-to-cart=1439\" aria-describedby=\"woocommerce_loop_add_to_cart_link_describedby_1439\" data-quantity=\"1\" class=\"button product_type_simple add_to_cart_button ajax_add_to_cart\" data-product_id=\"1439\" data-product_sku=\"\" aria-label=\"In den Warenkorb legen: \u201eLamicur\u201c\" rel=\"nofollow\">In den Warenkorb<\/a>\t<span id=\"woocommerce_loop_add_to_cart_link_describedby_1439\" class=\"screen-reader-text\">\n\t\t\t<\/span>\n\n<a href=\"https:\/\/simicur.com\/de\/shop\/homoopathische-arzneimittel\/lamicur\/\" class=\"show_details_button\">\n\tDetails<\/a>\n\n\n\t<\/div>\n\t<\/div>\n\n\t<\/div> <\/div>\n<\/li>\n\n\t\t\t\n\t\t\t\t\t<li class=\"product type-product post-1449 status-publish last instock product_cat-homoopathische-arzneimittel has-post-thumbnail taxable shipping-taxable purchasable product-type-simple product-grid-view\">\n\t<div class=\"fusion-product-wrapper\">\n<a href=\"https:\/\/simicur.com\/de\/shop\/homoopathische-arzneimittel\/bronscur\/\" class=\"product-images\" aria-label=\"Bronscur\">\n\n<div class=\"featured-image\">\n\t\t<img decoding=\"async\" width=\"500\" height=\"625\" src=\"https:\/\/simicur.com\/wp-content\/uploads\/2020\/01\/04_simicur_bronscur-500x625.jpg\" class=\"attachment-woocommerce_thumbnail size-woocommerce_thumbnail wp-post-image\" alt=\"\" srcset=\"https:\/\/simicur.com\/wp-content\/uploads\/2020\/01\/04_simicur_bronscur-200x250.jpg 200w, https:\/\/simicur.com\/wp-content\/uploads\/2020\/01\/04_simicur_bronscur-240x300.jpg 240w, https:\/\/simicur.com\/wp-content\/uploads\/2020\/01\/04_simicur_bronscur-400x500.jpg 400w, https:\/\/simicur.com\/wp-content\/uploads\/2020\/01\/04_simicur_bronscur-500x625.jpg 500w, https:\/\/simicur.com\/wp-content\/uploads\/2020\/01\/04_simicur_bronscur-600x750.jpg 600w, https:\/\/simicur.com\/wp-content\/uploads\/2020\/01\/04_simicur_bronscur.jpg 640w\" sizes=\"(max-width: 500px) 100vw, 500px\" \/>\n\t\t\t\t\t\t<div class=\"cart-loading\"><i class=\"awb-icon-spinner\" aria-hidden=\"true\"><\/i><\/div>\n\t\t\t<\/div>\n<\/a>\n<div class=\"fusion-product-content\">\n\t<div class=\"product-details\">\n\t\t<div class=\"product-details-container\">\n<h3 class=\"product-title\">\n\t<a href=\"https:\/\/simicur.com\/de\/shop\/homoopathische-arzneimittel\/bronscur\/\">\n\t\tBronscur\t<\/a>\n<\/h3>\n<div class=\"fusion-price-rating\">\n\t<div itemprop=\"description\" style=\"font-size: 80%; height:150px;\">\r\n\t\t<p><b>Anwendung:<\/b> Geb\u00e4rmutterentz\u00fcndung, Scheintr\u00e4chtigkeit, unregelm\u00e4\u00dfiger Zyklus, Unfruchtbarkeit, Eierstockzysten, hormonelle Probleme (Nymphomanie, nicht rossig \/ l\u00e4ufig werden), Milchdr\u00fcsenentz\u00fcndung, Euterentz\u00fcndung.<\/p>\n\t<\/div>\r\n\t\n\t<span class=\"price\"><span class=\"woocommerce-Price-amount amount\"><bdi><span class=\"woocommerce-Price-currencySymbol\">&euro;<\/span>27.99<\/bdi><\/span><\/span>\n\t\t<\/div>\n\t<\/div>\n<\/div>\n\n\n\t<div class=\"product-buttons\">\n\t\t<div class=\"fusion-content-sep sep-double sep-solid\"><\/div>\n\t\t<div class=\"product-buttons-container clearfix\">\n<a href=\"\/de\/wp-json\/wp\/v2\/pages\/1565?add-to-cart=1449\" aria-describedby=\"woocommerce_loop_add_to_cart_link_describedby_1449\" data-quantity=\"1\" class=\"button product_type_simple add_to_cart_button ajax_add_to_cart\" data-product_id=\"1449\" data-product_sku=\"\" aria-label=\"In den Warenkorb legen: \u201eBronscur\u201c\" rel=\"nofollow\">In den Warenkorb<\/a>\t<span id=\"woocommerce_loop_add_to_cart_link_describedby_1449\" class=\"screen-reader-text\">\n\t\t\t<\/span>\n\n<a href=\"https:\/\/simicur.com\/de\/shop\/homoopathische-arzneimittel\/bronscur\/\" class=\"show_details_button\">\n\tDetails<\/a>\n\n\n\t<\/div>\n\t<\/div>\n\n\t<\/div> <\/div>\n<\/li>\n\n\t\t\t\n\t\t<\/ul>\n\n\t<\/section>\n\t<\/div>\n\n\t\t\t<\/div>\n\t\t\t<\/div>\n","protected":false},"excerpt":{"rendered":"","protected":false},"author":1,"featured_media":0,"parent":1056,"menu_order":0,"comment_status":"closed","ping_status":"closed","template":"","meta":{"footnotes":""},"class_list":["post-1565","page","type-page","status-publish","hentry"],"_links":{"self":[{"href":"https:\/\/simicur.com\/de\/wp-json\/wp\/v2\/pages\/1565","targetHints":{"allow":["GET"]}}],"collection":[{"href":"https:\/\/simicur.com\/de\/wp-json\/wp\/v2\/pages"}],"about":[{"href":"https:\/\/simicur.com\/de\/wp-json\/wp\/v2\/types\/page"}],"author":[{"embeddable":true,"href":"https:\/\/simicur.com\/de\/wp-json\/wp\/v2\/users\/1"}],"replies":[{"embeddable":true,"href":"https:\/\/simicur.com\/de\/wp-json\/wp\/v2\/comments?post=1565"}],"version-history":[{"count":2,"href":"https:\/\/simicur.com\/de\/wp-json\/wp\/v2\/pages\/1565\/revisions"}],"predecessor-version":[{"id":1581,"href":"https:\/\/simicur.com\/de\/wp-json\/wp\/v2\/pages\/1565\/revisions\/1581"}],"up":[{"embeddable":true,"href":"https:\/\/simicur.com\/de\/wp-json\/wp\/v2\/pages\/1056"}],"wp:attachment":[{"href":"https:\/\/simicur.com\/de\/wp-json\/wp\/v2\/media?parent=1565"}],"curies":[{"name":"wp","href":"https:\/\/api.w.org\/{rel}","templated":true}]}}