{"id":1566,"date":"2020-01-20T20:17:44","date_gmt":"2020-01-20T20:17:44","guid":{"rendered":"https:\/\/simicur.dalphes.com\/?page_id=1566"},"modified":"2020-01-20T20:17:44","modified_gmt":"2020-01-20T20:17:44","slug":"bronscur","status":"publish","type":"page","link":"https:\/\/simicur.com\/de\/homoeopathische-arzneimittel\/bronscur\/","title":{"rendered":"Bronscur"},"content":{"rendered":"<div class=\"woocommerce\">\t\t\t<div class=\"single-product\" data-product-page-preselected-id=\"0\">\n\t\t\t\t<div class=\"woocommerce-notices-wrapper\"><\/div><div id=\"product-1449\" class=\"product type-product post-1449 status-publish first instock product_cat-homoopathische-arzneimittel has-post-thumbnail taxable shipping-taxable purchasable product-type-simple product-grid-view\">\n\n\t<div class=\"avada-single-product-gallery-wrapper\">\n<div class=\"woocommerce-product-gallery woocommerce-product-gallery--with-images woocommerce-product-gallery--columns-4 images avada-product-gallery\" data-columns=\"4\" style=\"opacity: 0; transition: opacity .25s ease-in-out;\">\n\t<div class=\"woocommerce-product-gallery__wrapper\">\n\t\t<div data-thumb=\"https:\/\/simicur.com\/wp-content\/uploads\/2020\/01\/04_simicur_bronscur-100x100.jpg\" data-thumb-alt=\"Bronscur\" data-thumb-srcset=\"https:\/\/simicur.com\/wp-content\/uploads\/2020\/01\/04_simicur_bronscur-66x66.jpg 66w, https:\/\/simicur.com\/wp-content\/uploads\/2020\/01\/04_simicur_bronscur-100x100.jpg 100w, https:\/\/simicur.com\/wp-content\/uploads\/2020\/01\/04_simicur_bronscur-150x150.jpg 150w\"  data-thumb-sizes=\"(max-width: 100px) 100vw, 100px\" class=\"woocommerce-product-gallery__image\"><a href=\"https:\/\/simicur.com\/wp-content\/uploads\/2020\/01\/04_simicur_bronscur.jpg\"><img decoding=\"async\" width=\"640\" height=\"800\" src=\"https:\/\/simicur.com\/wp-content\/uploads\/2020\/01\/04_simicur_bronscur.jpg\" class=\"wp-post-image\" alt=\"Bronscur\" data-caption=\"\" data-src=\"https:\/\/simicur.com\/wp-content\/uploads\/2020\/01\/04_simicur_bronscur.jpg\" data-large_image=\"https:\/\/simicur.com\/wp-content\/uploads\/2020\/01\/04_simicur_bronscur.jpg\" data-large_image_width=\"640\" data-large_image_height=\"800\" srcset=\"https:\/\/simicur.com\/wp-content\/uploads\/2020\/01\/04_simicur_bronscur-200x250.jpg 200w, https:\/\/simicur.com\/wp-content\/uploads\/2020\/01\/04_simicur_bronscur-240x300.jpg 240w, https:\/\/simicur.com\/wp-content\/uploads\/2020\/01\/04_simicur_bronscur-400x500.jpg 400w, https:\/\/simicur.com\/wp-content\/uploads\/2020\/01\/04_simicur_bronscur-500x625.jpg 500w, https:\/\/simicur.com\/wp-content\/uploads\/2020\/01\/04_simicur_bronscur-600x750.jpg 600w, https:\/\/simicur.com\/wp-content\/uploads\/2020\/01\/04_simicur_bronscur.jpg 640w\" sizes=\"(max-width: 640px) 100vw, 640px\" \/><\/a><a class=\"avada-product-gallery-lightbox-trigger\" href=\"https:\/\/simicur.com\/wp-content\/uploads\/2020\/01\/04_simicur_bronscur.jpg\" data-rel=\"iLightbox[]\" alt=\"\" data-title=\"04_simicur_bronscur\" title=\"04_simicur_bronscur\" data-caption=\"\"><\/a><\/div>\t<\/div>\n<\/div>\n<\/div>\n\n\t<div class=\"summary entry-summary\">\n\t\t<div class=\"summary-container\"><h1 class=\"product_title entry-title\">Bronscur<\/h1><p class=\"price\"><span class=\"woocommerce-Price-amount amount\"><bdi><span class=\"woocommerce-Price-currencySymbol\">&euro;<\/span>27.99<\/bdi><\/span><\/p>\n\n<div class=\"post-content woocommerce-product-details__short-description\">\n\t<p><b>Anwendung:<\/b> Geb\u00e4rmutterentz\u00fcndung, Scheintr\u00e4chtigkeit, unregelm\u00e4\u00dfiger Zyklus, Unfruchtbarkeit, Eierstockzysten, hormonelle Probleme (Nymphomanie, nicht rossig \/ l\u00e4ufig werden), Milchdr\u00fcsenentz\u00fcndung, Euterentz\u00fcndung.<\/p>\n<\/div>\n\n\t\n\t<form class=\"cart\" action=\"\" method=\"post\" enctype='multipart\/form-data'>\n\t\t\n\t\t<div class=\"quantity\">\n\t\t<label class=\"screen-reader-text\" for=\"quantity_69f32ff31f70a\">Bronscur Menge<\/label>\n\t<input\n\t\ttype=\"number\"\n\t\t\t\tid=\"quantity_69f32ff31f70a\"\n\t\tclass=\"input-text qty text\"\n\t\tname=\"quantity\"\n\t\tvalue=\"1\"\n\t\taria-label=\"Produktmenge\"\n\t\t\t\tmin=\"1\"\n\t\t\t\t\t\t\tstep=\"1\"\n\t\t\tplaceholder=\"\"\n\t\t\tinputmode=\"numeric\"\n\t\t\tautocomplete=\"off\"\n\t\t\t\/>\n\t<\/div>\n\n\t\t<button type=\"submit\" name=\"add-to-cart\" value=\"1449\" class=\"single_add_to_cart_button button alt\">In den Warenkorb<\/button>\n\n\t\t\t<\/form>\n\n\t\n<div class=\"product_meta\">\n\n\t\n\t\n\t<span class=\"posted_in\">Kategorie: <a href=\"https:\/\/simicur.com\/de\/product-category\/homoopathische-arzneimittel\/\" rel=\"tag\">Hom\u00f6opathische Arzneimittel<\/a><\/span>\n\t\n\t\n<\/div>\n<\/div>\t<\/div>\n\n\t\n\t<div class=\"woocommerce-tabs wc-tabs-wrapper\">\n\t\t<ul class=\"tabs wc-tabs\" role=\"tablist\">\n\t\t\t\t\t\t\t<li role=\"presentation\" class=\"description_tab\" id=\"tab-title-description\">\n\t\t\t\t\t<a href=\"#tab-description\" role=\"tab\" aria-controls=\"tab-description\">\n\t\t\t\t\t\tBeschreibung\t\t\t\t\t<\/a>\n\t\t\t\t<\/li>\n\t\t\t\t\t\t\t<li role=\"presentation\" class=\"additional_information_tab\" id=\"tab-title-additional_information\">\n\t\t\t\t\t<a href=\"#tab-additional_information\" role=\"tab\" aria-controls=\"tab-additional_information\">\n\t\t\t\t\t\tZus\u00e4tzliche Informationen\t\t\t\t\t<\/a>\n\t\t\t\t<\/li>\n\t\t\t\t\t<\/ul>\n\t\t\t\t\t<div class=\"woocommerce-Tabs-panel woocommerce-Tabs-panel--description panel entry-content wc-tab\" id=\"tab-description\" role=\"tabpanel\" aria-labelledby=\"tab-title-description\">\n\t\t\t\t\n<div class=\"post-content\">\n\t\t  <h3 class=\"fusion-woocommerce-tab-title\">Beschreibung<\/h3>\n\t\n\t<p><strong>BRONSCUR &#8211; compositum f\u00fcr Hormonen und Geslechtsorganen<\/strong><\/p>\n<p>Arthricur ist eine hom\u00f6opathische Tinktur in eine 100 ml Tropfflasche von SIMICUR zur oralen Anwendung bei Hunden, Katzen, Pferden und Ponys.<br \/>\nBronscur ist auf der Basis von Hom\u00f6opathie und Phytotherapie aus stark verd\u00fcnnten Pflanzenextrakten zusammengesetzt:<\/p>\n<ul>\n<li>Equisetum arvense D3 (entw\u00e4ssernd und st\u00e4rkend)<\/li>\n<li>Pulsatilla pratensis D6 (eierstockregulierend)<\/li>\n<li>Alchemilla vulgaris D6 (Herstellung des normalen Geschlechtszyklus)<\/li>\n<li>Arnica montana D12 (Entz\u00fcndungshemmend)<\/li>\n<\/ul>\n<hr \/>\n<p><strong>Anwendung:<\/strong> Dem Futter beigef\u00fcgt sorgt Corneacur f\u00fcr einen optimalen Stoffwechsel wodurch ein gesunder und normaler Hormonhaushalt und die Kondition der weiblichen Geschletsorgane sichergestellt werden. Deshalb kann Bronscur angewendet werden bei einem anormalen Zyklus (zu wenig oder zu heftig), Unfruchtbarkeit, Entz\u00fcndungen von Geb\u00e4rmutter und\/oder Eierst\u00f6cken und bei zystischen Ver\u00e4nderungen der Eierst\u00f6cke. Bronscur ist auch bei Hunden zur Behandlung der Scheintr\u00e4chtigkeit anwendbar.<\/p>\n<hr \/>\n<p><strong>Wirkung:<\/strong> Bronscur wirkt aktivierend und regulierend auf die weiblichen Fortpflanzungsorgane. Das Produkt hat eine regulierende Wirkung auf die Eierstockfunktion (Pulsatilla pratensis) und eine entz\u00fcndungshemmende Wirkung (Arnica montana und Equisetum arvense) auf die Geb\u00e4rmutter. Bronscur normalisiert den Zyklus (Alchemillia vulgaris), wobei Tiere, die nicht l\u00e4ufig\/br\u00fcnstig werden innerhalb einiger Wochen l\u00e4ufig\/br\u00fcnstig sind und \u00fcberm\u00e4\u00dfig l\u00e4ufige\/br\u00fcnstige H\u00fcndinnen\/Katzen beachtlich ruhiger werden. Erkrankungen der weiblichen Fortpflanzungsorgane k\u00f6nnen sich im anormalen Zyklus \u00e4u\u00dfern (zu h\u00e4ufige und zu lange Rosse oder Ausbleiben der Rosse), durch Erkrankungen der Eierst\u00f6cke oder Geb\u00e4rmutterentz\u00fcndung. Derartige Erkrankungen gehen im Allgemeinen einher mit einem ver\u00e4nderten Verhalten und\/oder Ausfluss.<\/p>\n<hr \/>\n<p><strong>Dosierung:<\/strong> Bronscur soll oral durch das Futter, in das Trinkwasser oder direkt in das Maul in folgenden Dosierungen verabreicht werden:<\/p>\n<table border=\"0\" align=\"left\">\n<tbody>\n<tr>\n<td>Pferde\/Pony:<\/td>\n<td>2 x t\u00e4glich 30 Tropfen<\/td>\n<\/tr>\n<tr>\n<td>Hunde:<\/td>\n<td>2 x t\u00e4glich 15-25 Tropfen<\/td>\n<\/tr>\n<tr>\n<td>Katze:<\/td>\n<td>2 x t\u00e4glich 10-15 Tropfen<\/td>\n<\/tr>\n<\/tbody>\n<\/table>\n<p>&nbsp;<\/p>\n<p>&nbsp;<\/p>\n<p><strong><br \/>\nInhalt:<\/strong> 100 ml = 2250 tropfen<\/p>\n<hr \/>\n<p><strong>Anmerkung:<\/strong> Im Falle einer Geb\u00e4rmutterentz\u00fcndung, welche sich vielfach in nicht tragend werden und \/oder Scheidenausfluss offenbart, ist es ratsam eine Scheidensp\u00fclung mit Bronscur zu machen. Scheintr\u00e4chtige Hunde w\u00e4hrend den L\u00e4ufigkeit Bronscur geben bis alle Symptomen weg sind. Zugleich die Milchleiste mit Spiergel einreiben zu Linderung von Schwellungen und Schmerzen.<\/p>\n<hr \/>\n<p><strong>Indikationen f\u00fcr Bronscur sind:<\/strong><\/p>\n<table border=\"0\">\n<tbody>\n<tr>\n<td><strong>Pferde\/Pony<\/strong><\/td>\n<td><strong>Hunde<\/strong><\/td>\n<td><strong>Katze<\/strong><\/td>\n<\/tr>\n<tr>\n<td>geb\u00e4rmutterentz\u00fcndung<\/td>\n<td>scheintracht<\/td>\n<td>geb\u00e4rmutterentz\u00fcndung<\/td>\n<\/tr>\n<tr>\n<td>anormalen Zyklus<\/td>\n<td>unfruchtbarkeit<\/td>\n<td>unfruchtbarkeit.<\/td>\n<\/tr>\n<tr>\n<td>zystischen Ver\u00e4nderungen der Eierst\u00f6cke<\/td>\n<td>geb\u00e4rmutterentz\u00fcndung<\/td>\n<td>anormalen Zyklus<\/td>\n<\/tr>\n<\/tbody>\n<\/table>\n<\/div>\n\t\t\t<\/div>\n\t\t\t\t\t<div class=\"woocommerce-Tabs-panel woocommerce-Tabs-panel--additional_information panel entry-content wc-tab\" id=\"tab-additional_information\" role=\"tabpanel\" aria-labelledby=\"tab-title-additional_information\">\n\t\t\t\t\n\t<h3 class=\"fusion-woocommerce-tab-title\">Zus\u00e4tzliche Informationen<\/h3>\n\n<table class=\"woocommerce-product-attributes shop_attributes\" aria-label=\"Produktdetails\">\n\t\t\t<tr class=\"woocommerce-product-attributes-item woocommerce-product-attributes-item--weight\">\n\t\t\t<th class=\"woocommerce-product-attributes-item__label\" scope=\"row\">Gewicht<\/th>\n\t\t\t<td class=\"woocommerce-product-attributes-item__value\">0.21 kg<\/td>\n\t\t<\/tr>\n\t<\/table>\n\t\t\t<\/div>\n\t\t\n\t\t\t<\/div>\n\n<div class=\"fusion-clearfix\"><\/div>\n\n<div class=\"fusion-clearfix\"><\/div>\n\t<section class=\"related products\">\n\n\t\t\t\t\t<h2>\u00c4hnliche Produkte<\/h2>\n\t\t\t\t<ul class=\"products clearfix products-4\">\n\n\t\t\t\n\t\t\t\t\t<li class=\"product type-product post-1448 status-publish first instock product_cat-homoopathische-arzneimittel has-post-thumbnail taxable shipping-taxable purchasable product-type-simple product-grid-view\">\n\t<div class=\"fusion-product-wrapper\">\n<a href=\"https:\/\/simicur.com\/de\/shop\/homoopathische-arzneimittel\/corneacur\/\" class=\"product-images\" aria-label=\"Corneacur\">\n\n<div class=\"featured-image\">\n\t\t<img decoding=\"async\" width=\"500\" height=\"625\" src=\"https:\/\/simicur.com\/wp-content\/uploads\/2020\/01\/05_simicur_corneacur-500x625.jpg\" class=\"attachment-woocommerce_thumbnail size-woocommerce_thumbnail wp-post-image\" alt=\"\" srcset=\"https:\/\/simicur.com\/wp-content\/uploads\/2020\/01\/05_simicur_corneacur-200x250.jpg 200w, https:\/\/simicur.com\/wp-content\/uploads\/2020\/01\/05_simicur_corneacur-240x300.jpg 240w, https:\/\/simicur.com\/wp-content\/uploads\/2020\/01\/05_simicur_corneacur-400x500.jpg 400w, https:\/\/simicur.com\/wp-content\/uploads\/2020\/01\/05_simicur_corneacur-500x625.jpg 500w, https:\/\/simicur.com\/wp-content\/uploads\/2020\/01\/05_simicur_corneacur-600x750.jpg 600w, https:\/\/simicur.com\/wp-content\/uploads\/2020\/01\/05_simicur_corneacur.jpg 640w\" sizes=\"(max-width: 500px) 100vw, 500px\" \/>\n\t\t\t\t\t\t<div class=\"cart-loading\"><i class=\"awb-icon-spinner\" aria-hidden=\"true\"><\/i><\/div>\n\t\t\t<\/div>\n<\/a>\n<div class=\"fusion-product-content\">\n\t<div class=\"product-details\">\n\t\t<div class=\"product-details-container\">\n<h3 class=\"product-title\">\n\t<a href=\"https:\/\/simicur.com\/de\/shop\/homoopathische-arzneimittel\/corneacur\/\">\n\t\tCorneacur\t<\/a>\n<\/h3>\n<div class=\"fusion-price-rating\">\n\t<div itemprop=\"description\" style=\"font-size: 80%; height:150px;\">\r\n\t\t<p><b>Anwendung:<\/b> Schnupfen, Conjunctivitis (Entz\u00fcndung und Verletzung der Augenschleimhaut), Pannus (Entz\u00fcndung und Verletzung der Hornhaut), Keratitis, Augentr\u00fcbung, Mikrophtalmie, Mondblindheit.<\/p>\n\t<\/div>\r\n\t\n\t<span class=\"price\"><span class=\"woocommerce-Price-amount amount\"><bdi><span class=\"woocommerce-Price-currencySymbol\">&euro;<\/span>27.99<\/bdi><\/span><\/span>\n\t\t<\/div>\n\t<\/div>\n<\/div>\n\n\n\t<div class=\"product-buttons\">\n\t\t<div class=\"fusion-content-sep sep-double sep-solid\"><\/div>\n\t\t<div class=\"product-buttons-container clearfix\">\n<a href=\"\/de\/wp-json\/wp\/v2\/pages\/1566?add-to-cart=1448\" aria-describedby=\"woocommerce_loop_add_to_cart_link_describedby_1448\" data-quantity=\"1\" class=\"button product_type_simple add_to_cart_button ajax_add_to_cart\" data-product_id=\"1448\" data-product_sku=\"\" aria-label=\"In den Warenkorb legen: \u201eCorneacur\u201c\" rel=\"nofollow\">In den Warenkorb<\/a>\t<span id=\"woocommerce_loop_add_to_cart_link_describedby_1448\" class=\"screen-reader-text\">\n\t\t\t<\/span>\n\n<a href=\"https:\/\/simicur.com\/de\/shop\/homoopathische-arzneimittel\/corneacur\/\" class=\"show_details_button\">\n\tDetails<\/a>\n\n\n\t<\/div>\n\t<\/div>\n\n\t<\/div> <\/div>\n<\/li>\n\n\t\t\t\n\t\t\t\t\t<li class=\"product type-product post-1439 status-publish instock product_cat-homoopathische-arzneimittel has-post-thumbnail featured taxable shipping-taxable purchasable product-type-simple product-grid-view\">\n\t<div class=\"fusion-product-wrapper\">\n<a href=\"https:\/\/simicur.com\/de\/shop\/homoopathische-arzneimittel\/lamicur\/\" class=\"product-images\" aria-label=\"Lamicur\">\n\n<div class=\"featured-image\">\n\t\t<img decoding=\"async\" width=\"500\" height=\"625\" src=\"https:\/\/simicur.com\/wp-content\/uploads\/2020\/01\/13_simicur_lamicur-500x625.jpg\" class=\"attachment-woocommerce_thumbnail size-woocommerce_thumbnail wp-post-image\" alt=\"\" srcset=\"https:\/\/simicur.com\/wp-content\/uploads\/2020\/01\/13_simicur_lamicur-200x250.jpg 200w, https:\/\/simicur.com\/wp-content\/uploads\/2020\/01\/13_simicur_lamicur-240x300.jpg 240w, https:\/\/simicur.com\/wp-content\/uploads\/2020\/01\/13_simicur_lamicur-400x500.jpg 400w, https:\/\/simicur.com\/wp-content\/uploads\/2020\/01\/13_simicur_lamicur-500x625.jpg 500w, https:\/\/simicur.com\/wp-content\/uploads\/2020\/01\/13_simicur_lamicur-600x750.jpg 600w, https:\/\/simicur.com\/wp-content\/uploads\/2020\/01\/13_simicur_lamicur.jpg 640w\" sizes=\"(max-width: 500px) 100vw, 500px\" \/>\n\t\t\t\t\t\t<div class=\"cart-loading\"><i class=\"awb-icon-spinner\" aria-hidden=\"true\"><\/i><\/div>\n\t\t\t<\/div>\n<\/a>\n<div class=\"fusion-product-content\">\n\t<div class=\"product-details\">\n\t\t<div class=\"product-details-container\">\n<h3 class=\"product-title\">\n\t<a href=\"https:\/\/simicur.com\/de\/shop\/homoopathische-arzneimittel\/lamicur\/\">\n\t\tLamicur\t<\/a>\n<\/h3>\n<div class=\"fusion-price-rating\">\n\t<div itemprop=\"description\" style=\"font-size: 80%; height:150px;\">\r\n\t\t<p><b>Anwendung (Pferde):<\/b> Hufrehe und entz\u00fcndete Huflederhaut<\/p>\n\t<\/div>\r\n\t\n\t<span class=\"price\"><span class=\"woocommerce-Price-amount amount\"><bdi><span class=\"woocommerce-Price-currencySymbol\">&euro;<\/span>27.99<\/bdi><\/span><\/span>\n\t\t<\/div>\n\t<\/div>\n<\/div>\n\n\n\t<div class=\"product-buttons\">\n\t\t<div class=\"fusion-content-sep sep-double sep-solid\"><\/div>\n\t\t<div class=\"product-buttons-container clearfix\">\n<a href=\"\/de\/wp-json\/wp\/v2\/pages\/1566?add-to-cart=1439\" aria-describedby=\"woocommerce_loop_add_to_cart_link_describedby_1439\" data-quantity=\"1\" class=\"button product_type_simple add_to_cart_button ajax_add_to_cart\" data-product_id=\"1439\" data-product_sku=\"\" aria-label=\"In den Warenkorb legen: \u201eLamicur\u201c\" rel=\"nofollow\">In den Warenkorb<\/a>\t<span id=\"woocommerce_loop_add_to_cart_link_describedby_1439\" class=\"screen-reader-text\">\n\t\t\t<\/span>\n\n<a href=\"https:\/\/simicur.com\/de\/shop\/homoopathische-arzneimittel\/lamicur\/\" class=\"show_details_button\">\n\tDetails<\/a>\n\n\n\t<\/div>\n\t<\/div>\n\n\t<\/div> <\/div>\n<\/li>\n\n\t\t\t\n\t\t\t\t\t<li class=\"product type-product post-1435 status-publish instock product_cat-homoopathische-arzneimittel has-post-thumbnail taxable shipping-taxable purchasable product-type-simple product-grid-view\">\n\t<div class=\"fusion-product-wrapper\">\n<a href=\"https:\/\/simicur.com\/de\/shop\/homoopathische-arzneimittel\/tranquicur\/\" class=\"product-images\" aria-label=\"Tranquicur\">\n\n<div class=\"featured-image\">\n\t\t<img decoding=\"async\" width=\"500\" height=\"625\" src=\"https:\/\/simicur.com\/wp-content\/uploads\/2020\/01\/19_simicur_tranquicur-500x625.jpg\" class=\"attachment-woocommerce_thumbnail size-woocommerce_thumbnail wp-post-image\" alt=\"\" srcset=\"https:\/\/simicur.com\/wp-content\/uploads\/2020\/01\/19_simicur_tranquicur-200x250.jpg 200w, https:\/\/simicur.com\/wp-content\/uploads\/2020\/01\/19_simicur_tranquicur-240x300.jpg 240w, https:\/\/simicur.com\/wp-content\/uploads\/2020\/01\/19_simicur_tranquicur-400x500.jpg 400w, https:\/\/simicur.com\/wp-content\/uploads\/2020\/01\/19_simicur_tranquicur-500x625.jpg 500w, https:\/\/simicur.com\/wp-content\/uploads\/2020\/01\/19_simicur_tranquicur-600x750.jpg 600w, https:\/\/simicur.com\/wp-content\/uploads\/2020\/01\/19_simicur_tranquicur.jpg 640w\" sizes=\"(max-width: 500px) 100vw, 500px\" \/>\n\t\t\t\t\t\t<div class=\"cart-loading\"><i class=\"awb-icon-spinner\" aria-hidden=\"true\"><\/i><\/div>\n\t\t\t<\/div>\n<\/a>\n<div class=\"fusion-product-content\">\n\t<div class=\"product-details\">\n\t\t<div class=\"product-details-container\">\n<h3 class=\"product-title\">\n\t<a href=\"https:\/\/simicur.com\/de\/shop\/homoopathische-arzneimittel\/tranquicur\/\">\n\t\tTranquicur\t<\/a>\n<\/h3>\n<div class=\"fusion-price-rating\">\n\t<div itemprop=\"description\" style=\"font-size: 80%; height:150px;\">\r\n\t\t<p><b>Anwendung:<\/b> Angst (Feuerwerk, Gewitter), Nervosit\u00e4t, guckiges Benehmen, R\u00fcdenverhalten, spritzende Kater.<\/p>\n\t<\/div>\r\n\t\n\t<span class=\"price\"><span class=\"woocommerce-Price-amount amount\"><bdi><span class=\"woocommerce-Price-currencySymbol\">&euro;<\/span>27.99<\/bdi><\/span><\/span>\n\t\t<\/div>\n\t<\/div>\n<\/div>\n\n\n\t<div class=\"product-buttons\">\n\t\t<div class=\"fusion-content-sep sep-double sep-solid\"><\/div>\n\t\t<div class=\"product-buttons-container clearfix\">\n<a href=\"\/de\/wp-json\/wp\/v2\/pages\/1566?add-to-cart=1435\" aria-describedby=\"woocommerce_loop_add_to_cart_link_describedby_1435\" data-quantity=\"1\" class=\"button product_type_simple add_to_cart_button ajax_add_to_cart\" data-product_id=\"1435\" data-product_sku=\"\" aria-label=\"In den Warenkorb legen: \u201eTranquicur\u201c\" rel=\"nofollow\">In den Warenkorb<\/a>\t<span id=\"woocommerce_loop_add_to_cart_link_describedby_1435\" class=\"screen-reader-text\">\n\t\t\t<\/span>\n\n<a href=\"https:\/\/simicur.com\/de\/shop\/homoopathische-arzneimittel\/tranquicur\/\" class=\"show_details_button\">\n\tDetails<\/a>\n\n\n\t<\/div>\n\t<\/div>\n\n\t<\/div> <\/div>\n<\/li>\n\n\t\t\t\n\t\t\t\t\t<li class=\"product type-product post-1437 status-publish last instock product_cat-homoopathische-arzneimittel has-post-thumbnail taxable shipping-taxable purchasable product-type-simple product-grid-view\">\n\t<div class=\"fusion-product-wrapper\">\n<a href=\"https:\/\/simicur.com\/de\/shop\/homoopathische-arzneimittel\/stopcur\/\" class=\"product-images\" aria-label=\"Stopcur\">\n\n<div class=\"featured-image\">\n\t\t<img decoding=\"async\" width=\"500\" height=\"625\" src=\"https:\/\/simicur.com\/wp-content\/uploads\/2020\/01\/16_simicur_stopcur-500x625.jpg\" class=\"attachment-woocommerce_thumbnail size-woocommerce_thumbnail wp-post-image\" alt=\"\" srcset=\"https:\/\/simicur.com\/wp-content\/uploads\/2020\/01\/16_simicur_stopcur-200x250.jpg 200w, https:\/\/simicur.com\/wp-content\/uploads\/2020\/01\/16_simicur_stopcur-240x300.jpg 240w, https:\/\/simicur.com\/wp-content\/uploads\/2020\/01\/16_simicur_stopcur-400x500.jpg 400w, https:\/\/simicur.com\/wp-content\/uploads\/2020\/01\/16_simicur_stopcur-500x625.jpg 500w, https:\/\/simicur.com\/wp-content\/uploads\/2020\/01\/16_simicur_stopcur-600x750.jpg 600w, https:\/\/simicur.com\/wp-content\/uploads\/2020\/01\/16_simicur_stopcur.jpg 640w\" sizes=\"(max-width: 500px) 100vw, 500px\" \/>\n\t\t\t\t\t\t<div class=\"cart-loading\"><i class=\"awb-icon-spinner\" aria-hidden=\"true\"><\/i><\/div>\n\t\t\t<\/div>\n<\/a>\n<div class=\"fusion-product-content\">\n\t<div class=\"product-details\">\n\t\t<div class=\"product-details-container\">\n<h3 class=\"product-title\">\n\t<a href=\"https:\/\/simicur.com\/de\/shop\/homoopathische-arzneimittel\/stopcur\/\">\n\t\tStopcur\t<\/a>\n<\/h3>\n<div class=\"fusion-price-rating\">\n\t<div itemprop=\"description\" style=\"font-size: 80%; height:150px;\">\r\n\t\t<p><b>Anwendung:<\/b> Durchfall, Darmentz\u00fcndung (Dickdarmentz\u00fcndung und Blinddarmentz\u00fcndung), Kolik, Nervosit\u00e4t.<\/p>\n\t<\/div>\r\n\t\n\t<span class=\"price\"><span class=\"woocommerce-Price-amount amount\"><bdi><span class=\"woocommerce-Price-currencySymbol\">&euro;<\/span>27.99<\/bdi><\/span><\/span>\n\t\t<\/div>\n\t<\/div>\n<\/div>\n\n\n\t<div class=\"product-buttons\">\n\t\t<div class=\"fusion-content-sep sep-double sep-solid\"><\/div>\n\t\t<div class=\"product-buttons-container clearfix\">\n<a href=\"\/de\/wp-json\/wp\/v2\/pages\/1566?add-to-cart=1437\" aria-describedby=\"woocommerce_loop_add_to_cart_link_describedby_1437\" data-quantity=\"1\" class=\"button product_type_simple add_to_cart_button ajax_add_to_cart\" data-product_id=\"1437\" data-product_sku=\"\" aria-label=\"In den Warenkorb legen: \u201eStopcur\u201c\" rel=\"nofollow\">In den Warenkorb<\/a>\t<span id=\"woocommerce_loop_add_to_cart_link_describedby_1437\" class=\"screen-reader-text\">\n\t\t\t<\/span>\n\n<a href=\"https:\/\/simicur.com\/de\/shop\/homoopathische-arzneimittel\/stopcur\/\" class=\"show_details_button\">\n\tDetails<\/a>\n\n\n\t<\/div>\n\t<\/div>\n\n\t<\/div> <\/div>\n<\/li>\n\n\t\t\t\n\t\t<\/ul>\n\n\t<\/section>\n\t<\/div>\n\n\t\t\t<\/div>\n\t\t\t<\/div>\n","protected":false},"excerpt":{"rendered":"","protected":false},"author":1,"featured_media":0,"parent":1056,"menu_order":0,"comment_status":"closed","ping_status":"closed","template":"","meta":{"footnotes":""},"class_list":["post-1566","page","type-page","status-publish","hentry"],"_links":{"self":[{"href":"https:\/\/simicur.com\/de\/wp-json\/wp\/v2\/pages\/1566","targetHints":{"allow":["GET"]}}],"collection":[{"href":"https:\/\/simicur.com\/de\/wp-json\/wp\/v2\/pages"}],"about":[{"href":"https:\/\/simicur.com\/de\/wp-json\/wp\/v2\/types\/page"}],"author":[{"embeddable":true,"href":"https:\/\/simicur.com\/de\/wp-json\/wp\/v2\/users\/1"}],"replies":[{"embeddable":true,"href":"https:\/\/simicur.com\/de\/wp-json\/wp\/v2\/comments?post=1566"}],"version-history":[{"count":2,"href":"https:\/\/simicur.com\/de\/wp-json\/wp\/v2\/pages\/1566\/revisions"}],"predecessor-version":[{"id":1579,"href":"https:\/\/simicur.com\/de\/wp-json\/wp\/v2\/pages\/1566\/revisions\/1579"}],"up":[{"embeddable":true,"href":"https:\/\/simicur.com\/de\/wp-json\/wp\/v2\/pages\/1056"}],"wp:attachment":[{"href":"https:\/\/simicur.com\/de\/wp-json\/wp\/v2\/media?parent=1566"}],"curies":[{"name":"wp","href":"https:\/\/api.w.org\/{rel}","templated":true}]}}